{"id":30164,"date":"2024-10-31T14:06:48","date_gmt":"2024-10-31T13:06:48","guid":{"rendered":"https:\/\/testshop.igel.wovodo.de\/product\/regenfass-mit-pflanzschale-amphore-maja-500l-beige-gelb\/"},"modified":"2025-01-27T12:28:59","modified_gmt":"2025-01-27T11:28:59","slug":"regenfass-mit-pflanzschale-amphore-maja-500l-beige-gelb","status":"publish","type":"product","link":"https:\/\/testshop.igel.wovodo.de\/ru\/product\/regenfass-mit-pflanzschale-amphore-maja-500l-beige-gelb\/","title":{"rendered":"Regenfass mit Pflanzschale Amphore Maja 500l beige-gelb"},"content":{"rendered":"<div class=\"sale_description\">\n<p>Das wundersch&ouml;ne Regenfass &#8220;Amphore Maja&#8221; verleiht ihrem Garten mediterranes Flair. Die Farbe terrakotta passt sehr gut zu modernen Fassadenanstrichen in warmen T\u00f6nen. Die intergrierte Pflanzschale bietet Raum f\u00fcr eine individuelle Gestaltung der Regentonne. Das Fassungsverm&ouml;gen der Regenwassertonne in terrakotta betr&auml;gt 300 Liter.<\/p>\n<h3>Material und Herstellung<\/h3>\n<p>Die Regentonnen werden aus Polyethylen (PE-Kunststoff) hergestellt. Das innovative Herstellungsverfahren der <b>Rotations-Inter-Technik<\/b> und das Herstellungsmaterial macht unsere Regenwasserf&auml;sser zu echten <b>LONG-LIFE-Regentonnen<\/b>. Bei der Rotations-Inter-Fertigungstechnik wird jedes Regenfass <b>in einem St&uuml;ck hergestellt \u2013 ohne Schweissn&auml;hte<\/b>. <\/p>\n<p>Das Herstellungsverfahren und die Materialauswahl verleihen unseren Regentonnen eine Top-Qualit&auml;t und viele gute Eigenschaften: Die Regentonnen sind <b>frostfest, dauerelastisch, bruch- und schlagfest, UV- und witterungsbest&auml;ndig sowie dauerhaft dicht, stabil und langlebig.<\/b> <\/p>\n<p\/>\n<p>Dezent angeformte flache Stellen sind f&uuml;r Wasserzulauf und -ablauf vorgesehen. Im Bedarfsfall k&ouml;nnen diese bauseitig aufgebohrt werden. Ein 3\/4&#8243;-Anschluss f&uuml;r einen Wasserhahn befindet sich ca. 40 cm &uuml;ber dem Boden der Regenwassertonne, ein weiterer Anschluss 1,9 cm (3\/4 Zoll) befindet sich 5cm \u00fcber dem Boden des Regenwasserbeh&auml;lters. &#8211; Einmal richtig installiert und angeschlossen &#8211; und Sie haben sehr, sehr lange Freude an dem 300-Liter Regenfass &#8220;Amphore Maja&#8221;! Kein Billigm&uuml;ll, der nach 2-3 Jahren auf dem Bauhof landet und die M&uuml;llhalden f&uuml;llt. Diese Regentonnen sind nicht billig, aber in jedem Fall das Geld wert!<\/p>\n<p>Jede Regentonne ist ein &#8220;Unikat!&#8221; Sie werden viel Spass und Freude an diesem Produkt haben!<\/p>\n<h3>Integrierte Pflanzschale&nbsp;&amp; F&uuml;llstandanzeige<\/h3>\n<p>Zum Zubeh&ouml;r der Regentonne geh&ouml;ren ein passender Deckel sowie ein Auslaufhahn aus PE-Kunststoff in schwarz. Der Deckel der hochwertigen Regentonne ist mit einer <b>integrierten Pflanzschale<\/b> ausgestattet. Mit der intergrierten Pflanzschale k&ouml;nnen Sie die in zwei Farben&nbsp;(terra-kotta, beige-gelb) und zwei Gr&ouml;&szlig;en (300l, 500l) erh&auml;ltliche Regentonne individuell gestalten. Der Auslaufhahn f&uuml;r Regentonnen hat einen 3\/4-Zoll-Anschluss. Er kann optimal an den dezent vorgeformten Stellen am Regenfass f&uuml;r den Wasser-Zu- und Ablauf angebracht werden. Zur hochwertigen Regentonne erhalten Sie au&szlig;erdem einen <strong>F&uuml;llstandschlauch inklusive Befestigungsmaterial<\/strong>. Dank der F\u00fcllstandanzeige kann man auf einen Blick sehen, wieviel Wasser sich noch in der Regentonne befindet, ohne die Regentonne &ouml;ffnen zu m&uuml;ssen. Die Wasserentnahme geschieht \u00fcber den Auslaufhahn.<\/p>\n<div class=\"inhalt\">\n<h3>Unsere Produkt-Empfehlungen:<\/h3>\n<p>Zu den Regentonnen empfehlen wir, stets das passende Anschluss-Zubeh&ouml;r mitzubestellen:<br \/>&#8211; Entweder den <strong>Filter T33<\/strong> (Lieferung inkl. allem Zubeh&ouml;r, damit das Wasser in die Regentonne kommt) oder als <br \/>&#8211; <strong>Bef&uuml;ll- und Entnahmeset<\/strong> (Lieferung inkl. Filter T33 und allem Zubeh&ouml;r, wie oben sowie dem Entnahmeset, mit dem Sie das Wasser aus der Tonne restlos entnehmen k&ouml;nnen).<br \/><strong>Der Filter T33 bef&uuml;llt Ihre Regentonne automatisch mit sauberem Wasser, auch wenn Sie nicht zu Hause sind!<br \/><\/strong>Der Regenfilter T33 wird in das Fallrohr der Regenrinne eingebaut. Dort filtert er Bl&auml;tter, Insekten, Sandk&ouml;rner und andere Partikel aus dem Regenwasser. So wird die Regentonne stets mit sauberem Wasser randvoll bef&uuml;llt, ohne &uuml;berzulaufen.<br \/>Der Filter ist mit einer <strong>&#8220;F&uuml;ll-Stopp-Automatik&#8221;<\/strong> ausgestattet. In der entsprechenden H&ouml;he in das Fallrohr eingebaut (Montageanleitung beachten) sorgt der Filter automatisch daf&uuml;r, dass die Regentonne nicht &uuml;berl&auml;uft. Dadurch werden teuere Wassersch&auml;den an Haus und Kellerwand zuverl&auml;ssig vermieden. <\/p>\n<p \/>\n<p>Der Wirkungsgrad ist, im Vergleich zu anderen Filtern, mit &uuml;ber 90%, sehr hoch. Ausserdem verf&uuml;gt der Filter &uuml;ber sehr gute Selbstreinigungs-Eigenschaften. Somit wird Ihr Wartungsaufwand auf ein Minimum reduziert. Dabei sp&uuml;lt ein sehr geringer Teil des Regenwassers den Schmutz von der Siebfl&auml;che in den Kanal, so dass der grsste Wasseranteil gereinigt in die Regentonne fliessen kann.<\/p>\n<p>Um das Gesamtvolumen des Regenwasserbeh&auml;lters zu erh&ouml;hen k&ouml;nnen Sie mehrere Regentonnen mit dem <b>Verbindungs-Set<\/b> verbinden, das Sie zus&auml;tzlich bei uns erwerben k&ouml;nnen.<\/p>\n<p><b> \u041f\u0440\u0438\u043c\u0435\u0447\u0430\u043d\u0438\u0435: <\/b> Leider kommen beim Transport und Handling von Tanks sowie Regentonnen leichte Kratzer sowie Scheuerstellen vor. Diese sind unvermeidbar. Sie stellen kein Reklamationsgrund dar und berechtigen nicht zu Abz\u00fcgen oder Rechnungstminderung. * Bitte pr\u00fcfen Sie die Sendung sofort! Ein von au\u00dfen erkennbarer Schaden wird von der Versicherung nicht mehr anerkannt, wenn Sie den Empfang der unbesch\u00e4digten Sendung durch Unterschrift best\u00e4tigen. Also: wenn die Sendung bei der \u00dcbergabe von au\u00dfen schon besch\u00e4digt ist, bitte das vom \u00dcberbringer schriftlich best\u00e4tigen lassen. Schreiben Sie den Namen und ggf. Kfz-Kennzeichen des \u00dcberbringers auf und teilen uns das SOFORT schriftlich mit. * Melden Sie sich bitte bei von au\u00dfen nicht erkennbaren Sch\u00e4den unverz\u00fcglich (innerhalb von 5 Werktagen) mit Hilfe des Service-Bogens bei uns!<\/p>\n<p style=\"font-size:11px;\"><b>\u042e\u0440\u0438\u0434\u0438\u0447\u0435\u0441\u043a\u043e\u0435 \u0443\u0432\u0435\u0434\u043e\u043c\u043b\u0435\u043d\u0438\u0435:<\/b> \u041d\u0430\u0448\u0438 \u0438\u0437\u0434\u0435\u043b\u0438\u044f \u043e\u043a\u0440\u0430\u0448\u0438\u0432\u0430\u044e\u0442\u0441\u044f \u0432\u0440\u0443\u0447\u043d\u0443\u044e, \u043f\u043e\u044d\u0442\u043e\u043c\u0443 \u043d\u0435\u0432\u043e\u0437\u043c\u043e\u0436\u043d\u043e \u0438\u0437\u0431\u0435\u0436\u0430\u0442\u044c \u043e\u0442\u043a\u043b\u043e\u043d\u0435\u043d\u0438\u0439 \u0432 \u0446\u0432\u0435\u0442\u0435. \u041a\u0440\u043e\u043c\u0435 \u0442\u043e\u0433\u043e, \u0438\u0437-\u0437\u0430 \u0443\u0441\u043b\u043e\u0432\u0438\u0439 \u043e\u0441\u0432\u0435\u0449\u0435\u043d\u0438\u044f \u043f\u0440\u0438 \u0441\u044a\u0435\u043c\u043a\u0435 \u0442\u043e\u0432\u0430\u0440\u0430 \u0438 \u0440\u0430\u0437\u043b\u0438\u0447\u043d\u044b\u0445 \u043d\u0430\u0441\u0442\u0440\u043e\u0435\u043a \u044d\u043a\u0440\u0430\u043d\u0430 \u0446\u0432\u0435\u0442 \u0442\u043e\u0432\u0430\u0440\u0430 \u043c\u043e\u0436\u0435\u0442 \u0431\u044b\u0442\u044c \u0432\u043e\u0441\u043f\u0440\u043e\u0438\u0437\u0432\u0435\u0434\u0435\u043d \u043d\u0435\u0442\u043e\u0447\u043d\u043e, \u043f\u043e\u044d\u0442\u043e\u043c\u0443 \u044d\u0442\u043e \u043d\u0435 \u044f\u0432\u043b\u044f\u0435\u0442\u0441\u044f \u043f\u0440\u0438\u0447\u0438\u043d\u043e\u0439 \u0434\u043b\u044f \u043f\u0440\u0435\u0442\u0435\u043d\u0437\u0438\u0439.<\/p>\n<\/div>","protected":false},"excerpt":{"rendered":"<p>Regenfass f\u00fcr mediterranes Flair in Ihrem Garten!<br \/>\n  mit Pflanzschale, Auslaufhahn &amp; F\u00fcllstandanzeige<\/p>\n<p>Speichervolumen: 500L<br \/>\nH\u00f6he: 146cm<br \/>\n  Farbe: beige-gelb<\/p>\n<p><b>Integrierte Pflanzschale im Deckel!<\/b><\/p>","protected":false},"featured_media":31979,"comment_status":"open","ping_status":"closed","template":"","meta":[],"product_brand":[],"product_cat":[382,383],"product_tag":[],"class_list":{"0":"post-30164","1":"product","2":"type-product","3":"status-publish","4":"has-post-thumbnail","6":"product_cat-regentonne-amphore-maja","7":"product_cat-maja","9":"first","10":"instock","11":"taxable","12":"shipping-taxable","13":"purchasable","14":"product-type-simple"},"_links":{"self":[{"href":"https:\/\/testshop.igel.wovodo.de\/ru\/wp-json\/wp\/v2\/product\/30164","targetHints":{"allow":["GET"]}}],"collection":[{"href":"https:\/\/testshop.igel.wovodo.de\/ru\/wp-json\/wp\/v2\/product"}],"about":[{"href":"https:\/\/testshop.igel.wovodo.de\/ru\/wp-json\/wp\/v2\/types\/product"}],"replies":[{"embeddable":true,"href":"https:\/\/testshop.igel.wovodo.de\/ru\/wp-json\/wp\/v2\/comments?post=30164"}],"version-history":[{"count":1,"href":"https:\/\/testshop.igel.wovodo.de\/ru\/wp-json\/wp\/v2\/product\/30164\/revisions"}],"predecessor-version":[{"id":34782,"href":"https:\/\/testshop.igel.wovodo.de\/ru\/wp-json\/wp\/v2\/product\/30164\/revisions\/34782"}],"wp:featuredmedia":[{"embeddable":true,"href":"https:\/\/testshop.igel.wovodo.de\/ru\/wp-json\/wp\/v2\/media\/31979"}],"wp:attachment":[{"href":"https:\/\/testshop.igel.wovodo.de\/ru\/wp-json\/wp\/v2\/media?parent=30164"}],"wp:term":[{"taxonomy":"product_brand","embeddable":true,"href":"https:\/\/testshop.igel.wovodo.de\/ru\/wp-json\/wp\/v2\/product_brand?post=30164"},{"taxonomy":"product_cat","embeddable":true,"href":"https:\/\/testshop.igel.wovodo.de\/ru\/wp-json\/wp\/v2\/product_cat?post=30164"},{"taxonomy":"product_tag","embeddable":true,"href":"https:\/\/testshop.igel.wovodo.de\/ru\/wp-json\/wp\/v2\/product_tag?post=30164"}],"curies":[{"name":"wp","href":"https:\/\/api.w.org\/{rel}","templated":true}]}}