{"id":30176,"date":"2024-10-31T14:06:53","date_gmt":"2024-10-31T13:06:53","guid":{"rendered":"https:\/\/testshop.igel.wovodo.de\/product\/profi-airbrush-carry-iv-tc-weiss-und-fancy-tattoo-airbrush-set\/"},"modified":"2025-01-27T12:29:03","modified_gmt":"2025-01-27T11:29:03","slug":"profi-airbrush-carry-iv-tc-weiss-und-fancy-tattoo-airbrush-set","status":"publish","type":"product","link":"https:\/\/testshop.igel.wovodo.de\/ru\/product\/profi-airbrush-carry-iv-tc-weiss-und-fancy-tattoo-airbrush-set\/","title":{"rendered":"Profi-AirBrush Carry IV-TC wei\u00df und Fancy Tattoo Airbrush Set"},"content":{"rendered":"<div class=\"sale_application\">\n<b><\/p>\n<p>\u0418\u0434\u0435\u0430\u043b\u044c\u043d\u043e \u043f\u043e\u0434\u0445\u043e\u0434\u0438\u0442 \u0434\u043b\u044f \u043a\u043e\u0441\u043c\u0435\u0442\u0438\u043a\u0438 \u0438 \u043a\u0440\u0430\u0441\u043e\u0442\u044b (\u0430\u044d\u0440\u043e\u0433\u0440\u0430\u0444\u0438\u044f \u0434\u043b\u044f \u043d\u043e\u0433\u0442\u0435\u0439, \u043c\u0430\u043a\u0438\u044f\u0436, \u043e\u043a\u0440\u0430\u0448\u0438\u0432\u0430\u043d\u0438\u0435 \u0432\u043e\u043b\u043e\u0441, \u0443\u0445\u043e\u0434 \u0437\u0430 \u0432\u043e\u043b\u043e\u0441\u0430\u043c\u0438, \u0430\u044d\u0440\u043e\u0437\u043e\u043b\u044c\u043d\u044b\u0439 \u0437\u0430\u0433\u0430\u0440), \u0431\u043e\u0434\u0438-\u0430\u0440\u0442\u0430 (\u0440\u043e\u0441\u043f\u0438\u0441\u044c \u043f\u043e \u0442\u0435\u043b\u0443, \u0442\u0430\u0442\u0443\u0438\u0440\u043e\u0432\u043a\u0438, \u0434\u0438\u0437\u0430\u0439\u043d \u043c\u0430\u0441\u043e\u043a), \u0445\u043e\u0431\u0431\u0438 (\u0446\u0432\u0435\u0442\u044b\/ \u0446\u0432\u0435\u0442\u043e\u0447\u043d\u044b\u0435 \u043a\u043e\u043c\u043f\u043e\u0437\u0438\u0446\u0438\u0438, \u0438\u0437\u0433\u043e\u0442\u043e\u0432\u043b\u0435\u043d\u0438\u0435 \u043c\u043e\u0434\u0435\u043b\u0435\u0439, \u043a\u0435\u0440\u0430\u043c\u0438\u043a\u0430\/ \u0433\u043e\u043d\u0447\u0430\u0440\u043d\u043e\u0435 \u0434\u0435\u043b\u043e, \u0442\u0435\u043a\u0441\u0442\u0438\u043b\u044c), \u043d\u0435\u0431\u043e\u043b\u044c\u0448\u0438\u0445 \u0430\u0432\u0442\u043e\u043c\u043e\u0431\u0438\u043b\u044c\u043d\u044b\u0445 \u0434\u0438\u0437\u0430\u0439\u043d\u043e\u0432 (\u043a\u0440\u044b\u0448\u043a\u0438 \u0431\u0435\u043d\u0437\u043e\u0431\u0430\u043a\u043e\u0432\/ \u0448\u043b\u0435\u043c\u044b), \u0442\u0435\u0445\u043d\u0438\u0447\u0435\u0441\u043a\u0438\u0445 \u0438\u043b\u043b\u044e\u0441\u0442\u0440\u0430\u0446\u0438\u0439\/ \u0444\u043e\u0442\u043e\u0440\u0435\u0442\u0443\u0448\u0438 \u0438 \u0443\u043a\u0440\u0430\u0448\u0435\u043d\u0438\u044f \u0435\u0434\u044b (\u0442\u043e\u0440\u0442\u044b\/ \u043a\u0435\u043a\u0441\u044b). \u0412\u043e\u0437\u043c\u043e\u0436\u043d\u043e\u0441\u0442\u0438 \u0430\u044d\u0440\u043e\u0433\u0440\u0430\u0444\u0438\u0438 \u043f\u0440\u0430\u043a\u0442\u0438\u0447\u0435\u0441\u043a\u0438 \u0431\u0435\u0437\u0433\u0440\u0430\u043d\u0438\u0447\u043d\u044b.<\/p>\n<p><\/b> <\/div>\n<div class=\"sale_description\">\n<p>Der \u00f6l- und wartungsfreie <b>Mini-Airbrush-Kompressor Carry IV-TC <\/b>ist mit einer innovativen <b>Sensor-Touch-Control-Technologie<\/b> \u0438 <b>5 Power-Stufen<\/b> ausgestattet. Carry IV ist f\u00fcr alle Arbeiten mit handels\u00fcblichen Airbrush Farben geeignet. Mit nur 47dB erm\u00f6glicht der Mini-Kompressor angenehmes Arbeiten auch in kleineren, geschlossenen R\u00e4umen (bitte f\u00fcr eine Farbnebelabsaugung sorgen). Sein kompaktes Design, geringes Gewicht und die mitgelieferte Universal-Airbrush-Pistole erleichtern den mobilen Einsatz. Dieser kompakte Kompressor ist perfekt geeignet, um kleinere Arbeiten unterwegs zu erledigen. M\u00f6gliche Anwendungsgebiete neben Nail-Art: Kosmetik &amp; Beauty (Makeup, Haart\u00f6nung, Haarpflege, Spray Tanning), K\u00f6rper-Kunst (Body-Painting, Tattoo, Maskengestaltung), Hobby (Blumen\/ Gestecke, Modellbau, Keramik\/ Tonwaren, Textilien), kleinere Kfz-Designs (Tankdeckel\/ Helme), technische Illustrationen\/ Fotonachbesserungen und die Dekoration von Lebensmitteln (Torten\/ Cupcakes). Es stehen Ihnen praktisch unbegrenzte M\u00f6glichkeiten f\u00fcr Airbrushing zur Verf\u00fcgung.<\/p>\n<p>Die Airbrush-Pistole <b>&#8220;Single-Action-Gun 208 D 0,4&#8221;<\/b> ist ein Zweistoff-Zerst\u00e4uber, der nach dem Prinzip einer Strahlpumpe arbeitet, wobei Druckluft als Treibmittel verwendet wird. In Abh\u00e4ngigkeit von der St\u00e4rke des Luftstroms und der Menge der Farbe, kann man mit einer Airbushpistole feinste Linien aber auch gro\u00dfe Fl\u00e4chen malen. Man kann Farbe deckend aufspr\u00fchen aber auch einen transparenten Farbfilm airbrushen.<\/p>\n<p>Mit dem &#8220;4er Set Airbrush Universalfarben&#8221; erhalten Sie 4 Airbrush-Grundfarben f\u00fcr die Erstellung von z.B. professionellen Airbrush-Tattoos &#8211; lassen Sie Ihrer Kreativit\u00e4t freien Lauf!<\/p>\n<p>Vor dem Einsatz von selbst angemischten Farben in Airbrush-Pistolen bitte pr\u00fcfen, ob die Farben miteinader mischbar sind. Sind unerw\u00fcnschte Reaktionen (z.B Verklumpung) feststellbar, ist vom Einsatz in Airbrush abzusehen.<\/p>\n<p>\n<b>Anmerkung zur Produkthaltbarkeit:<\/b> Die Angabe eines Mindesthaltbarkeitsdatums ist gesetzlich vorgeschrieben. Die Haltbarkeit unserer Airbrush-Farben betr\u00e4gt mindestens zehn Jahre. Wir versichern Ihnen, dass die Verwendung der Farben &#8211; auch nach Ablauf des Mindesthaltbarkeitsdatums &#8211; f\u00fcr den jeweils empfohlenen Einsatzzweck noch jahrelang v\u00f6llig unbedenklich ist. Die \u00e4lteste bei uns f\u00fcr Testzwecke zur Haltbarkeit aufbewahrte und vollkommen intakte Farbe ist etwa 5Jahre alt.<\/p>\n<p>Mit dem &#8220;Airbrush Tattoo Schablonen 6er Set&#8221; erhalten Sie 6Stck. selbstklebende Schablonen (je Schablone ein Motiv) mit trendigen Tattoo-Motiv-Vorlagen (Stern, Sonne, Rose, Drache, Herzen, Schmetterling) f\u00fcr die Erstellung von professionellen Airbrush-Tattoos &#8211; lassen Sie Ihrer Kreativit\u00e4t freien Lauf!<\/p>\n<\/div>\n<h3>\u041c\u043d\u043e\u0433\u043e \u0432\u0435\u0441\u043a\u0438\u0445 \u043f\u0440\u0438\u0447\u0438\u043d, \u043f\u043e \u043a\u043e\u0442\u043e\u0440\u044b\u043c \u0432\u044b \u0434\u043e\u043b\u0436\u043d\u044b \u043a\u0443\u043f\u0438\u0442\u044c \u044d\u0442\u043e\u0442 \u043f\u0440\u043e\u0434\u0443\u043a\u0442:<\/h3>\n<div class=\"sale_motive\">\n<ul>\n<li><strong>vielf\u00e4ltige Einsatzgebiete mit Standard-Anforderungen<\/strong><\/li>\n<li><strong>innovative Sensor-Touch-Control-Technologie<\/strong><\/li>\n<li><strong>in 5 Power-Stufen leicht regelbare Kompressorleistung<\/strong><\/li>\n<li>\u0418\u0434\u0435\u0430\u043b\u044c\u043d\u043e \u043f\u043e\u0434\u0445\u043e\u0434\u0438\u0442 \u0434\u043b\u044f \u043c\u043e\u0431\u0438\u043b\u044c\u043d\u043e\u0433\u043e \u0438\u0441\u043f\u043e\u043b\u044c\u0437\u043e\u0432\u0430\u043d\u0438\u044f<\/li>\n<li>\u0422\u0440\u0430\u043d\u0441\u043f\u043e\u0440\u0442\u0438\u0440\u043e\u0432\u043a\u0430 \u0438 \u0431\u044b\u0441\u0442\u0440\u0430\u044f \u0433\u043e\u0442\u043e\u0432\u043d\u043e\u0441\u0442\u044c \u043a \u0438\u0441\u043f\u043e\u043b\u044c\u0437\u043e\u0432\u0430\u043d\u0438\u044e<\/li>\n<li>Single-Action Trigger Air-Paint-Control-Pistole<\/li>\n<li>\u00d6l- und wartungsfreier Kompressor<\/li>\n<li>Kompressor-Anschluss: T\u00fclle f\u00fcr Standardschlauch (passend f\u00fcr alle g\u00e4ngigen Airbrushpistolen)<\/li>\n<li><strong>fl\u00fcsterleiser Betrieb ca. 47dB <\/strong>(Zum Vergleich: ein normales Gespr\u00e4ch in 1m Abstand = 60dB)<\/li>\n<\/ul>\n<ul>\n<li>einfach und sicher in der Anwendung<\/li>\n<li><strong>ergiebige, leuchtstarke Farben<\/strong><\/li>\n<li>auch f\u00fcr Einsteiger geeignet, dank der mitgelieferten Schablonen<\/li>\n<li>Airbrush-Tattoofarbe auf Alkoholbasis<\/li>\n<\/ul>\n<ul>\n<li>einfach in der Anwendung<\/li>\n<li><strong>trendige Motive &#8211; auch f\u00fcr Einsteiger<\/strong><\/li>\n<\/ul>\n<\/div>","protected":false},"excerpt":{"rendered":"<p>mini Airbrush Kompressor Set, ideal f\u00fcr Makeup, Kosmetik, Body-Painting, Body Art, Spray Tanning!<\/p>","protected":false},"featured_media":36786,"comment_status":"open","ping_status":"closed","template":"","meta":[],"product_brand":[],"product_cat":[213],"product_tag":[],"class_list":{"0":"post-30176","1":"product","2":"type-product","3":"status-publish","4":"has-post-thumbnail","6":"product_cat-airbrush-sets-mit-farben","8":"first","9":"instock","10":"taxable","11":"shipping-taxable","12":"purchasable","13":"product-type-simple"},"_links":{"self":[{"href":"https:\/\/testshop.igel.wovodo.de\/ru\/wp-json\/wp\/v2\/product\/30176","targetHints":{"allow":["GET"]}}],"collection":[{"href":"https:\/\/testshop.igel.wovodo.de\/ru\/wp-json\/wp\/v2\/product"}],"about":[{"href":"https:\/\/testshop.igel.wovodo.de\/ru\/wp-json\/wp\/v2\/types\/product"}],"replies":[{"embeddable":true,"href":"https:\/\/testshop.igel.wovodo.de\/ru\/wp-json\/wp\/v2\/comments?post=30176"}],"version-history":[{"count":1,"href":"https:\/\/testshop.igel.wovodo.de\/ru\/wp-json\/wp\/v2\/product\/30176\/revisions"}],"predecessor-version":[{"id":34794,"href":"https:\/\/testshop.igel.wovodo.de\/ru\/wp-json\/wp\/v2\/product\/30176\/revisions\/34794"}],"wp:featuredmedia":[{"embeddable":true,"href":"https:\/\/testshop.igel.wovodo.de\/ru\/wp-json\/wp\/v2\/media\/36786"}],"wp:attachment":[{"href":"https:\/\/testshop.igel.wovodo.de\/ru\/wp-json\/wp\/v2\/media?parent=30176"}],"wp:term":[{"taxonomy":"product_brand","embeddable":true,"href":"https:\/\/testshop.igel.wovodo.de\/ru\/wp-json\/wp\/v2\/product_brand?post=30176"},{"taxonomy":"product_cat","embeddable":true,"href":"https:\/\/testshop.igel.wovodo.de\/ru\/wp-json\/wp\/v2\/product_cat?post=30176"},{"taxonomy":"product_tag","embeddable":true,"href":"https:\/\/testshop.igel.wovodo.de\/ru\/wp-json\/wp\/v2\/product_tag?post=30176"}],"curies":[{"name":"wp","href":"https:\/\/api.w.org\/{rel}","templated":true}]}}