{"id":30194,"date":"2024-10-31T14:07:05","date_gmt":"2024-10-31T13:07:05","guid":{"rendered":"https:\/\/testshop.igel.wovodo.de\/product\/easy-diesel-tank-station-mit-pumpe-zapf-pistole-und-druckschlauch-trommel\/"},"modified":"2025-01-27T12:28:36","modified_gmt":"2025-01-27T11:28:36","slug":"easy-diesel-tank-station-mit-pumpe-zapf-pistole-und-druckschlauch-trommel","status":"publish","type":"product","link":"https:\/\/testshop.igel.wovodo.de\/ru\/product\/easy-diesel-tank-station-mit-pumpe-zapf-pistole-und-druckschlauch-trommel\/","title":{"rendered":"Easy Diesel Tank Station mit Pumpe, Zapf-Pistole und Druckschlauch-Trommel"},"content":{"rendered":"<div class=\"sale_application\">\n<ul>\n<li>Bef\u00fcllen, Umpumpen, Umf\u00fcllen, Entleeren von Diesel- und Heiz\u00f6ltanks<\/li>\n<\/ul>\n<\/div>\n<div class=\"sale_description\">\n<p>EASY Diesel Tank Station &#8211; elektrische 230-Volt Diesel-Pumpe mit Druckschlauch-Trommel, Automatik-Zapf-Pistole und <b>R\u00fcckschlagventil mit Vorfilter<\/b>. Die saugstarke Diesel-Tank-Station kann einfach und \u00fcberall mobil eingesetzt werden. So macht das Umtanken Spa\u00df und bleibt eine saubere Sache! Die Pumpe ist betriebsfertig mit der Schlauchtrommel verbunden. Der Filterkorb, der Vorfilter und die Zapfpistole werden mit dem mitgelieferten Zubeh\u00f6r sicher miteinander angeschlossen, so dass eine komplette Diesel-Zapfstelle entsteht.<\/p>\n<div class=\"embed-responsive embed-responsive-16by9\">\n<p><iframe width=\"560\" height=\"315\" src=\"https:\/\/www.youtube-nocookie.com\/embed\/PBUbIzZdgUw?si=5xaQOhuR-GiAzeWt&#038;rel=0\" title=\"YouTube video player\" frameborder=\"0\" allow=\"accelerometer; autoplay; clipboard-write; encrypted-media; gyroscope; picture-in-picture; web-share\" allowfullscreen=\"\"><\/iframe><\/div>\n<p>Die 230 Volt Diesel-Pumpe ist <b>selbstansaugend<\/b> nach erster Bef\u00fcllung\/Entl\u00fcftung. Die maximale F\u00f6rderleistung betr\u00e4gt 2700 l\/h, die maximale F\u00f6rderh\u00f6he 10m.<br \/>\n<b>Bitte beachten:<\/b> Die F\u00f6rderleistung nimmt bei steigender F\u00f6rderh\u00f6he entsprechend ab.<\/p>\n<p>Alle Pumpen sind EINZELST\u00dcCK-gepr\u00fcft auf Ihre Funktion. Daher k\u00f6nnen Reste der Pr\u00fcffl\u00fcssigkeit in der Pumpe \/ Verpackung vorhanden sein.<\/p>\n<p>Hinweis: Die Pumpen und die Saugleitung sind bei der Inbetriebnahme blasenfrei mit dem genutzten Medium zu bef\u00fcllen.<\/p>\n<\/div>\n<h3>\u041c\u043d\u043e\u0433\u043e \u0432\u0435\u0441\u043a\u0438\u0445 \u043f\u0440\u0438\u0447\u0438\u043d, \u043f\u043e \u043a\u043e\u0442\u043e\u0440\u044b\u043c \u0432\u044b \u0434\u043e\u043b\u0436\u043d\u044b \u043a\u0443\u043f\u0438\u0442\u044c \u044d\u0442\u043e\u0442 \u043f\u0440\u043e\u0434\u0443\u043a\u0442:<\/h3>\n<div class=\"sale_motive\">\n<ul>\n<li>Saugstark, selbstansaugend und bequem<\/li>\n<li>Smart, Start \/ Stop Automatik<\/li>\n<li>R\u00fcckschlagventil mit Vorfilter<\/li>\n<li>Mit integriertem Schlauchabroller<\/li>\n<li>Mit Vorfilter f\u00fcr zus\u00e4tzliche Betriebssicherheit<\/li>\n<li>Automatik-Zapfpistole<\/li>\n<li>Bew\u00e4hrte Qualit\u00e4t<\/li>\n<li>F\u00f6rdermenge max. 2.700l\/h<\/li>\n<li>Sichere Handhabung durch isolierendes Kunststoff-Geh\u00e4use<\/li>\n<li>&#8220;Ein&#8221;-und &#8220;Aus&#8221;-Schalter mit Sicherheitsvorrichtung<\/li>\n<\/ul>\n<\/div>","protected":false},"excerpt":{"rendered":"<p>Diesel Tank Station: Set mit Pumpe, Druckschlauch-Trommel, Automatik-Zapf-Pistole, Vorfilter und Zubeh\u00f6r<\/p>","protected":false},"featured_media":32074,"comment_status":"open","ping_status":"closed","template":"","meta":[],"product_brand":[],"product_cat":[287],"product_tag":[],"class_list":{"0":"post-30194","1":"product","2":"type-product","3":"status-publish","4":"has-post-thumbnail","6":"product_cat-diesel-pumpen","8":"first","9":"instock","10":"taxable","11":"shipping-taxable","12":"purchasable","13":"product-type-simple"},"_links":{"self":[{"href":"https:\/\/testshop.igel.wovodo.de\/ru\/wp-json\/wp\/v2\/product\/30194","targetHints":{"allow":["GET"]}}],"collection":[{"href":"https:\/\/testshop.igel.wovodo.de\/ru\/wp-json\/wp\/v2\/product"}],"about":[{"href":"https:\/\/testshop.igel.wovodo.de\/ru\/wp-json\/wp\/v2\/types\/product"}],"replies":[{"embeddable":true,"href":"https:\/\/testshop.igel.wovodo.de\/ru\/wp-json\/wp\/v2\/comments?post=30194"}],"version-history":[{"count":2,"href":"https:\/\/testshop.igel.wovodo.de\/ru\/wp-json\/wp\/v2\/product\/30194\/revisions"}],"predecessor-version":[{"id":38350,"href":"https:\/\/testshop.igel.wovodo.de\/ru\/wp-json\/wp\/v2\/product\/30194\/revisions\/38350"}],"wp:featuredmedia":[{"embeddable":true,"href":"https:\/\/testshop.igel.wovodo.de\/ru\/wp-json\/wp\/v2\/media\/32074"}],"wp:attachment":[{"href":"https:\/\/testshop.igel.wovodo.de\/ru\/wp-json\/wp\/v2\/media?parent=30194"}],"wp:term":[{"taxonomy":"product_brand","embeddable":true,"href":"https:\/\/testshop.igel.wovodo.de\/ru\/wp-json\/wp\/v2\/product_brand?post=30194"},{"taxonomy":"product_cat","embeddable":true,"href":"https:\/\/testshop.igel.wovodo.de\/ru\/wp-json\/wp\/v2\/product_cat?post=30194"},{"taxonomy":"product_tag","embeddable":true,"href":"https:\/\/testshop.igel.wovodo.de\/ru\/wp-json\/wp\/v2\/product_tag?post=30194"}],"curies":[{"name":"wp","href":"https:\/\/api.w.org\/{rel}","templated":true}]}}