{"id":30200,"date":"2024-10-31T14:07:08","date_gmt":"2024-10-31T13:07:08","guid":{"rendered":"https:\/\/testshop.igel.wovodo.de\/product\/tauchpumpe-fuer-230v-gartenbrunnen-granitwand-kaskade-mit-led-lich\/"},"modified":"2025-01-27T12:29:08","modified_gmt":"2025-01-27T11:29:08","slug":"tauchpumpe-fuer-230v-gartenbrunnen-granitwand-kaskade-mit-led-lich","status":"publish","type":"product","link":"https:\/\/testshop.igel.wovodo.de\/ru\/product\/tauchpumpe-fuer-230v-gartenbrunnen-granitwand-kaskade-mit-led-lich\/","title":{"rendered":"Tauchpumpe f\u00fcr 230V &#8211; Gartenbrunnen GRANITWAND-KASKADE mit LED-Lich"},"content":{"rendered":"<div class=\"sale_description\">\n<p>Diese 12-Tauchpumpe ist geeignet f\u00fcr Springbrunnen, Teiche oder als Ersatzpumpe f\u00fcr den  <\/p>\n<p>230V &#8211; Gartenbrunnen GRANITWAND-KASKADE mit LED-Licht (Art.Nr: <a class=\"headerNavigation\" href=\"https:\/\/www.profi-pumpe.de\/GARTEN-u-ZIMMER-BRUNNEN\/Gartenbrunnen\/230V-Gartenbrunnen-GRANITWAND-KASKADE-mit-LED-Licht::1472.html\">SB02146-4<\/a>)<\/li>\n<p>Die maximale F\u00f6rdermenge betr\u00e4gt 450 Liter pro Stunde, die maximale F\u00f6rderh\u00f6he 0,95 Meter.<\/p>\n<\/div>\n<h3>\u041c\u043d\u043e\u0433\u043e \u0432\u0435\u0441\u043a\u0438\u0445 \u043f\u0440\u0438\u0447\u0438\u043d, \u043f\u043e \u043a\u043e\u0442\u043e\u0440\u044b\u043c \u0432\u044b \u0434\u043e\u043b\u0436\u043d\u044b \u043a\u0443\u043f\u0438\u0442\u044c \u044d\u0442\u043e\u0442 \u043f\u0440\u043e\u0434\u0443\u043a\u0442:<\/h3>\n<div class=\"sale_motive\">\n<ul>\n<li>12-Volt Tauchpumpe mit Kabel 5m<\/li>\n<li>F\u00f6rdermenge max. 450L\/Std<\/li>\n<li>F\u00f6rderh\u00f6he max. 0,95m<\/li>\n<\/ul>\n<\/div>","protected":false},"excerpt":{"rendered":"<p>Tauchpumpe f\u00fcr Springbrunnen oder Teich und als Ersatzpumpe\n  <\/p>\n<p>F\u00f6rdermenge 450L\/Std.<\/p><\/p>","protected":false},"featured_media":32094,"comment_status":"open","ping_status":"closed","template":"","meta":[],"product_brand":[],"product_cat":[255,349],"product_tag":[],"class_list":{"0":"post-30200","1":"product","2":"type-product","3":"status-publish","4":"has-post-thumbnail","6":"product_cat-zubehoer","7":"product_cat-ersatzteile-gartenbrunnen","9":"first","10":"instock","11":"taxable","12":"shipping-taxable","13":"purchasable","14":"product-type-simple"},"_links":{"self":[{"href":"https:\/\/testshop.igel.wovodo.de\/ru\/wp-json\/wp\/v2\/product\/30200","targetHints":{"allow":["GET"]}}],"collection":[{"href":"https:\/\/testshop.igel.wovodo.de\/ru\/wp-json\/wp\/v2\/product"}],"about":[{"href":"https:\/\/testshop.igel.wovodo.de\/ru\/wp-json\/wp\/v2\/types\/product"}],"replies":[{"embeddable":true,"href":"https:\/\/testshop.igel.wovodo.de\/ru\/wp-json\/wp\/v2\/comments?post=30200"}],"version-history":[{"count":1,"href":"https:\/\/testshop.igel.wovodo.de\/ru\/wp-json\/wp\/v2\/product\/30200\/revisions"}],"predecessor-version":[{"id":34816,"href":"https:\/\/testshop.igel.wovodo.de\/ru\/wp-json\/wp\/v2\/product\/30200\/revisions\/34816"}],"wp:featuredmedia":[{"embeddable":true,"href":"https:\/\/testshop.igel.wovodo.de\/ru\/wp-json\/wp\/v2\/media\/32094"}],"wp:attachment":[{"href":"https:\/\/testshop.igel.wovodo.de\/ru\/wp-json\/wp\/v2\/media?parent=30200"}],"wp:term":[{"taxonomy":"product_brand","embeddable":true,"href":"https:\/\/testshop.igel.wovodo.de\/ru\/wp-json\/wp\/v2\/product_brand?post=30200"},{"taxonomy":"product_cat","embeddable":true,"href":"https:\/\/testshop.igel.wovodo.de\/ru\/wp-json\/wp\/v2\/product_cat?post=30200"},{"taxonomy":"product_tag","embeddable":true,"href":"https:\/\/testshop.igel.wovodo.de\/ru\/wp-json\/wp\/v2\/product_tag?post=30200"}],"curies":[{"name":"wp","href":"https:\/\/api.w.org\/{rel}","templated":true}]}}