{"id":30224,"date":"2024-10-31T14:07:24","date_gmt":"2024-10-31T13:07:24","guid":{"rendered":"https:\/\/testshop.igel.wovodo.de\/product\/regentonne-maerchenbrunnen-granit-grau-330l-zzgl-befuell-und-entnahme-set-auswahl\/"},"modified":"2025-01-27T12:29:14","modified_gmt":"2025-01-27T11:29:14","slug":"regentonne-maerchenbrunnen-granit-grau-330l-zzgl-befuell-und-entnahme-set-auswahl","status":"publish","type":"product","link":"https:\/\/testshop.igel.wovodo.de\/ru\/product\/regentonne-maerchenbrunnen-granit-grau-330l-zzgl-befuell-und-entnahme-set-auswahl\/","title":{"rendered":"Regentonne M\u00c4RCHENBRUNNEN granit-grau 330l zzgl. Bef\u00fcll- und Entnahme-Set &#8211; Auswahl"},"content":{"rendered":"<div class=\"sale_description\">\n<p>Dieser &#8220;Brunnen&#8221; ist nicht nur ein Blickfang in Ihrem Garten, sondern auch n\u00fctzlich zugleich! Ob als Regenwasserspeicher, als Teichfilterabdeckung, als Pumpengeh\u00e4use oder einfach als Gartenzierde. Diese dekorative Designer-Regentonne ist ein <b>Schmuckst\u00fcck f\u00fcr jeden Garten<\/b>. Der &#8220;M\u00e4rchenbrunnen&#8221; gibt Ihrem Garten den besonderen Zauber!<\/p>\n<p><b>Jedes Regenfass ist ein &#8220;Unikat!&#8221;<\/b><\/p>\n<p>Dieses Regenfass h\u00e4lt bis zu 15 mal l\u00e4nger als herk\u00f6mmliche Regentonnen und ist dazu noch FROSTSICHER bis -15 Grad, auch mit Wasser gef\u00fcllt. Mit dem im Lieferumfang enthaltenen stabilen Deckel, sch\u00fctzen Sie das Wasser vor Verschmutzung. Gleichzeitig dient der Deckel des Regenwasserbeh\u00e4lters &#8220;M\u00e4rchenbrunnen&#8221; als Kindersicherung. Alternativ kann dieser zur Montage einer Schwengelpumpe verwendet werden. Dezent angeformte flache Stellen sind f\u00fcr Wasserzulauf und -ablauf vorgesehen. Im Bedarfsfall k\u00f6nnen diese bauseitig aufgebohrt werden.<\/p>\n<p>Bedingt durch das besondere innovative Fertigungsverfahren &#8220;Rotationssinter-Technik&#8221; und Materialauswahl sind unsere Produkte echte <b>&#8220;LONG-LIFE!&#8221;-Regentonnen<\/b> mit vielen guten Eigenschaften: Die Regentonnen sind <b>frostfest, dauerelastisch, bruch- und schlagfest, UV- und witterungsbest\u00e4ndig sowie dauerhaft dicht, stabil und langlebig.<\/b><br \/>\n  Einmal richtig installiert und angeschlossen &#8211; und Sie haben sehr, sehr lange Freude an dieser hochwertigen Regenwassertonne! Kein Billigm\u00fcll, der nach 2-3 Jahren auf dem Bauhof landet und die M\u00fcllhalden f\u00fcllt. Die Tonnen sind nicht billig, aber in jedem Fall das Geld wert!<\/p>\n<p><strong>Produkt-Empfehlung<\/strong><br \/>\n  Zu den Regentonnen empfehlen wir, stets das passende Anschlu\u00df-Zubeh\u00f6r mitzubestellen:<\/p>\n<ul>\n<li>Entweder den Filter T33 (Lieferung inkl. allem Zubeh\u00f6r, damit das Wasser in die Regentonne kommt) oder als<\/li>\n<li>Einen <b>Auslaufhahn \/ Wasserhahn,<\/b> matt oder poliert in 3\/4 Zoll mit Schlaucht\u00fclle 12mm oder 17mm<\/li>\n<li>Bef\u00fcll- und Entnahmeset (Lieferung inkl. Filter T33 und allem Zubeh\u00f6r, wie oben sowie dem Entnahmeset, mit dem Sie das Wasser aus der Tonne restlos entnehmen k\u00f6nnen).<\/li>\n<\/ul>\n<p>Der Filter T33 bef\u00fcllt Ihre Regentonne automatisch mit sauberem Wasser, auch wenn Sie nicht zu Hause sind!<br \/>\nDer Regenfilter wird in das Fallrohr der Regenrinne eingebaut. Dort filtert er Bl\u00e4tter, Insekten, Sandk\u00f6rner und andere Partikel aus dem Regenwasser. So wird die Regentonne stets mit sauberem Wasser bef\u00fcllt.<br \/>\nDer Filter ist mit einer &#8220;F\u00fcll-Stopp-Automatik&#8221; ausgestattet. In der entsprechenden H\u00f6he in das Fallrohr eingebaut (Montageanleitung beachten) sorgt der Filter automatisch daf\u00fcr, dass die Regentonne nicht \u00fcberl\u00e4uft. Dadurch werden teuere Wassersch\u00e4den an Haus und Kellerwand zuverl\u00e4ssig vermieden.<br \/>\n  Der Filtersieb sollte ca. 2-3mal im Jahr kontrolliert und ggf. im Wasserstrahl mit B\u00fcrste gereinigt werden. Im Winterbetrieb wird der mitgelieferte Stopfen von INNEN eingesetzt, damit kein Wasser in die Tonne flie\u00dft. Das Regenfass sollte vor dem Winter entleert werden, so k\u00f6nnen Filter und Regentonne angeschlossen bis zum Fr\u00fchjahr \u00fcberwintern. Nach Ende der Frostperiode den Stopfen wieder entnehmen. Der Filter verf\u00fcgt \u00fcber sehr gute Selbstreinigungs-Eigenschaften. Der Wirkungsgrad ist mit \u00fcber 90% sehr hoch und vergleichbar mit einer Fallrohrklappe. Das l\u00e4stige Bedienen der Fallrohrklappe entf\u00e4llt jedoch komplett!<\/p>\n<p style=\"font-size:11px;\"><b>\u042e\u0440\u0438\u0434\u0438\u0447\u0435\u0441\u043a\u043e\u0435 \u0443\u0432\u0435\u0434\u043e\u043c\u043b\u0435\u043d\u0438\u0435:<\/b> \u041d\u0430\u0448\u0438 \u0438\u0437\u0434\u0435\u043b\u0438\u044f \u043e\u043a\u0440\u0430\u0448\u0438\u0432\u0430\u044e\u0442\u0441\u044f \u0432\u0440\u0443\u0447\u043d\u0443\u044e, \u043f\u043e\u044d\u0442\u043e\u043c\u0443 \u043d\u0435\u0432\u043e\u0437\u043c\u043e\u0436\u043d\u043e \u0438\u0437\u0431\u0435\u0436\u0430\u0442\u044c \u043e\u0442\u043a\u043b\u043e\u043d\u0435\u043d\u0438\u0439 \u0432 \u0446\u0432\u0435\u0442\u0435. \u041a\u0440\u043e\u043c\u0435 \u0442\u043e\u0433\u043e, \u0438\u0437-\u0437\u0430 \u0443\u0441\u043b\u043e\u0432\u0438\u0439 \u043e\u0441\u0432\u0435\u0449\u0435\u043d\u0438\u044f \u043f\u0440\u0438 \u0441\u044a\u0435\u043c\u043a\u0435 \u0442\u043e\u0432\u0430\u0440\u0430 \u0438 \u0440\u0430\u0437\u043b\u0438\u0447\u043d\u044b\u0445 \u043d\u0430\u0441\u0442\u0440\u043e\u0435\u043a \u044d\u043a\u0440\u0430\u043d\u0430 \u0446\u0432\u0435\u0442 \u0442\u043e\u0432\u0430\u0440\u0430 \u043c\u043e\u0436\u0435\u0442 \u0431\u044b\u0442\u044c \u0432\u043e\u0441\u043f\u0440\u043e\u0438\u0437\u0432\u0435\u0434\u0435\u043d \u043d\u0435\u0442\u043e\u0447\u043d\u043e, \u043f\u043e\u044d\u0442\u043e\u043c\u0443 \u044d\u0442\u043e \u043d\u0435 \u044f\u0432\u043b\u044f\u0435\u0442\u0441\u044f \u043f\u0440\u0438\u0447\u0438\u043d\u043e\u0439 \u0434\u043b\u044f \u043f\u0440\u0435\u0442\u0435\u043d\u0437\u0438\u0439.<\/p>\n<p><p style=\"font-size:11px;\"><b> \u041f\u0440\u0438\u043c\u0435\u0447\u0430\u043d\u0438\u0435: <\/b> Leider kommen beim Transport und Handling von Tanks sowie Regentonnen leichte Kratzer sowie Scheuerstellen vor. Diese sind unvermeidbar. Sie stellen keinen Reklamationsgrund dar und berechtigen nicht zu Abz\u00fcgen oder zur Rechnungsminderung. * Bitte pr\u00fcfen Sie die Sendung sofort! Ein von au\u00dfen erkennbarer Schaden wird von der Versicherung nicht mehr anerkannt, wenn Sie den Empfang der unbesch\u00e4digten Sendung durch Unterschrift best\u00e4tigen. Also: wenn die Sendung bei der \u00dcbergabe von au\u00dfen schon besch\u00e4digt ist, bitte das vom \u00dcberbringer schriftlich best\u00e4tigen lassen. Schreiben Sie den Namen und ggf. Kfz-Kennzeichen des \u00dcberbringers auf und teilen uns das SOFORT schriftlich mit. * Melden Sie sich bitte bei von au\u00dfen nicht erkennbaren Sch\u00e4den unverz\u00fcglich (innerhalb von 5 Werktagen) mit Hilfe des Service-Bogens bei uns!<\/p>\n<p><b>Empfehlung:<\/b> Wir empfehlen, Regentonnen im Winter zu entleeren.<\/p>\n<\/div>\n<h3>\u041c\u043d\u043e\u0433\u043e \u0432\u0435\u0441\u043a\u0438\u0445 \u043f\u0440\u0438\u0447\u0438\u043d, \u043f\u043e \u043a\u043e\u0442\u043e\u0440\u044b\u043c \u0432\u044b \u0434\u043e\u043b\u0436\u043d\u044b \u043a\u0443\u043f\u0438\u0442\u044c \u044d\u0442\u043e\u0442 \u043f\u0440\u043e\u0434\u0443\u043a\u0442:<\/h3>\n<div class=\"sale_motive\">\n<ul>\n<li>Hochwertige Regentonne aus PE-Kunststoff <\/li>\n<li>N\u00fctzlich &amp; dekorativ: formsch\u00f6ne Nachbildung eines Brunnens<\/li>\n<li>Dauerhaft dicht &amp; <strong>langlebig<\/strong><\/li>\n<li>Stabil, bruch- und schlagfest <\/li>\n<li><strong>Frostsicher, witterungsfest &amp; UV-best\u00e4ndig <\/strong>\n  <\/li>\n<li>Deckel geeignet f\u00fcr eine Schwengelpumpe<\/li>\n<li>Inkl. 3\/4&#8243;-Auslaufhahn<\/li>\n<\/ul>\n<\/div>","protected":false},"excerpt":{"rendered":"<p>Wie im M\u00e4rchen &#8211; nur ohne Frosch und aus stabilem, witterungsbest\u00e4ndigen PE-Kunststoff<br \/>\n  &#8211; so pr\u00e4sentiert sich unsere Designer-Regentonne &#8220;M\u00e4rchenbrunnen&#8221;<\/p>\n<p><b>DAS FROSTSICHERE ORIGINAL MIT 330 Litern!<\/b><\/p>","protected":false},"featured_media":32167,"comment_status":"open","ping_status":"closed","template":"","meta":[],"product_brand":[],"product_cat":[329,333],"product_tag":[],"class_list":{"0":"post-30224","1":"product","2":"type-product","3":"status-publish","4":"has-post-thumbnail","6":"product_cat-regentonne-brunnen","7":"product_cat-brunnen-regentonnen-regentonne24","9":"first","10":"instock","11":"taxable","12":"shipping-taxable","13":"purchasable","14":"product-type-simple"},"_links":{"self":[{"href":"https:\/\/testshop.igel.wovodo.de\/ru\/wp-json\/wp\/v2\/product\/30224","targetHints":{"allow":["GET"]}}],"collection":[{"href":"https:\/\/testshop.igel.wovodo.de\/ru\/wp-json\/wp\/v2\/product"}],"about":[{"href":"https:\/\/testshop.igel.wovodo.de\/ru\/wp-json\/wp\/v2\/types\/product"}],"replies":[{"embeddable":true,"href":"https:\/\/testshop.igel.wovodo.de\/ru\/wp-json\/wp\/v2\/comments?post=30224"}],"version-history":[{"count":1,"href":"https:\/\/testshop.igel.wovodo.de\/ru\/wp-json\/wp\/v2\/product\/30224\/revisions"}],"predecessor-version":[{"id":34840,"href":"https:\/\/testshop.igel.wovodo.de\/ru\/wp-json\/wp\/v2\/product\/30224\/revisions\/34840"}],"wp:featuredmedia":[{"embeddable":true,"href":"https:\/\/testshop.igel.wovodo.de\/ru\/wp-json\/wp\/v2\/media\/32167"}],"wp:attachment":[{"href":"https:\/\/testshop.igel.wovodo.de\/ru\/wp-json\/wp\/v2\/media?parent=30224"}],"wp:term":[{"taxonomy":"product_brand","embeddable":true,"href":"https:\/\/testshop.igel.wovodo.de\/ru\/wp-json\/wp\/v2\/product_brand?post=30224"},{"taxonomy":"product_cat","embeddable":true,"href":"https:\/\/testshop.igel.wovodo.de\/ru\/wp-json\/wp\/v2\/product_cat?post=30224"},{"taxonomy":"product_tag","embeddable":true,"href":"https:\/\/testshop.igel.wovodo.de\/ru\/wp-json\/wp\/v2\/product_tag?post=30224"}],"curies":[{"name":"wp","href":"https:\/\/api.w.org\/{rel}","templated":true}]}}