{"id":30261,"date":"2024-10-31T14:07:47","date_gmt":"2024-10-31T13:07:47","guid":{"rendered":"https:\/\/testshop.igel.wovodo.de\/product\/profi-airbrush-kompressor-set-ultimate-basis\/"},"modified":"2025-01-27T12:29:27","modified_gmt":"2025-01-27T11:29:27","slug":"profi-airbrush-kompressor-set-ultimate-basis","status":"publish","type":"product","link":"https:\/\/testshop.igel.wovodo.de\/ru\/product\/profi-airbrush-kompressor-set-ultimate-basis\/","title":{"rendered":"Profi-AirBrush Kompressor Set Ultimate BASIS"},"content":{"rendered":"<div class=\"sale_application\">\n<b><\/p>\n<p>\u0418\u0434\u0435\u0430\u043b\u044c\u043d\u043e \u043f\u043e\u0434\u0445\u043e\u0434\u0438\u0442 \u0434\u043b\u044f \u043a\u043e\u0441\u043c\u0435\u0442\u0438\u043a\u0438 \u0438 \u043a\u0440\u0430\u0441\u043e\u0442\u044b (\u0430\u044d\u0440\u043e\u0433\u0440\u0430\u0444\u0438\u044f \u0434\u043b\u044f \u043d\u043e\u0433\u0442\u0435\u0439, \u043c\u0430\u043a\u0438\u044f\u0436, \u043e\u043a\u0440\u0430\u0448\u0438\u0432\u0430\u043d\u0438\u0435 \u0432\u043e\u043b\u043e\u0441, \u0443\u0445\u043e\u0434 \u0437\u0430 \u0432\u043e\u043b\u043e\u0441\u0430\u043c\u0438, \u0430\u044d\u0440\u043e\u0437\u043e\u043b\u044c\u043d\u044b\u0439 \u0437\u0430\u0433\u0430\u0440), \u0431\u043e\u0434\u0438-\u0430\u0440\u0442\u0430 (\u0440\u043e\u0441\u043f\u0438\u0441\u044c \u043f\u043e \u0442\u0435\u043b\u0443, \u0442\u0430\u0442\u0443\u0438\u0440\u043e\u0432\u043a\u0438, \u0434\u0438\u0437\u0430\u0439\u043d \u043c\u0430\u0441\u043e\u043a), \u0445\u043e\u0431\u0431\u0438 (\u0446\u0432\u0435\u0442\u044b\/ \u0446\u0432\u0435\u0442\u043e\u0447\u043d\u044b\u0435 \u043a\u043e\u043c\u043f\u043e\u0437\u0438\u0446\u0438\u0438, \u0438\u0437\u0433\u043e\u0442\u043e\u0432\u043b\u0435\u043d\u0438\u0435 \u043c\u043e\u0434\u0435\u043b\u0435\u0439, \u043a\u0435\u0440\u0430\u043c\u0438\u043a\u0430\/ \u0433\u043e\u043d\u0447\u0430\u0440\u043d\u043e\u0435 \u0434\u0435\u043b\u043e, \u0442\u0435\u043a\u0441\u0442\u0438\u043b\u044c), \u043d\u0435\u0431\u043e\u043b\u044c\u0448\u0438\u0445 \u0430\u0432\u0442\u043e\u043c\u043e\u0431\u0438\u043b\u044c\u043d\u044b\u0445 \u0434\u0438\u0437\u0430\u0439\u043d\u043e\u0432 (\u043a\u0440\u044b\u0448\u043a\u0438 \u0431\u0435\u043d\u0437\u043e\u0431\u0430\u043a\u043e\u0432\/ \u0448\u043b\u0435\u043c\u044b), \u0442\u0435\u0445\u043d\u0438\u0447\u0435\u0441\u043a\u0438\u0445 \u0438\u043b\u043b\u044e\u0441\u0442\u0440\u0430\u0446\u0438\u0439\/ \u0444\u043e\u0442\u043e\u0440\u0435\u0442\u0443\u0448\u0438 \u0438 \u0443\u043a\u0440\u0430\u0448\u0435\u043d\u0438\u044f \u0435\u0434\u044b (\u0442\u043e\u0440\u0442\u044b\/ \u043a\u0435\u043a\u0441\u044b). \u0412\u043e\u0437\u043c\u043e\u0436\u043d\u043e\u0441\u0442\u0438 \u0430\u044d\u0440\u043e\u0433\u0440\u0430\u0444\u0438\u0438 \u043f\u0440\u0430\u043a\u0442\u0438\u0447\u0435\u0441\u043a\u0438 \u0431\u0435\u0437\u0433\u0440\u0430\u043d\u0438\u0447\u043d\u044b.<\/p>\n<p><\/b> <\/div>\n<div class=\"sale_description\">\n<p><strong>\u041d\u0430\u0448 \u0441\u043e\u0432\u0435\u0442:<\/strong><\/p>\n<p>\u0423 \u043d\u0430\u0441 \u0432\u044b \u0412\u0421\u0415\u0413\u0414\u0410 \u0437\u0430\u043a\u0430\u0437\u044b\u0432\u0430\u0435\u0442\u0435 \u043a\u043e\u043c\u043f\u0440\u0435\u0441\u0441\u043e\u0440 \u0441 \u041e\u0421\u041d\u041e\u0412\u041d\u042b\u041c\u0418 \u043f\u0440\u0438\u043d\u0430\u0434\u043b\u0435\u0436\u043d\u043e\u0441\u0442\u044f\u043c\u0438 (\u0448\u043b\u0430\u043d\u0433, \u043a\u043e\u043c\u043f\u043b\u0435\u043a\u0442 \u0430\u0434\u0430\u043f\u0442\u0435\u0440\u043e\u0432 \u0438\u0437 10 \u0447\u0430\u0441\u0442\u0435\u0439, \u0449\u0435\u0442\u043a\u0438 \u0434\u043b\u044f \u0447\u0438\u0441\u0442\u043a\u0438, \u0431\u044b\u0441\u0442\u0440\u043e\u0440\u0430\u0437\u044a\u0435\u043c\u043d\u043e\u0435 \u0441\u043e\u0435\u0434\u0438\u043d\u0435\u043d\u0438\u0435) \u0438 \u0438\u043c\u0435\u0435\u0442\u0435 \u0432\u043e\u0437\u043c\u043e\u0436\u043d\u043e\u0441\u0442\u044c \u0432\u044b\u0431\u0440\u0430\u0442\u044c \u0434\u043e\u043f\u043e\u043b\u043d\u0438\u0442\u0435\u043b\u044c\u043d\u044b\u0435 \u043f\u0440\u0438\u043d\u0430\u0434\u043b\u0435\u0436\u043d\u043e\u0441\u0442\u0438 (\u043f\u0438\u0441\u0442\u043e\u043b\u0435\u0442\u044b, \u043a\u0440\u0430\u0441\u043a\u0438, \u0434\u0440\u0443\u0433\u0438\u0435 \u0430\u043a\u0441\u0435\u0441\u0441\u0443\u0430\u0440\u044b) \u043f\u043e \u043b\u044c\u0433\u043e\u0442\u043d\u044b\u043c \u0446\u0435\u043d\u0430\u043c. \u042d\u0442\u043e \u043e\u0437\u043d\u0430\u0447\u0430\u0435\u0442, \u0447\u0442\u043e \u0432\u044b \u044d\u043a\u043e\u043d\u043e\u043c\u0438\u0442\u0435 \u0432 \u043d\u0435\u0441\u043a\u043e\u043b\u044c\u043a\u043e \u0440\u0430\u0437 \u0431\u043e\u043b\u044c\u0448\u0435.<\/p>\n<ul>\n<li>1. \u0431\u043b\u0430\u0433\u043e\u0434\u0430\u0440\u044f \u0432\u044b\u0433\u043e\u0434\u043d\u044b\u043c \u0446\u0435\u043d\u0430\u043c!<\/li>\n<li>2. \u0431\u043b\u0430\u0433\u043e\u0434\u0430\u0440\u044f \u0441\u043d\u0438\u0436\u0435\u043d\u043d\u044b\u043c \u0446\u0435\u043d\u0430\u043c \u043d\u0430 \u0430\u043a\u0441\u0435\u0441\u0441\u0443\u0430\u0440\u044b!<\/li>\n<li>3. \u0437\u0430 \u0441\u0447\u0435\u0442 \u0435\u0434\u0438\u043d\u043e\u0432\u0440\u0435\u043c\u0435\u043d\u043d\u044b\u0445 \u0440\u0430\u0441\u0445\u043e\u0434\u043e\u0432 \u043d\u0430 \u043f\u0435\u0440\u0435\u0432\u043e\u0437\u043a\u0443!<\/li>\n<\/ul>\n<p>\u042d\u0442\u043e\u0442 \u043d\u0435 \u0442\u0440\u0435\u0431\u0443\u044e\u0449\u0438\u0439 \u043c\u0430\u0441\u043b\u0430 \u0438 \u0442\u0435\u0445\u043d\u0438\u0447\u0435\u0441\u043a\u043e\u0433\u043e \u043e\u0431\u0441\u043b\u0443\u0436\u0438\u0432\u0430\u043d\u0438\u044f <strong>\u041a\u043e\u043c\u043f\u0440\u0435\u0441\u0441\u043e\u0440 \u0434\u043b\u044f \u0430\u044d\u0440\u043e\u0433\u0440\u0430\u0444\u0430<\/strong> ist f\u00fcr Arbeiten mit allen handels\u00fcblichen Airbrush Farben geeignet. Mit nur 47dB erm\u00f6glicht er angenehmes Arbeiten auch in kleineren, geschlossenen R\u00e4umen. Sein kompaktes Design und der integrierte Tragegriff erleichtern den mobilen Einsatz. Die Abschaltautomatik erm\u00f6glicht einen stromsparenden Betrieb.<\/p>\n<p>Der gewebeummantelte Gummischlauch verbindet die AirBrush-Pistole mit dem Kompressor. Durch die textile Ummantelung ist der Schlauch sehr haltbar und strapazierf\u00e4hig. Die L\u00e4nge von 1,8m gibt ausreichend Bewegungsfreiheit.<\/p>\n<p>\u0421 \u0430\u044d\u0440\u043e\u0433\u0440\u0430\u0444\u043e\u043c<strong>\u0410\u0434\u0430\u043f\u0442\u0435\u0440 10 \u0441<\/strong> \u0412\u044b \u0431\u0443\u0434\u0435\u0442\u0435 \u0433\u043e\u0442\u043e\u0432\u044b \u043a \u043b\u044e\u0431\u043e\u043c\u0443 \u0441\u043e\u0435\u0434\u0438\u043d\u0435\u043d\u0438\u044e!<br \/>\n  \u0421 \u0430\u044d\u0440\u043e\u0433\u0440\u0430\u0444\u043e\u043c<strong>\u0411\u044b\u0441\u0442\u0440\u043e\u0440\u0430\u0437\u044a\u0435\u043c\u043d\u043e\u0435 \u0441\u043e\u0435\u0434\u0438\u043d\u0435\u043d\u0438\u0435<\/strong>\u0427\u0442\u043e\u0431\u044b \u0432\u044b \u043c\u043e\u0433\u043b\u0438 \u0431\u044b\u0441\u0442\u0440\u0435\u0435 \u043c\u0435\u043d\u044f\u0442\u044c \u043e\u0440\u0443\u0436\u0438\u0435 \u0438 \u0431\u044b\u0441\u0442\u0440\u043e \u0440\u0430\u0431\u043e\u0442\u0430\u0442\u044c!<br \/>\n  \u0421\u0430\u0439\u0442 <strong>5 \u0440\u0430\u0437\u043b\u0438\u0447\u043d\u044b\u0445 \u0449\u0435\u0442\u043e\u043a \u0434\u043b\u044f \u0447\u0438\u0441\u0442\u043a\u0438<\/strong> \u043d\u0435\u0437\u0430\u043c\u0435\u043d\u0438\u043c\u044b \u0434\u043b\u044f \u0442\u0449\u0430\u0442\u0435\u043b\u044c\u043d\u043e\u0439 \u043e\u0447\u0438\u0441\u0442\u043a\u0438 \u043f\u0438\u0441\u0442\u043e\u043b\u0435\u0442\u043e\u0432 \u0434\u043b\u044f \u0430\u044d\u0440\u043e\u0433\u0440\u0430\u0444\u043e\u0432.<\/p>\n<p>Haben Sie sich f\u00fcr mehrere Pistolen entschieden, so empfehlen wir alle Pistolen an den Kompressor anzuschlie\u00dfen, ohne dauernd Pistolen zu wechseln. F\u00fcr den einfachen Anschlu\u00df haben Sie die Auswahl zwischen:<\/p>\n<ul>\n<li><span class=\"high\">Profi-AirBrush Verteiler Multiswitch I<\/span> Art.Nr: <a href=\"\/ru\/redirect.php\/?action=product&#038;article_nr=AB03121\">AB03121<\/a> (Ausg\u00e4nge nicht einzeln regelbar)<\/li>\n<li><span class=\"high\">Profi-AirBrush Verteiler Multiswitch II<\/span> Art.Nr: <a href=\"\/ru\/redirect.php\/?action=product&#038;article_nr=AB03122\">AB03122<\/a> (Ausg\u00e4nge einzeln regelbar)<\/li>\n<\/ul>\n<\/div>","protected":false},"excerpt":{"rendered":"<p>Robuster Airbrushkompressor mit Schutzgeh\u00e4use \/ max. Druck: 4bar \/ max. Luftabgabemenge: 20-25l\/min \/ 125 Watt<br \/>\nUniversell einsetzbar, f\u00fcr Hobby, Werkstatt und Nailart<\/p>","protected":false},"featured_media":32265,"comment_status":"open","ping_status":"closed","template":"","meta":[],"product_brand":[],"product_cat":[217,270],"product_tag":[],"class_list":{"0":"post-30261","1":"product","2":"type-product","3":"status-publish","4":"has-post-thumbnail","6":"product_cat-profi-set-mit-kompressor","7":"product_cat-airbrushkompressor","9":"first","10":"instock","11":"taxable","12":"shipping-taxable","13":"purchasable","14":"product-type-simple"},"_links":{"self":[{"href":"https:\/\/testshop.igel.wovodo.de\/ru\/wp-json\/wp\/v2\/product\/30261","targetHints":{"allow":["GET"]}}],"collection":[{"href":"https:\/\/testshop.igel.wovodo.de\/ru\/wp-json\/wp\/v2\/product"}],"about":[{"href":"https:\/\/testshop.igel.wovodo.de\/ru\/wp-json\/wp\/v2\/types\/product"}],"replies":[{"embeddable":true,"href":"https:\/\/testshop.igel.wovodo.de\/ru\/wp-json\/wp\/v2\/comments?post=30261"}],"version-history":[{"count":1,"href":"https:\/\/testshop.igel.wovodo.de\/ru\/wp-json\/wp\/v2\/product\/30261\/revisions"}],"predecessor-version":[{"id":34877,"href":"https:\/\/testshop.igel.wovodo.de\/ru\/wp-json\/wp\/v2\/product\/30261\/revisions\/34877"}],"wp:featuredmedia":[{"embeddable":true,"href":"https:\/\/testshop.igel.wovodo.de\/ru\/wp-json\/wp\/v2\/media\/32265"}],"wp:attachment":[{"href":"https:\/\/testshop.igel.wovodo.de\/ru\/wp-json\/wp\/v2\/media?parent=30261"}],"wp:term":[{"taxonomy":"product_brand","embeddable":true,"href":"https:\/\/testshop.igel.wovodo.de\/ru\/wp-json\/wp\/v2\/product_brand?post=30261"},{"taxonomy":"product_cat","embeddable":true,"href":"https:\/\/testshop.igel.wovodo.de\/ru\/wp-json\/wp\/v2\/product_cat?post=30261"},{"taxonomy":"product_tag","embeddable":true,"href":"https:\/\/testshop.igel.wovodo.de\/ru\/wp-json\/wp\/v2\/product_tag?post=30261"}],"curies":[{"name":"wp","href":"https:\/\/api.w.org\/{rel}","templated":true}]}}