{"id":30315,"date":"2024-10-31T14:08:19","date_gmt":"2024-10-31T13:08:19","guid":{"rendered":"https:\/\/testshop.igel.wovodo.de\/product\/verbindungs-set-fuer-regentonnen-messing-schlauch-30cm\/"},"modified":"2025-01-27T12:29:46","modified_gmt":"2025-01-27T11:29:46","slug":"verbindungs-set-fuer-regentonnen-messing-schlauch-30cm","status":"publish","type":"product","link":"https:\/\/testshop.igel.wovodo.de\/ru\/product\/verbindungs-set-fuer-regentonnen-messing-schlauch-30cm\/","title":{"rendered":"Verbindungs-Set f\u00fcr Regentonnen-Messing (Schlauch 30cm)"},"content":{"rendered":"<div class=\"sale_description\">\n<p>Mit diesem Set kann man zwei Regentonnen verbinden und so bequem auf \u00fcber eine Regentonne auf gesamte Volumen zugreifen. Ideal f\u00fcr die Bew\u00e4sserung gro\u00dfer G\u00e4rten, in denen mehr Wasservorrat gebraucht wird.<\/p>\n<\/div>","protected":false},"excerpt":{"rendered":"<p>Set bestehend aus: Saugschlauch ca. 35cm lang (2,54cm 1 Zoll), 2 Stk. Wanddurchf\u00fchrung 1&#8243; und komplettem Anschluss-Zubeh\u00f6r aus hochwertigem Messing.<\/p>","protected":false},"featured_media":32455,"comment_status":"open","ping_status":"closed","template":"","meta":[],"product_brand":[],"product_cat":[335,382,282,302,329,388,390,421,219],"product_tag":[],"class_list":{"0":"post-30315","1":"product","2":"type-product","3":"status-publish","4":"has-post-thumbnail","6":"product_cat-regentonne-saeule","7":"product_cat-regentonne-amphore-maja","8":"product_cat-zubehoer-regentonnen","9":"product_cat-zubehoer-regentonnen-regentonne24","10":"product_cat-regentonne-brunnen","11":"product_cat-regentonne-baum","12":"product_cat-regentonne-nizza","13":"product_cat-regentonne-fels","14":"product_cat-regentonne-eichenfass","16":"first","17":"outofstock","18":"taxable","19":"shipping-taxable","20":"purchasable","21":"product-type-simple"},"_links":{"self":[{"href":"https:\/\/testshop.igel.wovodo.de\/ru\/wp-json\/wp\/v2\/product\/30315","targetHints":{"allow":["GET"]}}],"collection":[{"href":"https:\/\/testshop.igel.wovodo.de\/ru\/wp-json\/wp\/v2\/product"}],"about":[{"href":"https:\/\/testshop.igel.wovodo.de\/ru\/wp-json\/wp\/v2\/types\/product"}],"replies":[{"embeddable":true,"href":"https:\/\/testshop.igel.wovodo.de\/ru\/wp-json\/wp\/v2\/comments?post=30315"}],"version-history":[{"count":1,"href":"https:\/\/testshop.igel.wovodo.de\/ru\/wp-json\/wp\/v2\/product\/30315\/revisions"}],"predecessor-version":[{"id":34931,"href":"https:\/\/testshop.igel.wovodo.de\/ru\/wp-json\/wp\/v2\/product\/30315\/revisions\/34931"}],"wp:featuredmedia":[{"embeddable":true,"href":"https:\/\/testshop.igel.wovodo.de\/ru\/wp-json\/wp\/v2\/media\/32455"}],"wp:attachment":[{"href":"https:\/\/testshop.igel.wovodo.de\/ru\/wp-json\/wp\/v2\/media?parent=30315"}],"wp:term":[{"taxonomy":"product_brand","embeddable":true,"href":"https:\/\/testshop.igel.wovodo.de\/ru\/wp-json\/wp\/v2\/product_brand?post=30315"},{"taxonomy":"product_cat","embeddable":true,"href":"https:\/\/testshop.igel.wovodo.de\/ru\/wp-json\/wp\/v2\/product_cat?post=30315"},{"taxonomy":"product_tag","embeddable":true,"href":"https:\/\/testshop.igel.wovodo.de\/ru\/wp-json\/wp\/v2\/product_tag?post=30315"}],"curies":[{"name":"wp","href":"https:\/\/api.w.org\/{rel}","templated":true}]}}