{"id":30339,"date":"2024-10-31T14:08:33","date_gmt":"2024-10-31T13:08:33","guid":{"rendered":"https:\/\/testshop.igel.wovodo.de\/product\/schwimmbadpumpe-pool-star-3000w-380v-1\/"},"modified":"2025-01-27T12:32:58","modified_gmt":"2025-01-27T11:32:58","slug":"schwimmbadpumpe-pool-star-3000w-380v-1","status":"publish","type":"product","link":"https:\/\/testshop.igel.wovodo.de\/ru\/product\/schwimmbadpumpe-pool-star-3000w-380v-1\/","title":{"rendered":"Schwimmbadpumpe POOL-STAR 3000W-380V-1"},"content":{"rendered":"<div class=\"sale_description\">\n<p>Die POOL-STAR&nbsp;3000 kann ideal in privaten Schwimmbecken eingesetzt werden. Mit dieser leistungsstarken Pumpe f\u00f6rdern Sie ohne gro\u00dfe M\u00fche Wasser in Ihren Pool. Durch ihre robuste Bauart sind unsere POOL-STAR sehr zuverl\u00e4ssige Filter-Umw\u00e4lzpumpen. Sie holen den Grobschmutz aus Ihrem Schwimmbad und sorgen f\u00fcr einwandfreien Badespass!<\/p>\n<p style=\"margin-bottom: 0cm\" lang=\"zxx\">Die Schwimmbad-Filterpumpe hat einen integrierten Motorschutzschalter als \u00dcberhitzungsschutz f\u00fcr ein langes Pumpen-Leben. Auch der integrierte Grobschmutz-Filter der Pool-Filterpumpe hat gute Auswirkungen auf die Lebensdauer der Schwimmbadpumpe. Au\u00dferdem hat die Pumpe f\u00fcr Schwimmb\u00e4der einen integrierten Kondensator. Die Inbetriebnahme der Umw\u00e4lzpumpe erfolgt durch das Auff\u00fcllen der Laufradkammern und des Schlauches. Den Rest macht die hochwertige, energiesparende und leistungsstarke Filterpumpe f\u00fcr Pools selbst.<\/p>\n<p><\/p>\n<p>Die im Lieferumfang enthaltenen Stufenschlaucht\u00fcllen erlauben die Verwendung unserer POOL-STAR-Poolpumpen unter unterschiedlichsten Einbausituationen.<\/p>\n<p style=\"margin-bottom: 0cm; font-style: normal\" lang=\"zxx\"><strong>Die POOL-STAR&nbsp;3000 erbringt eine maximale F\u00f6rdermenge von&nbsp;46.020l\/h, der maximale <\/strong><strong>Druck&nbsp;betr\u00e4gt&nbsp;1,5 bar und die maximale F\u00f6rderh\u00f6he 15m. Bitte beachten Sie, dass bei steigender F\u00f6rderh\u00f6he die F\u00f6rdermenge entsprechend sinkt.&nbsp;<\/strong><\/p>\n<p><\/p>\n<p><b>Besonders praktisch: Der Filterkorb l\u00e4sst sich leicht reinigen, denn die Filterkammer kann WERKZEUGLOS ge\u00f6ffnet werden.<\/b><\/p>\n<p><strong>\u041f\u0440\u0438\u043c\u0435\u0447\u0430\u043d\u0438\u0435:<\/strong>&nbsp;Bitte beachten Sie, dass eine Verj\u00fcngung der Pumpenanschl\u00fcsse zu einem Defekt der Pumpe f\u00fchren kann. Hier sollten die angegebenen Anschlussgr\u00f6\u00dfen unbedingt eingehalten werden.<\/p>\n<\/div>\n<h3>\u041c\u043d\u043e\u0433\u043e \u0432\u0435\u0441\u043a\u0438\u0445 \u043f\u0440\u0438\u0447\u0438\u043d, \u043f\u043e \u043a\u043e\u0442\u043e\u0440\u044b\u043c \u0432\u044b \u0434\u043e\u043b\u0436\u043d\u044b \u043a\u0443\u043f\u0438\u0442\u044c \u044d\u0442\u043e\u0442 \u043f\u0440\u043e\u0434\u0443\u043a\u0442:<\/h3>\n<div class=\"sale_motive\">\n<ul>\n<li>400 Volt Poolpumpe\n<\/li>\n<li>hohe F&ouml;rderleistung\n<\/li>\n<li>solide und zuverl&auml;ssig\n<\/li>\n<li>schnell einsatzbereit\n<\/li>\n<li>werkzeuglos zu &ouml;ffnende Filterkammer\n<\/li>\n<li>integrierter Motorschutzschalter\n<\/li>\n<li>integrierter Grobschmutz-Filter\n<\/li>\n<li>\u0414\u043b\u0438\u0442\u0435\u043b\u044c\u043d\u044b\u0439 \u0441\u0440\u043e\u043a \u0441\u043b\u0443\u0436\u0431\u044b <\/li>\n<\/ul>\n<\/div>","protected":false},"excerpt":{"rendered":"<p>Hochwertige,&nbsp;sehr leistungsstarke Filter- Schwimmbadpumpe<br \/>\n  3.000 Watt&nbsp; |&nbsp;1,5bar&nbsp;| 46.020l\/h<\/p>\n<p><b>Werkzeuglos zu &ouml;ffnende Filterkammer!<\/b><\/p>","protected":false},"featured_media":39649,"comment_status":"open","ping_status":"closed","template":"","meta":[],"product_brand":[],"product_cat":[437,244],"product_tag":[],"class_list":{"0":"post-30339","1":"product","2":"type-product","3":"status-publish","4":"has-post-thumbnail","6":"product_cat-umwaelzpumpen-400v","7":"product_cat-startseite-pumpe","9":"first","10":"instock","11":"taxable","12":"shipping-taxable","13":"purchasable","14":"product-type-simple"},"_links":{"self":[{"href":"https:\/\/testshop.igel.wovodo.de\/ru\/wp-json\/wp\/v2\/product\/30339","targetHints":{"allow":["GET"]}}],"collection":[{"href":"https:\/\/testshop.igel.wovodo.de\/ru\/wp-json\/wp\/v2\/product"}],"about":[{"href":"https:\/\/testshop.igel.wovodo.de\/ru\/wp-json\/wp\/v2\/types\/product"}],"replies":[{"embeddable":true,"href":"https:\/\/testshop.igel.wovodo.de\/ru\/wp-json\/wp\/v2\/comments?post=30339"}],"version-history":[{"count":3,"href":"https:\/\/testshop.igel.wovodo.de\/ru\/wp-json\/wp\/v2\/product\/30339\/revisions"}],"predecessor-version":[{"id":39634,"href":"https:\/\/testshop.igel.wovodo.de\/ru\/wp-json\/wp\/v2\/product\/30339\/revisions\/39634"}],"wp:featuredmedia":[{"embeddable":true,"href":"https:\/\/testshop.igel.wovodo.de\/ru\/wp-json\/wp\/v2\/media\/39649"}],"wp:attachment":[{"href":"https:\/\/testshop.igel.wovodo.de\/ru\/wp-json\/wp\/v2\/media?parent=30339"}],"wp:term":[{"taxonomy":"product_brand","embeddable":true,"href":"https:\/\/testshop.igel.wovodo.de\/ru\/wp-json\/wp\/v2\/product_brand?post=30339"},{"taxonomy":"product_cat","embeddable":true,"href":"https:\/\/testshop.igel.wovodo.de\/ru\/wp-json\/wp\/v2\/product_cat?post=30339"},{"taxonomy":"product_tag","embeddable":true,"href":"https:\/\/testshop.igel.wovodo.de\/ru\/wp-json\/wp\/v2\/product_tag?post=30339"}],"curies":[{"name":"wp","href":"https:\/\/api.w.org\/{rel}","templated":true}]}}