{"id":30363,"date":"2024-10-31T14:08:46","date_gmt":"2024-10-31T13:08:46","guid":{"rendered":"https:\/\/testshop.igel.wovodo.de\/product\/3-tiefbrunnenpumpe-brunnen-star-750-4-400v\/"},"modified":"2025-01-27T12:30:00","modified_gmt":"2025-01-27T11:30:00","slug":"3-tiefbrunnenpumpe-brunnen-star-750-4-400v","status":"publish","type":"product","link":"https:\/\/testshop.igel.wovodo.de\/ru\/product\/3-tiefbrunnenpumpe-brunnen-star-750-4-400v\/","title":{"rendered":"3&#8243; Tiefbrunnenpumpe BRUNNEN-STAR 750-4-400V"},"content":{"rendered":"<div class=\"sale_application\">\n<ul>\n<li>3-Zoll Brunnenpumpe mit 750 Watt f\u00fcr das 400V-Stromnetz<\/li>\n<li>f\u00fcr private und industrielle Anwendungen<\/li>\n<li>zur Hauswasserversorgung<\/li>\n<li>zur Bew\u00e4sserung<\/li>\n<li>zur Beregnung<\/li>\n<li>f\u00fcr Anwendungen im Umweltschutz<\/li>\n<li>f\u00fcr Anwendungen in der Landwirtschaft<\/li>\n<li>bei Grundwasserabsenkung<\/li>\n<li>\u0434\u043b\u044f \u043d\u0430\u043f\u043e\u043b\u043d\u0435\u043d\u0438\u044f \u043a\u043e\u043d\u0442\u0435\u0439\u043d\u0435\u0440\u043e\u0432<\/li>\n<\/ul><\/div>\n<div class=\"sale_description\">\n<p>Diese Tiefbrunnenpumpe 3&#8243; BRUNNEN-STAR 750-4-400V mit \u00f6l-gelagertem Motor und robustem, rostfreien Edelstahl-Geh\u00e4use ist ideal f\u00fcr tiefe Brunnenbohrungen. Auch zur die Gartenbew\u00e4sserung\/ Gartenberegnung oder zur Wasserbef\u00f6rderung beim Bef\u00fcllen\/ Umf\u00fcllen von Beh\u00e4ltern eignet sich die sandvertr\u00e4gliche Brunnenpumpe. Die Brunnenpumpe f\u00f6rdert Wasser mit hohem Druck weiter an die Abnahmestelle.<br \/>Durch die besondere Bauweise f\u00f6rdert diese Tiefbrunnenpumpe wesentlich mehr Wasser als andere Pumpen mit vergleichbarem Energie-Verbrauch.<\/p>\n<p><b>Die sandvertr\u00e4gliche 3&#8243; Tiefbrunnenpumpe BRUNNEN-STAR 750-4-400V ist zur Nutzung mit Dreiphasenwechselstrom bestimmt und kann am 400V-Stromnetz betrieben werden.<\/b><\/p>\n<p>Die maximale <strong>F\u00f6rdermenge<\/strong> dieser sandvertr\u00e4glichen Tiefbrunnenpumpe betr\u00e4gt <strong>4.500L\/h<\/strong>, die maximale <strong>F\u00f6rderh\u00f6he 80m<\/strong> und der maximale <strong>F\u00f6rderdruck <\/strong>liegt bei <strong>8bar<\/strong>. Bitte beachten Sie, dass die F\u00f6rdermenge bei steigender F\u00f6rderh\u00f6he entsprechend abnimmt.<\/p>\n<\/div>\n<h3>\u041c\u043d\u043e\u0433\u043e \u0432\u0435\u0441\u043a\u0438\u0445 \u043f\u0440\u0438\u0447\u0438\u043d, \u043f\u043e \u043a\u043e\u0442\u043e\u0440\u044b\u043c \u0432\u044b \u0434\u043e\u043b\u0436\u043d\u044b \u043a\u0443\u043f\u0438\u0442\u044c \u044d\u0442\u043e\u0442 \u043f\u0440\u043e\u0434\u0443\u043a\u0442:<\/h3>\n<div class=\"sale_motive\">\n<ul>\n<li>Tiefbrunnenpumpe f\u00fcr 400V Drehstrom<\/li>\n<li>Material: Edelstahl, Messing, Gu\u00dfeisen<\/li>\n<li>Gekapselter Elektromotor mit \u00d6ldauerschmierung (\u00f6l-gelagerter Motor)<\/li>\n<li>Sandvertr\u00e4gliche Brunnenpumpe<\/li>\n<li>Keine Ansaugung von Bodensediment durch seitliche Ansaugung<\/li>\n<li>Durch wartungs- und leckfreie mechanische Dichtung hat die Pumpe viel h\u00f6here Lebensdauer als herk\u00f6mmliche Pumpen<\/li>\n<li>Solide und zuverl\u00e4ssig<\/li>\n<li>Leistungsstark mit hohem F\u00f6rderdruck von 8bar max.<\/li>\n<\/ul>\n<\/div>","protected":false},"excerpt":{"rendered":"<p>380-400V\/50HZ-Brunnenpumpe | 750W<br \/>\n  Hmax. 80m | Qmax. 4.500L\/h | Pmax. 8bar<\/p>\n<p><b>\u041f\u0440\u043e\u0447\u043d\u044b\u0439 \u043a\u043e\u0440\u043f\u0443\u0441 \u0438\u0437 \u043d\u0435\u0440\u0436\u0430\u0432\u0435\u044e\u0449\u0435\u0439 \u0441\u0442\u0430\u043b\u0438<\/b><\/p>","protected":false},"featured_media":39915,"comment_status":"open","ping_status":"closed","template":"","meta":[],"product_brand":[],"product_cat":[300,301,299],"product_tag":[],"class_list":{"0":"post-30363","1":"product","2":"type-product","3":"status-publish","4":"has-post-thumbnail","6":"product_cat-3-zoll-brunnenpumpen","7":"product_cat-400-volt-brunnenpumpen","8":"product_cat-klarwasserpumpe","10":"first","11":"instock","12":"taxable","13":"shipping-taxable","14":"purchasable","15":"product-type-simple"},"_links":{"self":[{"href":"https:\/\/testshop.igel.wovodo.de\/ru\/wp-json\/wp\/v2\/product\/30363","targetHints":{"allow":["GET"]}}],"collection":[{"href":"https:\/\/testshop.igel.wovodo.de\/ru\/wp-json\/wp\/v2\/product"}],"about":[{"href":"https:\/\/testshop.igel.wovodo.de\/ru\/wp-json\/wp\/v2\/types\/product"}],"replies":[{"embeddable":true,"href":"https:\/\/testshop.igel.wovodo.de\/ru\/wp-json\/wp\/v2\/comments?post=30363"}],"version-history":[{"count":3,"href":"https:\/\/testshop.igel.wovodo.de\/ru\/wp-json\/wp\/v2\/product\/30363\/revisions"}],"predecessor-version":[{"id":39494,"href":"https:\/\/testshop.igel.wovodo.de\/ru\/wp-json\/wp\/v2\/product\/30363\/revisions\/39494"}],"wp:featuredmedia":[{"embeddable":true,"href":"https:\/\/testshop.igel.wovodo.de\/ru\/wp-json\/wp\/v2\/media\/39915"}],"wp:attachment":[{"href":"https:\/\/testshop.igel.wovodo.de\/ru\/wp-json\/wp\/v2\/media?parent=30363"}],"wp:term":[{"taxonomy":"product_brand","embeddable":true,"href":"https:\/\/testshop.igel.wovodo.de\/ru\/wp-json\/wp\/v2\/product_brand?post=30363"},{"taxonomy":"product_cat","embeddable":true,"href":"https:\/\/testshop.igel.wovodo.de\/ru\/wp-json\/wp\/v2\/product_cat?post=30363"},{"taxonomy":"product_tag","embeddable":true,"href":"https:\/\/testshop.igel.wovodo.de\/ru\/wp-json\/wp\/v2\/product_tag?post=30363"}],"curies":[{"name":"wp","href":"https:\/\/api.w.org\/{rel}","templated":true}]}}