{"id":30370,"date":"2024-10-31T14:08:49","date_gmt":"2024-10-31T13:08:49","guid":{"rendered":"https:\/\/testshop.igel.wovodo.de\/product\/schmutzwasser-tauchpumpe-dirt-star-extra-ss-550-integr-schwimmerschalter-10-m-kabel\/"},"modified":"2025-01-27T12:30:05","modified_gmt":"2025-01-27T11:30:05","slug":"schmutzwasser-tauchpumpe-dirt-star-extra-ss-550-integr-schwimmerschalter-10-m-kabel","status":"publish","type":"product","link":"https:\/\/testshop.igel.wovodo.de\/ru\/product\/schmutzwasser-tauchpumpe-dirt-star-extra-ss-550-integr-schwimmerschalter-10-m-kabel\/","title":{"rendered":"Schmutzwasser-Tauchpumpe DIRT-STAR-EXTRA-SS 550 integr. Schwimmerschalter, 10 m Kabel"},"content":{"rendered":"<div class=\"sale_application\">\n<p>Mobile Schmutzwasser-Tauchpumpe (Partikelgr\u00f6\u00dfe bis 35 mm) mit integriertem Schwimmer, Tragegriff und Druckstutzen<\/p>\n<ul>\n<li>zur Kellerentw\u00e4sserung\n<\/li>\n<li>\u0434\u043b\u044f \u043f\u043e\u043d\u0438\u0436\u0435\u043d\u0438\u044f \u0443\u0440\u043e\u0432\u043d\u044f \u0433\u0440\u0443\u043d\u0442\u043e\u0432\u044b\u0445 \u0432\u043e\u0434\n<\/li>\n<li>zur Beh\u00e4lter-Umf\u00fcllung\n<\/li>\n<li>f\u00fcr Entw\u00e4sserungsanwendungen\n<\/li>\n<li>Anwendungen im Drainagerohr\n<\/li>\n<li>zur Regenwasser-Nutzung\n<\/li>\n<li>im Teich, Bach oder Flusslauf <\/li>\n<\/ul><\/div>\n<div class=\"sale_description\">\n<p>Die Tauchpumpe <b>DIRT-STAR-EXTRA-SS 550<\/b> ist eine zuverl\u00e4ssige und besonders energieeffiziente Schmutzwasserpumpe.<\/p>\n<p>Die DIRT-STAR-EXTRA-SS 550 ist eine der wenigen Schmutzwassertauchpumpen mit integriertem Schwimmerschalter.<\/p>\n<p>Die Schmutzwassertauchpumpe mit Schwimmer erbringt eine max. F\u00f6rdermenge von <b> 10.000 l\/h<\/b>, einen maximalen Druck von <b> 0,7 bar<\/b> und eine maximale F\u00f6rderh\u00f6he von  7 m.<\/p>\n<p>\u0421\u0430\u0439\u0442 <b>integrierte Schwimmerschalter<\/b> reagiert bei einer Anschalth\u00f6he von 190mm und einer Abschalth\u00f6he von 60mm. Der Pumpen-Anschluss an der Druckseite hat verschiedene Gr\u00f6\u00dfen: ein 1 Zoll Au\u00dfengewinde und eine Kunststofft\u00fclle mit 1 1\/2 Zoll.<\/p>\n<p>Trotz ihrer geringen Leistungsaufnahme von nur 550 Watt, 230V, 50Hz schafft die Schmutzwasser-Tauchpumpe die gro\u00dfe maximale F\u00f6rdermenge. Durch das geringe Gewicht von  7 kg, den integrierten Tragegriff und die kompakte Bauweise ist die Tauchpumpe DIRT-STAR-EXTRA-SS 550 <b>mobil und schnell einsatzbereit<\/b>. Mit einer maximalen Partikelgr\u00f6\u00dfe von 35 mm hat die Tauchpumpe einen recht gro\u00dfen Anwendungsbereich.<\/p>\n<p>Durch die Konstruktion mit einer <b>mechanischen Dichtung<\/b> hat die Tauchpumpe f\u00fcr Schmutzwasser und Klarwasser eine wesentlich h\u00f6here Lebensdauer als vergleichbare Pumpen mit einfachen Dichtungen.<\/p>\n<\/div>\n<h3>\u041c\u043d\u043e\u0433\u043e \u0432\u0435\u0441\u043a\u0438\u0445 \u043f\u0440\u0438\u0447\u0438\u043d, \u043f\u043e \u043a\u043e\u0442\u043e\u0440\u044b\u043c \u0432\u044b \u0434\u043e\u043b\u0436\u043d\u044b \u043a\u0443\u043f\u0438\u0442\u044c \u044d\u0442\u043e\u0442 \u043f\u0440\u043e\u0434\u0443\u043a\u0442:<\/h3>\n<div class=\"sale_motive\">\n<ul>\n<li>durch <b>wartungs- und leckfreie mechanische Dichtung<\/b> hat die Pumpe viel h\u00f6here Lebensdauer als herk\u00f6mmliche Pumpen\n<\/li>\n<li>eine der wenigen Schmutzwasserpumpen mit <b>integriertem Schwimmerschalter<\/b>\n<\/li>\n<li>F\u00f6rdermenge von <b>10.000L\/h <\/b>\n<\/li>\n<li>vielseitige Einsatzm\u00f6glichkeiten durch kompakte Au\u00dfenma\u00dfe\n<\/li>\n<li>solide und zuverl\u00e4ssige Schmutzwasserpumpe\n<\/li>\n<li>verschiedene Anschl\u00fcsse an der Druckseite\n<\/li>\n<li>\u0422\u0440\u0430\u043d\u0441\u043f\u043e\u0440\u0442\u0438\u0440\u043e\u0432\u043a\u0430 \u0438 \u0431\u044b\u0441\u0442\u0440\u0430\u044f \u0433\u043e\u0442\u043e\u0432\u043d\u043e\u0441\u0442\u044c \u043a \u0438\u0441\u043f\u043e\u043b\u044c\u0437\u043e\u0432\u0430\u043d\u0438\u044e <\/li>\n<\/ul>\n<\/div>","protected":false},"excerpt":{"rendered":"<p>Energieeffiziente Schmutzwasserpumpe<br \/>\n  550 Watt | 0,7 bar | 10.000L\/h<\/p>\n<p><b>Mit integriertem Schwimmerschalter!<br \/>\n  Einzigartig auf dem Markt!<\/b><\/p>","protected":false},"featured_media":32622,"comment_status":"open","ping_status":"closed","template":"","meta":[],"product_brand":[],"product_cat":[279,377],"product_tag":[],"class_list":{"0":"post-30370","1":"product","2":"type-product","3":"status-publish","4":"has-post-thumbnail","6":"product_cat-schmutzwasserpumpe","7":"product_cat-mit-schwimmerschalter","9":"first","10":"instock","11":"taxable","12":"shipping-taxable","13":"purchasable","14":"product-type-simple"},"_links":{"self":[{"href":"https:\/\/testshop.igel.wovodo.de\/ru\/wp-json\/wp\/v2\/product\/30370","targetHints":{"allow":["GET"]}}],"collection":[{"href":"https:\/\/testshop.igel.wovodo.de\/ru\/wp-json\/wp\/v2\/product"}],"about":[{"href":"https:\/\/testshop.igel.wovodo.de\/ru\/wp-json\/wp\/v2\/types\/product"}],"replies":[{"embeddable":true,"href":"https:\/\/testshop.igel.wovodo.de\/ru\/wp-json\/wp\/v2\/comments?post=30370"}],"version-history":[{"count":1,"href":"https:\/\/testshop.igel.wovodo.de\/ru\/wp-json\/wp\/v2\/product\/30370\/revisions"}],"predecessor-version":[{"id":34985,"href":"https:\/\/testshop.igel.wovodo.de\/ru\/wp-json\/wp\/v2\/product\/30370\/revisions\/34985"}],"wp:featuredmedia":[{"embeddable":true,"href":"https:\/\/testshop.igel.wovodo.de\/ru\/wp-json\/wp\/v2\/media\/32622"}],"wp:attachment":[{"href":"https:\/\/testshop.igel.wovodo.de\/ru\/wp-json\/wp\/v2\/media?parent=30370"}],"wp:term":[{"taxonomy":"product_brand","embeddable":true,"href":"https:\/\/testshop.igel.wovodo.de\/ru\/wp-json\/wp\/v2\/product_brand?post=30370"},{"taxonomy":"product_cat","embeddable":true,"href":"https:\/\/testshop.igel.wovodo.de\/ru\/wp-json\/wp\/v2\/product_cat?post=30370"},{"taxonomy":"product_tag","embeddable":true,"href":"https:\/\/testshop.igel.wovodo.de\/ru\/wp-json\/wp\/v2\/product_tag?post=30370"}],"curies":[{"name":"wp","href":"https:\/\/api.w.org\/{rel}","templated":true}]}}