{"id":30371,"date":"2024-10-31T14:08:50","date_gmt":"2024-10-31T13:08:50","guid":{"rendered":"https:\/\/testshop.igel.wovodo.de\/product\/tauchpumpe-regen-star-super-800-3-inkl-flachsaugendem-saugfuss-mit-schwimmerschalter-10-m-kabel\/"},"modified":"2025-01-27T12:30:05","modified_gmt":"2025-01-27T11:30:05","slug":"tauchpumpe-regen-star-super-800-3-inkl-flachsaugendem-saugfuss-mit-schwimmerschalter-10-m-kabel","status":"publish","type":"product","link":"https:\/\/testshop.igel.wovodo.de\/ru\/product\/tauchpumpe-regen-star-super-800-3-inkl-flachsaugendem-saugfuss-mit-schwimmerschalter-10-m-kabel\/","title":{"rendered":"Tauchpumpe Regen-Star-Super 800-3 inkl. flachsaugendem Saugfu\u00df mit Schwimmerschalter, 10 m Kabel"},"content":{"rendered":"<div class=\"sale_application\">\n<ul>\n<li> zur Brauchwasserversorgung in Haus und Garten <\/li>\n<li> zur Regenwassernutzung <\/li>\n<li> zur Beh\u00e4lter-Umf\u00fcllung <\/li>\n<li> zur Nutzung von externen Wasserquellen aus Bach, Fluss und Brunnen, Vorratsbeh\u00e4lter  <\/li>\n<li> zum Bew\u00e4ssern von Rasen und Beeten  <\/li>\n<\/ul><\/div>\n<div class=\"sale_description\">\n<p>Die solide, zuverl\u00e4ssige und leistungsstarke Tauchdruckpumpe Regen-Star-Super 800-3 mit Schwimmerschalter ist sowohl f\u00fcr den <b>horizontalen<\/b> als auch f\u00fcr den <b>vertikalen Betrieb<\/b> geeignet. Die Tauchpumpe im hochwertigen Edelstahl-Geh\u00e4use hat eine Druckreserve. Mit 3bar (wie bei der Trinkwasserversorgung \u00fcblich) ist diese Klarwasserpumpe <b>ideal f\u00fcr die Regenwassernutzung und Gartenbew\u00e4sserung<\/b> bzw. um Wasser aus einem Bach oder Fluss zu f\u00f6rdern. Auch f\u00fcr Rasensprinkler ist die Tauchpumpe nutzbar.<\/p>\n<p>Die maximale Partikelgr\u00f6\u00dfe der Tauchpumpe mit Schwimmer betr\u00e4gt 0,5mm. Die Tauchpumpe f\u00fcr Klarwasser ist besonders f\u00fcr die F\u00f6rderung von hohen Wassermengen ohne Unterbrechungen geeignet.<br \/> Die Tauchdruckpumpe erbringt eine maximale F\u00f6rdermenge von <b>6.500l\/h<\/b>. Die maximale F\u00f6rderh\u00f6he liegt bei <b>30m<\/b> und der maximale F\u00f6rderdruck bei <b>3 bar<\/b>. Bitte beachten Sie, dass der F\u00f6rderdruck bei steigender F\u00f6rderh\u00f6he entsprechend abnimmt.<\/p>\n<p>Die Tauchdruckpumpe Regen-Star-Super 800-3 mit den drei Laufr\u00e4dern zeichnet sich durch ihr <b>ruhiges und leises Laufverhalten<\/b> aus. Bedingt durch die Pumpen-Dichtungssysteme ist die maximale Anzahl von 20 Schaltungen pro Stunde zu ber\u00fccksichtigen.<\/p>\n<p>Die Tauchpumpe Super 800-3 eignet sich hervorragend f\u00fcr den horizontalen und vertikalen Betrieb im Wasserspeicher. Beim Einsatz in Regenspeichern ist jedoch stets auf die BESTM\u00d6GLICHE Vorfilterung zu achten.<\/p>\n<p><strong>Unsere Tipps<\/strong><br \/>\n  Das Anschalten der Pumpe kann durch den optional erh\u00e4ltlichen Durchflussw\u00e4chter automatisiert werden. Dieser wird an der Druckseite der Pumpe angeschlossen und schaltet die Pumpe bei Wasserentnahme ein bzw. aus. <b>Um die Pumpe vor dem Trockenlauf zu sch\u00fctzen, ist ein Schwimmerschalter-Trockenlaufschutz vorhanden.<\/b> Der Schwimmerschalter ist so kurz wie gew\u00fcscht einzustellen, sodass eine sichere automatische Abschaltung der Pumpe erfolgt, falls nicht gen\u00fcgend Wasser im Speicher vorhanden ist.<\/p>\n<\/div>\n<h3>\u041c\u043d\u043e\u0433\u043e \u0432\u0435\u0441\u043a\u0438\u0445 \u043f\u0440\u0438\u0447\u0438\u043d, \u043f\u043e \u043a\u043e\u0442\u043e\u0440\u044b\u043c \u0432\u044b \u0434\u043e\u043b\u0436\u043d\u044b \u043a\u0443\u043f\u0438\u0442\u044c \u044d\u0442\u043e\u0442 \u043f\u0440\u043e\u0434\u0443\u043a\u0442:<\/h3>\n<div class=\"sale_motive\">\n<ul>\n<li>preiswerte, solide Qualit\u00e4ts-Tauchdruckpumpe mit max 3bar (ca. Hausanschlussdruck) und max 6500l\/h<\/li>\n<li>zuverl\u00e4ssig, leistungsstark (in optimierter Version)<\/li>\n<li>hochwertiges Dichtungssystem mit \u00d6lkammer<\/li>\n<li>hochwertiges Edelstahlgeh\u00e4use<\/li>\n<li>ruhiges und leises Laufverhalten<\/li>\n<li>Laufr\u00e4der aus verst\u00e4rktem Noryl<\/li>\n<li>integrierter Kondensator<\/li>\n<li>inkl. Schwimmerschalter<\/li>\n<li>horizontaler und vertikaler Betrieb<\/li>\n<li>\u0414\u043b\u0438\u0442\u0435\u043b\u044c\u043d\u044b\u0439 \u0441\u0440\u043e\u043a \u0441\u043b\u0443\u0436\u0431\u044b<\/li>\n<\/ul>\n<\/div>","protected":false},"excerpt":{"rendered":"<p>Hochdruck-Tauchpumpe mit  800Watt<br \/>\n  Pmax 3 bar | Qmax 6500l\/h | Hmax 30m<br \/>\n  Mit 10m Kabel und flachsaugendem Saugfu\u00df<\/p>\n<p><b>Inkl. Schwimmerschalter!<\/b><\/p>","protected":false},"featured_media":39839,"comment_status":"open","ping_status":"closed","template":"","meta":[],"product_brand":[],"product_cat":[280],"product_tag":[],"class_list":{"0":"post-30371","1":"product","2":"type-product","3":"status-publish","4":"has-post-thumbnail","6":"product_cat-hochdruckpumpe","8":"first","9":"instock","10":"taxable","11":"shipping-taxable","12":"purchasable","13":"product-type-simple"},"_links":{"self":[{"href":"https:\/\/testshop.igel.wovodo.de\/ru\/wp-json\/wp\/v2\/product\/30371","targetHints":{"allow":["GET"]}}],"collection":[{"href":"https:\/\/testshop.igel.wovodo.de\/ru\/wp-json\/wp\/v2\/product"}],"about":[{"href":"https:\/\/testshop.igel.wovodo.de\/ru\/wp-json\/wp\/v2\/types\/product"}],"replies":[{"embeddable":true,"href":"https:\/\/testshop.igel.wovodo.de\/ru\/wp-json\/wp\/v2\/comments?post=30371"}],"version-history":[{"count":1,"href":"https:\/\/testshop.igel.wovodo.de\/ru\/wp-json\/wp\/v2\/product\/30371\/revisions"}],"predecessor-version":[{"id":34986,"href":"https:\/\/testshop.igel.wovodo.de\/ru\/wp-json\/wp\/v2\/product\/30371\/revisions\/34986"}],"wp:featuredmedia":[{"embeddable":true,"href":"https:\/\/testshop.igel.wovodo.de\/ru\/wp-json\/wp\/v2\/media\/39839"}],"wp:attachment":[{"href":"https:\/\/testshop.igel.wovodo.de\/ru\/wp-json\/wp\/v2\/media?parent=30371"}],"wp:term":[{"taxonomy":"product_brand","embeddable":true,"href":"https:\/\/testshop.igel.wovodo.de\/ru\/wp-json\/wp\/v2\/product_brand?post=30371"},{"taxonomy":"product_cat","embeddable":true,"href":"https:\/\/testshop.igel.wovodo.de\/ru\/wp-json\/wp\/v2\/product_cat?post=30371"},{"taxonomy":"product_tag","embeddable":true,"href":"https:\/\/testshop.igel.wovodo.de\/ru\/wp-json\/wp\/v2\/product_tag?post=30371"}],"curies":[{"name":"wp","href":"https:\/\/api.w.org\/{rel}","templated":true}]}}