{"id":30380,"date":"2024-10-31T14:08:54","date_gmt":"2024-10-31T13:08:54","guid":{"rendered":"https:\/\/testshop.igel.wovodo.de\/product\/profi-airbrush-set-duo-power-i-mit-airbrush-pistole-138-d\/"},"modified":"2025-01-27T12:30:09","modified_gmt":"2025-01-27T11:30:09","slug":"profi-airbrush-set-duo-power-i-mit-airbrush-pistole-138-d","status":"publish","type":"product","link":"https:\/\/testshop.igel.wovodo.de\/ru\/product\/profi-airbrush-set-duo-power-i-mit-airbrush-pistole-138-d\/","title":{"rendered":"Profi-AirBrush Set Duo-Power I mit Airbrush Pistole 138 D"},"content":{"rendered":"<div class=\"sale_application\">\n<b><\/p>\n<p>\u0418\u0434\u0435\u0430\u043b\u044c\u043d\u043e \u043f\u043e\u0434\u0445\u043e\u0434\u0438\u0442 \u0434\u043b\u044f \u043a\u043e\u0441\u043c\u0435\u0442\u0438\u043a\u0438 \u0438 \u043a\u0440\u0430\u0441\u043e\u0442\u044b (\u0430\u044d\u0440\u043e\u0433\u0440\u0430\u0444\u0438\u044f \u0434\u043b\u044f \u043d\u043e\u0433\u0442\u0435\u0439, \u043c\u0430\u043a\u0438\u044f\u0436, \u043e\u043a\u0440\u0430\u0448\u0438\u0432\u0430\u043d\u0438\u0435 \u0432\u043e\u043b\u043e\u0441, \u0443\u0445\u043e\u0434 \u0437\u0430 \u0432\u043e\u043b\u043e\u0441\u0430\u043c\u0438, \u0430\u044d\u0440\u043e\u0437\u043e\u043b\u044c\u043d\u044b\u0439 \u0437\u0430\u0433\u0430\u0440), \u0431\u043e\u0434\u0438-\u0430\u0440\u0442\u0430 (\u0440\u043e\u0441\u043f\u0438\u0441\u044c \u043f\u043e \u0442\u0435\u043b\u0443, \u0442\u0430\u0442\u0443\u0438\u0440\u043e\u0432\u043a\u0438, \u0434\u0438\u0437\u0430\u0439\u043d \u043c\u0430\u0441\u043e\u043a), \u0445\u043e\u0431\u0431\u0438 (\u0446\u0432\u0435\u0442\u044b\/ \u0446\u0432\u0435\u0442\u043e\u0447\u043d\u044b\u0435 \u043a\u043e\u043c\u043f\u043e\u0437\u0438\u0446\u0438\u0438, \u0438\u0437\u0433\u043e\u0442\u043e\u0432\u043b\u0435\u043d\u0438\u0435 \u043c\u043e\u0434\u0435\u043b\u0435\u0439, \u043a\u0435\u0440\u0430\u043c\u0438\u043a\u0430\/ \u0433\u043e\u043d\u0447\u0430\u0440\u043d\u043e\u0435 \u0434\u0435\u043b\u043e, \u0442\u0435\u043a\u0441\u0442\u0438\u043b\u044c), \u043d\u0435\u0431\u043e\u043b\u044c\u0448\u0438\u0445 \u0430\u0432\u0442\u043e\u043c\u043e\u0431\u0438\u043b\u044c\u043d\u044b\u0445 \u0434\u0438\u0437\u0430\u0439\u043d\u043e\u0432 (\u043a\u0440\u044b\u0448\u043a\u0438 \u0431\u0435\u043d\u0437\u043e\u0431\u0430\u043a\u043e\u0432\/ \u0448\u043b\u0435\u043c\u044b), \u0442\u0435\u0445\u043d\u0438\u0447\u0435\u0441\u043a\u0438\u0445 \u0438\u043b\u043b\u044e\u0441\u0442\u0440\u0430\u0446\u0438\u0439\/ \u0444\u043e\u0442\u043e\u0440\u0435\u0442\u0443\u0448\u0438 \u0438 \u0443\u043a\u0440\u0430\u0448\u0435\u043d\u0438\u044f \u0435\u0434\u044b (\u0442\u043e\u0440\u0442\u044b\/ \u043a\u0435\u043a\u0441\u044b). \u0412\u043e\u0437\u043c\u043e\u0436\u043d\u043e\u0441\u0442\u0438 \u0430\u044d\u0440\u043e\u0433\u0440\u0430\u0444\u0438\u0438 \u043f\u0440\u0430\u043a\u0442\u0438\u0447\u0435\u0441\u043a\u0438 \u0431\u0435\u0437\u0433\u0440\u0430\u043d\u0438\u0447\u043d\u044b.<\/p>\n<p><\/b> <\/div>\n<div class=\"sale_description\">\n<p>Dieser Dieser \u00f6l- und wartungsfreie <strong>Airbrush Kompressor DUO-POWER II<\/strong> ist ein Zwei-Zylinder-Kolben-Kompressor mit Lufttank und einer Druckluftreserve von 3,5 Litern. Der Airbrush Kompressor ist f\u00fcr Arbeiten mit allen handels\u00fcblichen Airbrush-Pistolen und Airbrush-Farben geeignet. Mit nur 50 dB erm\u00f6glicht er angenehmes, leises Arbeiten auch in kleineren, geschlossenen R\u00e4umen.<\/p>\n<p>Ausgestattet ist der Airbrush Kompressor mit einem <b>Tragegriff<\/b>, einer <b>Auto-Stop-Automatik<\/b>, einem <b>Manometer<\/b>, einem <b>Wasserabschneider<\/b>, einem integrierten Durchfluss- und Druckregler und einem Luftdrucktank mit einer Druckluftreserve von 3,5 Litern.<\/p>\n<p>Sein kompaktes Design und der integrierte Tragegriff erleichtern den mobilen Einsatz. Die Abschaltautomatik erm\u00f6glicht einen stromsparenden und ger\u00e4teschonenden Betrieb. Durch den integrierten Lufttank ist ein perfektes Arbeiten durch gleichbleibenden Luftdruckm\u00f6glich.<\/p>\n<p>Der Autostop bei Schalterstellung I erfolgt bei einem Druck von 4bar und bei 3bar wird der Kompressor wieder gestartet. Bei Schalterstellung II schaltet das Ger\u00e4t nicht automatisch aus und erlaubt ein kontinuierliches Weiterarbeiten am Objekt.<\/p>\n<p>Der gewebeummantelte <strong>Gummischlauch<\/strong> verbindet die AirBrush-Pistole mit dem Kompressor. Durch eine textile Ummantelung ist der Schlauch sehr haltbar und strapazierf\u00e4hig. Die L\u00e4nge von 1,8m gibt ausreichend Bewegungsfreiheit.<\/p>\n<p>Die Airbrush-Pistole <strong>&#8220;Gravity Single-Action-Gun 138 D 0,8&#8221;<\/strong> ist ein Zweistoff-Zerst\u00e4uber, der nach dem Prinzip einer Strahlpumpe arbeitet, wobei Druckluft als Treibmittel verwendet wird.<br \/>\n  In Abh\u00e4ngigkeit von der St\u00e4rke des Luftstroms und der Menge der Farbe, kann man mit einer Airbushpistole feinste Linien, aber auch gro\u00dfe Fl\u00e4chen malen. Man kann Farbe deckend aufspr\u00fchen, aber auch einen transparenten Farbfilm airbrushen.<\/p>\n<p>Das Spr\u00fchmuster dieser Pistole weist mit einem Umfang von 1\/4 &#8211; 1 1\/2 Zoll eine gro\u00dfe Vielseitigkeit aus. F\u00fcr den Einsatz wird ein Adapter ben\u00f6tigt, um die g\u00e4ngigen 1\/4 Zoll Kompressoranschl\u00fcsse auf den kleineren Schlauchdurchmesser zu reduzieren.<\/p>\n<\/div>\n<h3>\u041c\u043d\u043e\u0433\u043e \u0432\u0435\u0441\u043a\u0438\u0445 \u043f\u0440\u0438\u0447\u0438\u043d, \u043f\u043e \u043a\u043e\u0442\u043e\u0440\u044b\u043c \u0432\u044b \u0434\u043e\u043b\u0436\u043d\u044b \u043a\u0443\u043f\u0438\u0442\u044c \u044d\u0442\u043e\u0442 \u043f\u0440\u043e\u0434\u0443\u043a\u0442:<\/h3>\n<div class=\"sale_motive\">\n<ul>\n<li>energieeffizienter Doppelzylinder Kolbenkompressor mit 190 Watt<\/li>\n<li><b>2 Schalterpositionen | Duo-Power<\/b><\/li>\n<ul>\n<li>Position 1: Automatik Modus<\/li>\n<li>Position 2: Manueller Modus<\/li>\n<\/ul>\n<li>inkl. Airbrushpistole und viel Zubeh\u00f6r<\/li>\n<li>\u0422\u0440\u0430\u043d\u0441\u043f\u043e\u0440\u0442\u0438\u0440\u043e\u0432\u043a\u0430 \u0438 \u0431\u044b\u0441\u0442\u0440\u0430\u044f \u0433\u043e\u0442\u043e\u0432\u043d\u043e\u0441\u0442\u044c \u043a \u0438\u0441\u043f\u043e\u043b\u044c\u0437\u043e\u0432\u0430\u043d\u0438\u044e<\/li>\n<li><b>Autostop Automatik<\/b> (4bar-Stop | 3bar-Start)<\/li>\n<li>\u041d\u0435 \u0442\u0440\u0435\u0431\u0443\u0435\u0442 \u043c\u0430\u0441\u043b\u0430 \u0438 \u0442\u0435\u0445\u043d\u0438\u0447\u0435\u0441\u043a\u043e\u0433\u043e \u043e\u0431\u0441\u043b\u0443\u0436\u0438\u0432\u0430\u043d\u0438\u044f<\/li>\n<li>\u0411\u0435\u0437\u0443\u043f\u0440\u0435\u0447\u043d\u0430\u044f \u0440\u0430\u0431\u043e\u0442\u0430 \u0431\u043b\u0430\u0433\u043e\u0434\u0430\u0440\u044f \u043f\u043e\u0441\u0442\u043e\u044f\u043d\u043d\u043e\u043c\u0443 \u0440\u0430\u0431\u043e\u0447\u0435\u043c\u0443 \u0434\u0430\u0432\u043b\u0435\u043d\u0438\u044e<\/li>\n<li>\u0421\u043e\u0435\u0434\u0438\u043d\u0435\u043d\u0438\u0435: \u0440\u0435\u0437\u044c\u0431\u0430 0,3 \u0441\u043c (1\/8\u2033) \u0434\u043b\u044f \u0432\u0441\u0435\u0445 \u0440\u0430\u0441\u043f\u0440\u043e\u0441\u0442\u0440\u0430\u043d\u0435\u043d\u043d\u044b\u0445 \u043f\u0438\u0441\u0442\u043e\u043b\u0435\u0442\u043e\u0432 \u0434\u043b\u044f \u0430\u044d\u0440\u043e\u0433\u0440\u0430\u0444\u0430<\/li>\n<li>\u0418\u0434\u0435\u0430\u043b\u044c\u043d\u043e \u043f\u043e\u0434\u0445\u043e\u0434\u0438\u0442 \u0434\u043b\u044f \u043c\u043e\u0431\u0438\u043b\u044c\u043d\u043e\u0433\u043e \u0438\u0441\u043f\u043e\u043b\u044c\u0437\u043e\u0432\u0430\u043d\u0438\u044f<\/li>\n<li>\u0422\u0435\u0440\u043c\u043e\u0437\u0430\u0449\u0438\u0442\u0430<\/li>\n<li><b>integrierter Durchfluss- und Druckregler, Manometer, Wasserabscheider<\/b><\/li>\n<li>fl\u00fcsterleiser Betrieb ca. 49dB (Zum Vergleich: ein normales Gespr\u00e4ch in 1 m Abstand = 60dB)<\/li>\n<\/ul>\n<\/div>","protected":false},"excerpt":{"rendered":"<p>Airbrush-Kompressor-Set<br \/>\n  <b>Profi-AirBrush-Kompressor mit DUO-Power-Funktion<br \/>\n    und Single-Action-Airbrushpistole mit 2 Maxi-Farbbeh\u00e4ltern<\/b><\/p>","protected":false},"featured_media":32650,"comment_status":"open","ping_status":"closed","template":"","meta":[],"product_brand":[],"product_cat":[217,185],"product_tag":[],"class_list":{"0":"post-30380","1":"product","2":"type-product","3":"status-publish","4":"has-post-thumbnail","6":"product_cat-profi-set-mit-kompressor","7":"product_cat-airbrush-sets","9":"first","10":"instock","11":"taxable","12":"shipping-taxable","13":"purchasable","14":"product-type-simple"},"_links":{"self":[{"href":"https:\/\/testshop.igel.wovodo.de\/ru\/wp-json\/wp\/v2\/product\/30380","targetHints":{"allow":["GET"]}}],"collection":[{"href":"https:\/\/testshop.igel.wovodo.de\/ru\/wp-json\/wp\/v2\/product"}],"about":[{"href":"https:\/\/testshop.igel.wovodo.de\/ru\/wp-json\/wp\/v2\/types\/product"}],"replies":[{"embeddable":true,"href":"https:\/\/testshop.igel.wovodo.de\/ru\/wp-json\/wp\/v2\/comments?post=30380"}],"version-history":[{"count":1,"href":"https:\/\/testshop.igel.wovodo.de\/ru\/wp-json\/wp\/v2\/product\/30380\/revisions"}],"predecessor-version":[{"id":34995,"href":"https:\/\/testshop.igel.wovodo.de\/ru\/wp-json\/wp\/v2\/product\/30380\/revisions\/34995"}],"wp:featuredmedia":[{"embeddable":true,"href":"https:\/\/testshop.igel.wovodo.de\/ru\/wp-json\/wp\/v2\/media\/32650"}],"wp:attachment":[{"href":"https:\/\/testshop.igel.wovodo.de\/ru\/wp-json\/wp\/v2\/media?parent=30380"}],"wp:term":[{"taxonomy":"product_brand","embeddable":true,"href":"https:\/\/testshop.igel.wovodo.de\/ru\/wp-json\/wp\/v2\/product_brand?post=30380"},{"taxonomy":"product_cat","embeddable":true,"href":"https:\/\/testshop.igel.wovodo.de\/ru\/wp-json\/wp\/v2\/product_cat?post=30380"},{"taxonomy":"product_tag","embeddable":true,"href":"https:\/\/testshop.igel.wovodo.de\/ru\/wp-json\/wp\/v2\/product_tag?post=30380"}],"curies":[{"name":"wp","href":"https:\/\/api.w.org\/{rel}","templated":true}]}}