{"id":30404,"date":"2024-10-31T14:09:09","date_gmt":"2024-10-31T13:09:09","guid":{"rendered":"https:\/\/testshop.igel.wovodo.de\/product\/4-tiefbrunnenpumpe-brunnen-star-550-4-1-8-230v-bedingt-sandvertraeglich\/"},"modified":"2025-01-27T12:30:18","modified_gmt":"2025-01-27T11:30:18","slug":"4-tiefbrunnenpumpe-brunnen-star-550-4-1-8-230v-bedingt-sandvertraeglich","status":"publish","type":"product","link":"https:\/\/testshop.igel.wovodo.de\/ru\/product\/4-tiefbrunnenpumpe-brunnen-star-550-4-1-8-230v-bedingt-sandvertraeglich\/","title":{"rendered":"4&#8243;-Tiefbrunnenpumpe Brunnen-Star 550-4.1-8 230V bedingt sandvertr\u00e4glich"},"content":{"rendered":"<div class=\"sale_description\">\n<p>Robuste, stabile Tiefbrunnenpumpe in Handwerker-Qualit\u00e4t aus rostfreiem Edelsstahl f\u00fcr tiefe Brunnenbohrungen.<\/p>\n<p>Diese EU-Brunnen-Pumpen werden f\u00fcr uns von einem innovativen <b>Qualit\u00e4ts-Unternehmen mit langj\u00e4hriger Tradition in der Pumpenfertigung entwickelt und hergestellt.<\/b> Einzelne Fertigungsschritte unterliegen einer strengen Qualit\u00e4tspr\u00fcfung, wobei bei jeder Pumpe noch eine Endkontrolle erfolgt.<\/p>\n<p>Zum Einsatz kommen nur gepr\u00fcfte qualitativ hochwertige Bauteile und Materialien: <b>Rostfreie, robuste Edelstahlgeh\u00e4use, Mehrfach-Dichtungen, Messing-Bauteile und  hochwertiger, \u00f6lgelagerter, gekapselter Motoren sorgen f\u00fcr eine lange Lebensdauer.<\/b><\/p>\n<p>Durch die Konstruktion mit 3-fachen Wellenabdichtungen hat die hochwertige <b>4&#8243;-Tiefbrunnenpumpe Brunnen-Star 550-4.1-8 230V bedingt sandvertr\u00e4glich <\/b> aus europ\u00e4ischer Herstellung eine deutlich h\u00f6here Lebensdauer als Pumpen mit herk\u00f6mmlichen mechanischen Dichtungen. Die Edelstahl-Tiefbrunnenpumpe ist deshalb auch f\u00fcr Extrem-Eins\u00e4tze bestens geeignet.<\/p>\n<p>Trotz der geringen Leistungsaufnahme schafft die bedingt sandvertr\u00e4gliche Tiefbrunnenpumpe eine F\u00f6rdermenge von bis zu <b>Min.10 l\/min (0,60 m\u00b3\/h) \/ Max.60 l\/min (3,60 m\u00b3\/h)<\/p>\n<p><\/b>. Der maximale Druck liegt bei <b>6bar<\/b>, die maximale F\u00f6rderh\u00f6he bei <b>70 m<\/p>\n<p><\/b>.<br \/>\n  Bitte beachten Sie, dass der F\u00f6rderdruck bei steigender F\u00f6rderh\u00f6he entsprechend abnimmt.<\/p>\n<p>Unsere EU-Brunnenpumpen sind zudem <b>bedingt sandvertr\u00e4glich<\/b> (max. Partikelgr\u00f6\u00dfe: 0,2mm, max. Sandgehalt: 150g\/m\u00b3).<\/p>\n<p>Noch mehr <b>Energie und Kosten sparen<\/b> Sie, wenn Sie Ihre Pumpe mit einem <b>effizienten<\/b> Pumpen-Inverter erg\u00e4nzen. Unterst\u00fctzen Sie mit intelligenter Technik den <b>Klima- und Umweltschutz, sparen Sie Stromkosten und sorgen teuren Reparaturen und Wartungsarbeiten<\/b> vor. Die Inverter-Steuerung sorgt f\u00fcr besonders schonenden Pumpenbetrieb frei von Druckschl\u00e4gen.<\/p>\n<p>Bitte beachten: F\u00fcr die richtige Funktion der INVERTER-Pumpensteuerung  MUSS ein Druckausdehnungsgef\u00e4\u00df \/Drucktank mit einem Mindestvolumen von 2L in der Druckleitung in unmittelbarer N\u00e4he der Steuerung vorhanden sein. Bei unserer Zubeh\u00f6r-Auswahl k\u00f6nnen Sie f\u00fcr einen kleinen Aufpreis einen hochwertigen Drucktank (2 oder 8L) mitbestellen.<\/p>\n<\/div>\n<h3>\u041c\u043d\u043e\u0433\u043e \u0432\u0435\u0441\u043a\u0438\u0445 \u043f\u0440\u0438\u0447\u0438\u043d, \u043f\u043e \u043a\u043e\u0442\u043e\u0440\u044b\u043c \u0432\u044b \u0434\u043e\u043b\u0436\u043d\u044b \u043a\u0443\u043f\u0438\u0442\u044c \u044d\u0442\u043e\u0442 \u043f\u0440\u043e\u0434\u0443\u043a\u0442:<\/h3>\n<div class=\"sale_motive\">\n<ul>\n<li>hochwertige, leistungsstarke &amp; bedingt sandvertr\u00e4gliche Brunnenpumpe<\/li>\n<li>\u041f\u0440\u043e\u0447\u043d\u044b\u0439 \u043a\u043e\u0440\u043f\u0443\u0441 \u0438\u0437 \u043d\u0435\u0440\u0436\u0430\u0432\u0435\u044e\u0449\u0435\u0439 \u0441\u0442\u0430\u043b\u0438<\/li>\n<li>Spitzen-Qualit\u00e4t aus Europ\u00e4ischer Fertigung nach neusten EU-Energie-Richtlinien<\/li>\n<li>Dank der besonderen Technik ist dies eine der effektivsten und energiesparsamsten Pumpen auf dem Markt<\/li>\n<li>gekapselter Qualit\u00e4ts-Elektromotor<\/li>\n<li>Profi-Qualit\u00e4t f\u00fcr Dauerbetrieb<\/li>\n<li>sehr lange Lebensdauer durch Mehrfach-Dichtungsystem mit \u00d6lschmierung<\/li>\n<li>keine Ansaugung von Bodensediment durch seitliche Ansaugung<\/li>\n<li>F\u00f6rdermenge von Min.10 l\/min (0,60 m\u00b3\/h) \/ Max.60 l\/min (3,60 m\u00b3\/h)\n<p> bei einer nominalen Leistungsaufnahme von 550 Watt (P1= 0,55kW)<\/li>\n<li>Qmax Min.10 l\/min (0,60 m\u00b3\/h) \/ Max.60 l\/min (3,60 m\u00b3\/h)\n<p> | Pmax 6bar | Hmax 70 m<\/p>\n<\/li>\n<li>Optimaler Wirkungsgrad 43,4% (maximaler Wirkungsgrad 55,50%) bei 49,5m (2,4bar \/ 40l\/min) Brunnentiefe<\/li>\n<li>anschlussfertig<\/li>\n<\/ul>\n<\/div>","protected":false},"excerpt":{"rendered":"<p>Edelstahl-Brunnenpumpe mit 550 Watt (P1= 0,55kW)<\/p>\n<p>Qmax Min.10 l\/min (0,60 m\u00b3\/h) \/ Max.60 l\/min (3,60 m\u00b3\/h)<\/p>\n<p> | Pmax 6bar | Hmax 70 m<\/p>\n<p>\nOptimaler Wirkungsgrad 43,4% (maximaler Wirkungsgrad 55,50%) bei 49,5m (2,4bar \/ 40l\/min) Brunnentiefe<\/p>\n<p><b>Perfektion in Edelstahl &#8211; Hochwertige EU-Fertigung<\/b><\/p>","protected":false},"featured_media":32739,"comment_status":"open","ping_status":"closed","template":"","meta":[],"product_brand":[],"product_cat":[344,223],"product_tag":[],"class_list":{"0":"post-30404","1":"product","2":"type-product","3":"status-publish","4":"has-post-thumbnail","6":"product_cat-4-zoll-230v","7":"product_cat-eu-produktion","9":"first","10":"instock","11":"taxable","12":"shipping-taxable","13":"purchasable","14":"product-type-simple"},"_links":{"self":[{"href":"https:\/\/testshop.igel.wovodo.de\/ru\/wp-json\/wp\/v2\/product\/30404","targetHints":{"allow":["GET"]}}],"collection":[{"href":"https:\/\/testshop.igel.wovodo.de\/ru\/wp-json\/wp\/v2\/product"}],"about":[{"href":"https:\/\/testshop.igel.wovodo.de\/ru\/wp-json\/wp\/v2\/types\/product"}],"replies":[{"embeddable":true,"href":"https:\/\/testshop.igel.wovodo.de\/ru\/wp-json\/wp\/v2\/comments?post=30404"}],"version-history":[{"count":1,"href":"https:\/\/testshop.igel.wovodo.de\/ru\/wp-json\/wp\/v2\/product\/30404\/revisions"}],"predecessor-version":[{"id":35019,"href":"https:\/\/testshop.igel.wovodo.de\/ru\/wp-json\/wp\/v2\/product\/30404\/revisions\/35019"}],"wp:featuredmedia":[{"embeddable":true,"href":"https:\/\/testshop.igel.wovodo.de\/ru\/wp-json\/wp\/v2\/media\/32739"}],"wp:attachment":[{"href":"https:\/\/testshop.igel.wovodo.de\/ru\/wp-json\/wp\/v2\/media?parent=30404"}],"wp:term":[{"taxonomy":"product_brand","embeddable":true,"href":"https:\/\/testshop.igel.wovodo.de\/ru\/wp-json\/wp\/v2\/product_brand?post=30404"},{"taxonomy":"product_cat","embeddable":true,"href":"https:\/\/testshop.igel.wovodo.de\/ru\/wp-json\/wp\/v2\/product_cat?post=30404"},{"taxonomy":"product_tag","embeddable":true,"href":"https:\/\/testshop.igel.wovodo.de\/ru\/wp-json\/wp\/v2\/product_tag?post=30404"}],"curies":[{"name":"wp","href":"https:\/\/api.w.org\/{rel}","templated":true}]}}