{"id":30447,"date":"2024-10-31T14:09:37","date_gmt":"2024-10-31T13:09:37","guid":{"rendered":"https:\/\/testshop.igel.wovodo.de\/product\/kartuschenfilter\/"},"modified":"2025-01-27T12:30:31","modified_gmt":"2025-01-27T11:30:31","slug":"kartuschenfilter","status":"publish","type":"product","link":"https:\/\/testshop.igel.wovodo.de\/ru\/product\/kartuschenfilter\/","title":{"rendered":"\u041a\u0430\u0440\u0442\u0440\u0438\u0434\u0436\u043d\u044b\u0439 \u0444\u0438\u043b\u044c\u0442\u0440"},"content":{"rendered":"<div class=\"sale_application\">\n<ul>\n<li>\u0424\u0438\u043b\u044c\u0442\u0440 \u043f\u0440\u0435\u0434\u0432\u0430\u0440\u0438\u0442\u0435\u043b\u044c\u043d\u043e\u0439 \u043e\u0447\u0438\u0441\u0442\u043a\u0438 \u0434\u043b\u044f \u043d\u0430\u0441\u043e\u0441\u043e\u0432 \u0438 \u0440\u0430\u0441\u043f\u0440\u0435\u0434\u0435\u043b\u0438\u0442\u0435\u043b\u044c\u043d\u044b\u0445 \u0443\u0441\u0442\u0440\u043e\u0439\u0441\u0442\u0432<\/li>\n<li>\u0422\u043e\u043d\u043a\u0430\u044f \u0444\u0438\u043b\u044c\u0442\u0440\u0430\u0446\u0438\u044f \u0434\u043b\u044f \u0441\u0442\u0438\u0440\u0430\u043b\u044c\u043d\u044b\u0445 \u043c\u0430\u0448\u0438\u043d \u0438 \u0442.\u0434.<\/li>\n<\/ul>\n<\/div>\n<div class=\"sale_description\">\n<p>Der Kartuschenfilter wird je nach Anwendungsfall vor dem Abnehmer (z.B. Waschmaschine) oder vor der Pumpe (bei Kreiselpumpen) eingebaut. Mit einer sehr feinen Maschenweite von nur 0,2mm werden selbst kleinste Partikel aus dem Wasser gefiltert. Durch das robuste, schwarze (und somit lichtundurchl\u00e4ssige) Geh\u00e4use wird die Keimbildung auf der Siebfl\u00e4che verhindert.<\/p>\n<p>\u041a\u0430\u0440\u0442\u0440\u0438\u0434\u0436\u043d\u044b\u0439 \u0444\u0438\u043b\u044c\u0442\u0440 \u043d\u0430\u0441\u0442\u043e\u044f\u0442\u0435\u043b\u044c\u043d\u043e \u0440\u0435\u043a\u043e\u043c\u0435\u043d\u0434\u0443\u0435\u0442\u0441\u044f \u0434\u043b\u044f \u043a\u0430\u0436\u0434\u043e\u0433\u043e \u043d\u0430\u0441\u043e\u0441\u0430!<\/p>\n<p><b>Unsere Tipps<\/b><\/p>\n<p>Die Bauart des Filters setzt eine bestimmte Durchflussrichtung voraus. Daher niemals den Filter falsch herum montieren! (Eine Durchflussrichtungs-Markierung ist auf dem Kartuschenfilter zu finden)<br \/>\n  \u0427\u0442\u043e\u0431\u044b \u0438\u0437\u0431\u0435\u0436\u0430\u0442\u044c \u0441\u043d\u0438\u0436\u0435\u043d\u0438\u044f \u0434\u0430\u0432\u043b\u0435\u043d\u0438\u044f \u0438\u043b\u0438 \u043f\u043e\u0432\u0440\u0435\u0436\u0434\u0435\u043d\u0438\u044f \u043d\u0430\u0441\u043e\u0441\u0430, \u0440\u0435\u043a\u043e\u043c\u0435\u043d\u0434\u0443\u0435\u0442\u0441\u044f \u0440\u0435\u0433\u0443\u043b\u044f\u0440\u043d\u043e \u043f\u0440\u043e\u0432\u0435\u0440\u044f\u0442\u044c \u0444\u0438\u043b\u044c\u0442\u0440 (\u043f\u0440\u0438\u043c\u0435\u0440\u043d\u043e \u0440\u0430\u0437 \u0432 2-3 \u043c\u0435\u0441\u044f\u0446\u0430) \u0438 \u043f\u0440\u0438 \u043d\u0435\u043e\u0431\u0445\u043e\u0434\u0438\u043c\u043e\u0441\u0442\u0438 \u043e\u0447\u0438\u0449\u0430\u0442\u044c \u0435\u0433\u043e.<\/p>\n<\/div>\n<h3>\u041c\u043d\u043e\u0433\u043e \u0432\u0435\u0441\u043a\u0438\u0445 \u043f\u0440\u0438\u0447\u0438\u043d, \u043f\u043e \u043a\u043e\u0442\u043e\u0440\u044b\u043c \u0432\u044b \u0434\u043e\u043b\u0436\u043d\u044b \u043a\u0443\u043f\u0438\u0442\u044c \u044d\u0442\u043e\u0442 \u043f\u0440\u043e\u0434\u0443\u043a\u0442:<\/h3>\n<div class=\"sale_motive\">\n<ul>\n<li>\u041f\u0440\u0435\u0434\u043e\u0442\u0432\u0440\u0430\u0449\u0435\u043d\u0438\u0435 \u0437\u0430\u0441\u043e\u0440\u0435\u043d\u0438\u044f (\u043d\u0430\u043f\u0440\u0438\u043c\u0435\u0440, \u0432 \u0432\u044b\u043f\u0443\u0441\u043a\u043d\u044b\u0445 \u0444\u043e\u0440\u0441\u0443\u043d\u043a\u0430\u0445 \u0433\u0430\u0437\u043e\u043d\u043d\u044b\u0445 \u0434\u043e\u0436\u0434\u0435\u0432\u0430\u0442\u0435\u043b\u0435\u0439)<\/li>\n<li>\u0412 \u0442\u0440\u0443\u0431\u0430\u0445 \u043d\u0435 \u0441\u043a\u0430\u043f\u043b\u0438\u0432\u0430\u0435\u0442\u0441\u044f \u0433\u0440\u044f\u0437\u044c<\/li>\n<li>\u0424\u0443\u043d\u043a\u0446\u0438\u043e\u043d\u0430\u043b\u044c\u043d\u043e\u0435 \u0443\u043b\u0443\u0447\u0448\u0435\u043d\u0438\u0435 \u0434\u043b\u044f \u043f\u0435\u0440\u0435\u043a\u043b\u044e\u0447\u0430\u044e\u0449\u0438\u0445 \u0443\u0441\u0442\u0440\u043e\u0439\u0441\u0442\u0432<\/li>\n<li>\u0411\u044b\u0441\u0442\u0440\u0430\u044f \u043e\u0447\u0438\u0441\u0442\u043a\u0430\/\u0437\u0430\u043c\u0435\u043d\u0430 \u0444\u0438\u043b\u044c\u0442\u0440\u0430<\/li>\n<li>sehr feine Maschenweite (nur 0,2mm)<\/li>\n<li>\u041a\u043e\u043c\u043f\u0430\u043a\u0442\u043d\u044b\u0439 \u0434\u0438\u0437\u0430\u0439\u043d<\/li>\n<li>\u041f\u0440\u043e\u0441\u0442\u0430\u044f \u0441\u0431\u043e\u0440\u043a\u0430<\/li>\n<li>Ersatzkartusche hier im Shop erh\u00e4ltlich<\/li>\n<\/ul>\n<\/div>","protected":false},"excerpt":{"rendered":"<p>\u0422\u043e\u043d\u043a\u0430\u044f \u0444\u0438\u043b\u044c\u0442\u0440\u0430\u0446\u0438\u044f \u0434\u043b\u044f \u0441\u0442\u0438\u0440\u0430\u043b\u044c\u043d\u044b\u0445 \u043c\u0430\u0448\u0438\u043d, \u0440\u0430\u0441\u043f\u0440\u0435\u0434\u0435\u043b\u0438\u0442\u0435\u043b\u044c\u043d\u044b\u0445 \u0443\u0441\u0442\u0440\u043e\u0439\u0441\u0442\u0432, \u0446\u0435\u043d\u0442\u0440\u043e\u0431\u0435\u0436\u043d\u044b\u0445 \u043d\u0430\u0441\u043e\u0441\u043e\u0432 \u0438 \u0442.\u0434.<br \/>\n  \u0420\u0430\u0437\u043c\u0435\u0440 \u044f\u0447\u0435\u0439\u043a\u0438: 0,2 \u043c\u043c | \u041c\u0430\u043a\u0441. \u0441\u043a\u043e\u0440\u043e\u0441\u0442\u044c \u043f\u043e\u0442\u043e\u043a\u0430: 8000 \u043b\/\u0447<\/p>","protected":false},"featured_media":32913,"comment_status":"open","ping_status":"closed","template":"","meta":[],"product_brand":[],"product_cat":[451,199,201,203,205],"product_tag":[],"class_list":{"0":"post-30447","1":"product","2":"type-product","3":"status-publish","4":"has-post-thumbnail","6":"product_cat-kartuschenfilter","7":"product_cat-zubehoer-hww","8":"product_cat-zubehoer-tauchpumpen","9":"product_cat-zubehoer-kreiselpumpe","10":"product_cat-zubehoer-brunnenpumpe","12":"first","13":"instock","14":"taxable","15":"shipping-taxable","16":"purchasable","17":"product-type-simple"},"_links":{"self":[{"href":"https:\/\/testshop.igel.wovodo.de\/ru\/wp-json\/wp\/v2\/product\/30447","targetHints":{"allow":["GET"]}}],"collection":[{"href":"https:\/\/testshop.igel.wovodo.de\/ru\/wp-json\/wp\/v2\/product"}],"about":[{"href":"https:\/\/testshop.igel.wovodo.de\/ru\/wp-json\/wp\/v2\/types\/product"}],"replies":[{"embeddable":true,"href":"https:\/\/testshop.igel.wovodo.de\/ru\/wp-json\/wp\/v2\/comments?post=30447"}],"version-history":[{"count":1,"href":"https:\/\/testshop.igel.wovodo.de\/ru\/wp-json\/wp\/v2\/product\/30447\/revisions"}],"predecessor-version":[{"id":35062,"href":"https:\/\/testshop.igel.wovodo.de\/ru\/wp-json\/wp\/v2\/product\/30447\/revisions\/35062"}],"wp:featuredmedia":[{"embeddable":true,"href":"https:\/\/testshop.igel.wovodo.de\/ru\/wp-json\/wp\/v2\/media\/32913"}],"wp:attachment":[{"href":"https:\/\/testshop.igel.wovodo.de\/ru\/wp-json\/wp\/v2\/media?parent=30447"}],"wp:term":[{"taxonomy":"product_brand","embeddable":true,"href":"https:\/\/testshop.igel.wovodo.de\/ru\/wp-json\/wp\/v2\/product_brand?post=30447"},{"taxonomy":"product_cat","embeddable":true,"href":"https:\/\/testshop.igel.wovodo.de\/ru\/wp-json\/wp\/v2\/product_cat?post=30447"},{"taxonomy":"product_tag","embeddable":true,"href":"https:\/\/testshop.igel.wovodo.de\/ru\/wp-json\/wp\/v2\/product_tag?post=30447"}],"curies":[{"name":"wp","href":"https:\/\/api.w.org\/{rel}","templated":true}]}}