{"id":30524,"date":"2024-10-31T14:10:26","date_gmt":"2024-10-31T13:10:26","guid":{"rendered":"https:\/\/testshop.igel.wovodo.de\/product\/tauchdruckpumpe-fuer-schwimmende-entnahme-top-multi-2-evo\/"},"modified":"2025-01-27T12:30:54","modified_gmt":"2025-01-27T11:30:54","slug":"tauchdruckpumpe-fuer-schwimmende-entnahme-top-multi-2-evo","status":"publish","type":"product","link":"https:\/\/testshop.igel.wovodo.de\/ru\/product\/tauchdruckpumpe-fuer-schwimmende-entnahme-top-multi-2-evo\/","title":{"rendered":"Tauchdruckpumpe f\u00fcr schwimmende Entnahme &#8211; TOP MULTI 2 &#8211; EVO"},"content":{"rendered":"<div class=\"sale_application\">\n<ul>\n<li>Tauchdruckpumpe f\u00fcr schwimmende Entnahme<\/li>\n<li>Tauchdruckpumpe zur Regenwassernutzung<\/li>\n<\/ul><\/div>\n<div class=\"sale_description\">\n<p><b>Die Tauchdruckpumpe f\u00fcr schwimmende Entnahme &#8211; TOP MULTI 2 &#8211; EVO stammt aus hochwertiger europ\u00e4ischer Fertigung.<\/b> Die Tauchpumpe mit Schwimmerschalter besteht aus soliden Bauelementen von bew\u00e4hrter Qualit\u00e4t: Edelstahl-Motorwelle, Edelstahl-Motorgeh\u00e4use und Edelstahl-Motorschutzplatte sind eingebettet in einem aus glasverst\u00e4rktem Technopolymer bestehenden Pumpen-K\u00f6rper. Die Doppel-Wellen-Dichtung besteht aus Keramik (feste Dichtung) und Graphit (Gleitdichtung). In der Laufrad-Konstruktion ist ein lebensverl\u00e4ngernder und qualit\u00e4tssichernder Anti-Verschlei\u00dfring integriert.<\/p>\n<p>Die Zisternen-Tauchpumpe ist f\u00fcr die F\u00f6rderung von Regenwasser aus Fass, Tank oder Zisterne ideal geeignet.<\/p>\n<p>Die Tauchpumpe f\u00fcr schwimmende Entnahme bew\u00e4ltigt eine F\u00f6rdermenge \u00fcber <b>4.800 Liter pro Stunde<\/b>. Die Pumpe mit Schwimmer ist <b>flachsaugend bis max. 35mm<\/b> \u00fcber dem Boden. Der Pumpenfu\u00df ist mit einem Anti-Vibrierschutz versehen.<\/p>\n<\/div>\n<h3>\u041c\u043d\u043e\u0433\u043e \u0432\u0435\u0441\u043a\u0438\u0445 \u043f\u0440\u0438\u0447\u0438\u043d, \u043f\u043e \u043a\u043e\u0442\u043e\u0440\u044b\u043c \u0432\u044b \u0434\u043e\u043b\u0436\u043d\u044b \u043a\u0443\u043f\u0438\u0442\u044c \u044d\u0442\u043e\u0442 \u043f\u0440\u043e\u0434\u0443\u043a\u0442:<\/h3>\n<div class=\"sale_motive\">\n<ul>\n<li>Hochwertige Tauchpumpe &#8211; made in Italy<\/li>\n<li>Ideal f\u00fcr die Regenwassernutzung<\/li>\n<li>Leistungsstark: Qmax 4.800L\/h<\/li>\n<li>Qualit\u00e4t in Bauart, Material und Funktion<\/li>\n<li>Motorwelle, Motorgeh\u00e4use und Motorschutzplatte aus Edelstahl<\/li>\n<li>Doppel-Wellen-Dichtung in \u00d6lkammer<\/li>\n<li>Langlebige Keramik-Graphit-Dichtung<\/li>\n<li>Ideal f\u00fcr die schwimmende Entnahme<\/li>\n<li>Motor mit integr. thermischem \u00dcberlastschutz<\/li>\n<li>Inkl. Schwimmer-Schalter<\/li>\n<li>Inkl. R\u00fcckschlag-Klappe<\/li>\n<li>Stabilit\u00e4tsverleihende Anti-Vibrationsf\u00fc\u00dfe<\/li>\n<li>Sicherer, kunststoffversiegelter Tragegriff<\/li>\n<\/ul><\/div>","protected":false},"excerpt":{"rendered":"<p><b>230V-Tauchpumpe mit Schwimmerschalter<br \/>\n  Qmax 4.800L\/h | Hmax 42m<br \/>\n    <\/b><\/p>\n<p><b><font color=\"FF0000\">Neu im Sortiment!<\/font><br \/>\nAus hochwertiger EU-Produktion!<\/b><\/p><\/p>","protected":false},"featured_media":39846,"comment_status":"open","ping_status":"closed","template":"","meta":[],"product_brand":[],"product_cat":[266,280,281,366,243,343,244,402],"product_tag":[],"class_list":{"0":"post-30524","1":"product","2":"type-product","3":"status-publish","4":"has-post-thumbnail","6":"product_cat-hauswasserautomat","7":"product_cat-hochdruckpumpe","8":"product_cat-tauchdruck-pumpen","9":"product_cat-eu-produktion-tauchpumpen","10":"product_cat-regenwasser-pumpen","11":"product_cat-tauchdruckpumpen","12":"product_cat-startseite-pumpe","13":"product_cat-regenwasser-pumpen-2","15":"first","16":"instock","17":"taxable","18":"shipping-taxable","19":"purchasable","20":"product-type-simple"},"_links":{"self":[{"href":"https:\/\/testshop.igel.wovodo.de\/ru\/wp-json\/wp\/v2\/product\/30524","targetHints":{"allow":["GET"]}}],"collection":[{"href":"https:\/\/testshop.igel.wovodo.de\/ru\/wp-json\/wp\/v2\/product"}],"about":[{"href":"https:\/\/testshop.igel.wovodo.de\/ru\/wp-json\/wp\/v2\/types\/product"}],"replies":[{"embeddable":true,"href":"https:\/\/testshop.igel.wovodo.de\/ru\/wp-json\/wp\/v2\/comments?post=30524"}],"version-history":[{"count":1,"href":"https:\/\/testshop.igel.wovodo.de\/ru\/wp-json\/wp\/v2\/product\/30524\/revisions"}],"predecessor-version":[{"id":35138,"href":"https:\/\/testshop.igel.wovodo.de\/ru\/wp-json\/wp\/v2\/product\/30524\/revisions\/35138"}],"wp:featuredmedia":[{"embeddable":true,"href":"https:\/\/testshop.igel.wovodo.de\/ru\/wp-json\/wp\/v2\/media\/39846"}],"wp:attachment":[{"href":"https:\/\/testshop.igel.wovodo.de\/ru\/wp-json\/wp\/v2\/media?parent=30524"}],"wp:term":[{"taxonomy":"product_brand","embeddable":true,"href":"https:\/\/testshop.igel.wovodo.de\/ru\/wp-json\/wp\/v2\/product_brand?post=30524"},{"taxonomy":"product_cat","embeddable":true,"href":"https:\/\/testshop.igel.wovodo.de\/ru\/wp-json\/wp\/v2\/product_cat?post=30524"},{"taxonomy":"product_tag","embeddable":true,"href":"https:\/\/testshop.igel.wovodo.de\/ru\/wp-json\/wp\/v2\/product_tag?post=30524"}],"curies":[{"name":"wp","href":"https:\/\/api.w.org\/{rel}","templated":true}]}}