{"id":30525,"date":"2024-10-31T14:10:26","date_gmt":"2024-10-31T13:10:26","guid":{"rendered":"https:\/\/testshop.igel.wovodo.de\/product\/b-ware-pumpe-inno-tec-750-5\/"},"modified":"2025-01-27T12:30:54","modified_gmt":"2025-01-27T11:30:54","slug":"b-ware-pumpe-inno-tec-750-5","status":"publish","type":"product","link":"https:\/\/testshop.igel.wovodo.de\/ru\/product\/b-ware-pumpe-inno-tec-750-5\/","title":{"rendered":"B-Ware Pumpe INNO-TEC 750-5"},"content":{"rendered":"<div class=\"sale_description\"> <font color=\"FF0000\"><b>B-Ware:<\/b><\/p>\n<ul>\n<li>leichte optische Fehler (z.B. kleine Kratzer etc.)<\/li>\n<li>voll funktionsf\u00e4higes Produkt<\/li>\n<li>reduzierte gesetzliche Gew\u00e4hrleistung auf max. 1 Jahr<\/li>\n<\/ul>\n<p><\/font><\/p>\n<p><b>INNO-TEC 750-5 &#8211; Energiesparsam, umweltfreundlich und qualitativ hochwertig verarbeitet.<\/b><\/p>\n<p><b>Die INNO-TEC 750-5<\/b> ist in ihrer Bauart eine sehr zuverl\u00e4ssige und solide PROFI-Kreiselpumpe in Handwerker-Qualit\u00e4t. Beim Dauer-Einsatz zeichnen besonders der niedrige Energieverbrauch und sorgf\u00e4ltige Verarbeitung diese Pumpe aus. Die Pumpen werden f\u00fcr uns von einem marktf\u00fchrenden Qualit\u00e4ts-Unternehmen aus Italien mit \u00fcber 40-j\u00e4hrigen Tradition in der Pumpenfertigung entwickelt und hergestellt. Der streng qualit\u00e4ts\u00fcberwachte  Fertigungsprozess ist mehrfach zertifiziert. Zum Einsatz kommen nur gepr\u00fcfte qualitativ hochwertige Bauteile und Materialien. Die innovative und zukunftsweisende Bauart ist durch diverse Schutzrechte best\u00e4tigt. Durch die Konstruktion mit den hochwertigen Spezial-Wellenabdichtungen hat sie eine deutlich h\u00f6here Lebensdauer als Pumpen mit herk\u00f6mmlichen mechanischen Dichtungen und ist auch f\u00fcr Extrem-Eins\u00e4tze bestens geeignet. Trotz ihrer geringen Leistungsaufnahme schafft sie eine F\u00f6rdermenge von bis zu 5200\/7800Liter\/Std.\n<\/p>\n<p>Die Inbetriebnahme erfolgt durch das Auff\u00fcllen der Laufradkammern und des Schlauchs (R\u00fcckschlagventil installieren) mit Wasser. Den Rest macht die Pumpe selbst. Dabei betr\u00e4gt die max. Ansaugh\u00f6he bis zu 9m. Wir empfehlen, den Saugschlauch zur Pumpe hin stetig steigend zu verlegen. Die selbstansaugene Kreiselpumpe kann auch beim Vorhandensein von Luft im Saugschlauch problemlos eingesetzt werden. Die sorgf\u00e4ltige Auswahl besonderer Materialien gew\u00e4hrleistet eine enorm hohe Pumpen-Lebensdauer!<\/p>\n<p><b>\u041d\u0430\u0448 \u0441\u043e\u0432\u0435\u0442:<\/b><\/p>\n<p>Wir empfehlen, diese Pumpe mit der intelligenten <strong>Pumpensteuerung &#8220;Durchflussw\u00e4chter FLUOMAC\u00ae&#8221;Art.Nr: &nbsp;<a class=\"headerNavigation\" href=\"https:\/\/www.profi-pumpe.de\/TAUCHPUMPEN\/Zubehoer-Tauchpumpen\/Durchflusswaechter-FLUOMAC-R-Automatic-Controller-verkabelt::1325.html\">PS01121<\/a> <\/strong>. als automatisches Hauswasserwerk zu betreiben. Beim \u00d6ffnen des Wasserhahns wird die Pumpe automatisch eingeschaltet. Beim Schlie\u00dfen des Wasserhahns stoppt die Pumpe nach ca 10Sekunden selbstst\u00e4ndig. Die elektronische Pumpensteuerung FLUOMAC\u00ae- sch\u00fctzt die Pumpe vor Trockenlaufschutz und erh\u00f6ht die Lebensdauer. Im Vergleich mit \u00fcblichen Druckschaltern, verbrauchen Pumpen in Kombination der FLUOMAC\u00ae-Pumpensteuerung deutlich weniger Strom.<\/p>\n<p>Um den Energieverbrauch bei wechselnder Pumpenbelastung (bei Versorgung von WC-Waschmaschinen, Rasensprinkleranlagen) bis zu 85% zu senken, empfehlen wir den Einsatz der <strong>&#8220;STEADYPRES\u00ae -Pumpensteuerung 1&#8243;Art.Nr:&nbsp;<a class=\"headerNavigation\" href=\"http:\/\/www.profi-pumpe.de\/product_info.php\/info\/p834_INVERTER-Pumpensteuerung-1-IPS-1-.html\" target=\"_blank\" 1?.html?=\"\" inverter-pumpensteuerung=\"\"><\/a><a href=\"\/ru\/advanced_search_result.php\/?keywords=PS01117&amp;x=0&amp;y=0\" target=\"_blank\">PS01117<\/a> <\/strong>. Die STEADYPRES\u00ae 8,5Amp M\/M mit integriertem Trockenlaufschutz und einstellbarem Auto-Start sorgt f\u00fcr nahezu konstanten Druck im Wasserkreislauf, vermeidet gef\u00e4hrliche Druckschl\u00e4ge, Takten und \u00dcberhitzung der Pumpe. Dar\u00fcber hinaus wird die Pumpenlebensdauer wesentlich erh\u00f6ht und die Ger\u00e4uschentwicklung deutlich reduziert.<\/p>\n<\/div>\n<h3>\u041c\u043d\u043e\u0433\u043e \u0432\u0435\u0441\u043a\u0438\u0445 \u043f\u0440\u0438\u0447\u0438\u043d, \u043f\u043e \u043a\u043e\u0442\u043e\u0440\u044b\u043c \u0432\u044b \u0434\u043e\u043b\u0436\u043d\u044b \u043a\u0443\u043f\u0438\u0442\u044c \u044d\u0442\u043e\u0442 \u043f\u0440\u043e\u0434\u0443\u043a\u0442:<\/h3>\n<div class=\"sale_motive\">\n<ul>\n<li>selbstansaugende, zuverl\u00e4ssige, 4-stufige Kreiselpumpe\n<\/li>\n<li>Innovative Energiespar-Technik \/ fast 60% Energieeinsparung\n<\/li>\n<li>Sehr gute Qualit\u00e4t made in ITALY\n<\/li>\n<li>PROFI-Pumpe f\u00fcr Dauer-Betrieb\n<\/li>\n<li>enorm leise trotz hoher F\u00f6rdereistung\n<\/li>\n<li>hohe Lebensdauer durch hochwertige Materialien\n<\/li>\n<li>Ansaugh\u00f6he bis 7m\n<\/li>\n<li>hochwertiges rostfreies Edelstahlgeh\u00e4use<\/li>\n<\/ul>\n<\/div>","protected":false},"excerpt":{"rendered":"<p>B-Ware: leichte optische Fehler (z.B. kleine Kratzer etc.) voll funktionsf\u00e4higes Produkt reduzierte gesetzliche Gew\u00e4hrleistung auf max. 1 Jahr INNO-TEC 750-5<\/p>","protected":false},"featured_media":32445,"comment_status":"open","ping_status":"closed","template":"","meta":[],"product_brand":[],"product_cat":[475,461],"product_tag":[],"class_list":{"0":"post-30525","1":"product","2":"type-product","3":"status-publish","4":"has-post-thumbnail","6":"product_cat-b-ware-jet-kreisel-tauchpumpen","7":"product_cat-b-ware-kreiselpumpen","9":"first","10":"instock","11":"sale","12":"taxable","13":"shipping-taxable","14":"purchasable","15":"product-type-simple"},"_links":{"self":[{"href":"https:\/\/testshop.igel.wovodo.de\/ru\/wp-json\/wp\/v2\/product\/30525","targetHints":{"allow":["GET"]}}],"collection":[{"href":"https:\/\/testshop.igel.wovodo.de\/ru\/wp-json\/wp\/v2\/product"}],"about":[{"href":"https:\/\/testshop.igel.wovodo.de\/ru\/wp-json\/wp\/v2\/types\/product"}],"replies":[{"embeddable":true,"href":"https:\/\/testshop.igel.wovodo.de\/ru\/wp-json\/wp\/v2\/comments?post=30525"}],"version-history":[{"count":1,"href":"https:\/\/testshop.igel.wovodo.de\/ru\/wp-json\/wp\/v2\/product\/30525\/revisions"}],"predecessor-version":[{"id":35139,"href":"https:\/\/testshop.igel.wovodo.de\/ru\/wp-json\/wp\/v2\/product\/30525\/revisions\/35139"}],"wp:featuredmedia":[{"embeddable":true,"href":"https:\/\/testshop.igel.wovodo.de\/ru\/wp-json\/wp\/v2\/media\/32445"}],"wp:attachment":[{"href":"https:\/\/testshop.igel.wovodo.de\/ru\/wp-json\/wp\/v2\/media?parent=30525"}],"wp:term":[{"taxonomy":"product_brand","embeddable":true,"href":"https:\/\/testshop.igel.wovodo.de\/ru\/wp-json\/wp\/v2\/product_brand?post=30525"},{"taxonomy":"product_cat","embeddable":true,"href":"https:\/\/testshop.igel.wovodo.de\/ru\/wp-json\/wp\/v2\/product_cat?post=30525"},{"taxonomy":"product_tag","embeddable":true,"href":"https:\/\/testshop.igel.wovodo.de\/ru\/wp-json\/wp\/v2\/product_tag?post=30525"}],"curies":[{"name":"wp","href":"https:\/\/api.w.org\/{rel}","templated":true}]}}