{"id":30558,"date":"2024-10-31T14:10:46","date_gmt":"2024-10-31T13:10:46","guid":{"rendered":"https:\/\/testshop.igel.wovodo.de\/product\/diesel-standard-4-2-automatic-230v-550w\/"},"modified":"2025-01-27T12:31:04","modified_gmt":"2025-01-27T11:31:04","slug":"diesel-standard-4-2-automatic-230v-550w","status":"publish","type":"product","link":"https:\/\/testshop.igel.wovodo.de\/ru\/product\/diesel-standard-4-2-automatic-230v-550w\/","title":{"rendered":"\u0414\u0438\u0437\u0435\u043b\u044c \u0421\u0422\u0410\u041d\u0414\u0410\u0420\u0422-4.2 \u0410\u0432\u0442\u043e\u043c\u0430\u0442\u0438\u0447\u0435\u0441\u043a\u0438\u0439 230\u0412 \/ 550\u0412\u0442"},"content":{"rendered":"<div class=\"sale_application\">\n<ul>\n<li>Bef\u00fcllen, Umpumpen, Umf\u00fcllen, Entleeren von Diesel- und Heiz\u00f6ltanks<\/li>\n<\/ul>\n<\/div>\n<div class=\"sale_description\">\n<p>Kraftvolle Dieself\u00f6rderung mit unserer elektrischen Dieselpumpe <b>Diesel STANDARD-4.2 Automatic&#8221;<\/b>! Diese <b>selbstansaugende 230-Volt-Pumpe<\/b> ist untentbehrlich f\u00fcr jeden Fuhrpark, KFZ-Werkst\u00e4tten, Landwirtschaft, Autoverwertung usw! Wer viele Baumaschinen zu betanken hat wird mit unserer Diesel-Pumpe seine Freude daran haben! Hiermit betanken Sie m\u00fchelos jegliche Art von Fahrzeugen und Maschinen. F\u00fcr diese Dieselpumpe <b>mit START\/STOP Automatik<\/b> ist auch das Umf\u00fcllen von Heiz\u00f6ltanks kein Problem. Dank dem <b>kr\u00e4ftigen 550W starken Motor<\/b> und der Selbstansaugung ist dies schnell erledigt. Die Motorleistung von 550W erm\u00f6glicht eine <b>Durchflussmenge von 3600l\/h <\/b>bei einer <b>maximalen Pumpenh\u00f6he von 10m.<\/b>\n<\/p>\n<p><iframe width=\"560\" height=\"315\" src=\"https:\/\/www.youtube-nocookie.com\/embed\/GWYXOCFyL80?si=1zynfNXkrf56zSx1&#038;rel=0\" title=\"YouTube video player\" frameborder=\"0\" allow=\"accelerometer; autoplay; clipboard-write; encrypted-media; gyroscope; picture-in-picture; web-share\" allowfullscreen=\"\"><\/iframe><\/p>\n<p>Diese Automatik-Pumpe schaltet sich beim Bet\u00e4tigen der Zapfpistole selbst\u00e4ndig ein und schaltet sich ab, wenn die Zapfpistole geschlossen wird. Das ist nicht nur bequem, sondern sch\u00fctzt die Pumpen vor unn\u00f6tigem Verschlei\u00df. So h\u00e4lt diese Pumpe l\u00e4nger!<\/p>\n<p>Diese Dieselpumpe hat druckseitig 2 Anschl\u00fcsse: einen waagerecht und einen senkrecht. Damit kann diese Pumpe in jeder Einbauanlage bequem angeschlossen werden.\n<\/p>\n<p><b>Alle Diesel-Pumpen sind EINZELST\u00dcCK-gepr\u00fcft auf Ihre Funktion<\/b>. Daher k\u00f6nnen Reste der Pr\u00fcffl\u00fcssigkeit in der Pumpe \/ Verpackung vorhanden sein.<\/p>\n<p>Die Dieselpumpe und die Saugleitung sind bei der Inbetriebnahme blasenfrei mit Diesel zu bef\u00fcllen. Das R\u00fcckschlagventil muss unbedingt am Ende der Saugleitung montiert und dicht sein.<\/p>\n<\/div>\n<h3>\u041c\u043d\u043e\u0433\u043e \u0432\u0435\u0441\u043a\u0438\u0445 \u043f\u0440\u0438\u0447\u0438\u043d, \u043f\u043e \u043a\u043e\u0442\u043e\u0440\u044b\u043c \u0432\u044b \u0434\u043e\u043b\u0436\u043d\u044b \u043a\u0443\u043f\u0438\u0442\u044c \u044d\u0442\u043e\u0442 \u043f\u0440\u043e\u0434\u0443\u043a\u0442:<\/h3>\n<div class=\"sale_motive\">\n<ul>\n<li><b><font color=\"#ff0000\">Mit START\/STOP Automatik f\u00fcr optimale Handhabung und Pumpenschutz<\/font><\/b><\/li>\n<li><b>Saugstark, selbstansaugend und bequem<\/b><br \/>Selbstansaugend nach erster Bef\u00fcllung bzw. Entl\u00fcftung<\/li>\n<li>R\u00fcckschlagventil mit Filterkorb<\/li>\n<li><b>Schwere, robuste, zuverl\u00e4ssige Qualit\u00e4t<\/b><\/li>\n<li>&#8220;Ein&#8221;-und &#8220;Aus&#8221;-Schalter mit Sicherheitsvorrichtung<\/li>\n<li>mit hochwertigem, umfangreichem Zubeh\u00f6r<\/li>\n<li>mit 3 Stk. 1&#8243;AG- T\u00fcllen f\u00fcr 25mm-Schlauchanschluss<\/li>\n<\/ul>\n<\/div>","protected":false},"excerpt":{"rendered":"<p>Selbstansaugende 230-Volt-Dieselpumpe mit 3 T\u00fcllen und Vorfilter<br \/>\nmax. F\u00f6rdermenge 3600 l\/h | max. Saugh\u00f6he 10 m<\/p>\n<p>Mit weiterer Zubeh\u00f6r-Auswahl! <b>Top-Preis!<\/b><\/p>","protected":false},"featured_media":39847,"comment_status":"open","ping_status":"closed","template":"","meta":[],"product_brand":[],"product_cat":[229,287,436],"product_tag":[],"class_list":{"0":"post-30558","1":"product","2":"type-product","3":"status-publish","4":"has-post-thumbnail","6":"product_cat-230v-pumpen","7":"product_cat-diesel-pumpen","8":"product_cat-automatic-pumpen","10":"first","11":"instock","12":"taxable","13":"shipping-taxable","14":"purchasable","15":"product-type-simple"},"_links":{"self":[{"href":"https:\/\/testshop.igel.wovodo.de\/ru\/wp-json\/wp\/v2\/product\/30558","targetHints":{"allow":["GET"]}}],"collection":[{"href":"https:\/\/testshop.igel.wovodo.de\/ru\/wp-json\/wp\/v2\/product"}],"about":[{"href":"https:\/\/testshop.igel.wovodo.de\/ru\/wp-json\/wp\/v2\/types\/product"}],"replies":[{"embeddable":true,"href":"https:\/\/testshop.igel.wovodo.de\/ru\/wp-json\/wp\/v2\/comments?post=30558"}],"version-history":[{"count":6,"href":"https:\/\/testshop.igel.wovodo.de\/ru\/wp-json\/wp\/v2\/product\/30558\/revisions"}],"predecessor-version":[{"id":38424,"href":"https:\/\/testshop.igel.wovodo.de\/ru\/wp-json\/wp\/v2\/product\/30558\/revisions\/38424"}],"wp:featuredmedia":[{"embeddable":true,"href":"https:\/\/testshop.igel.wovodo.de\/ru\/wp-json\/wp\/v2\/media\/39847"}],"wp:attachment":[{"href":"https:\/\/testshop.igel.wovodo.de\/ru\/wp-json\/wp\/v2\/media?parent=30558"}],"wp:term":[{"taxonomy":"product_brand","embeddable":true,"href":"https:\/\/testshop.igel.wovodo.de\/ru\/wp-json\/wp\/v2\/product_brand?post=30558"},{"taxonomy":"product_cat","embeddable":true,"href":"https:\/\/testshop.igel.wovodo.de\/ru\/wp-json\/wp\/v2\/product_cat?post=30558"},{"taxonomy":"product_tag","embeddable":true,"href":"https:\/\/testshop.igel.wovodo.de\/ru\/wp-json\/wp\/v2\/product_tag?post=30558"}],"curies":[{"name":"wp","href":"https:\/\/api.w.org\/{rel}","templated":true}]}}