{"id":30565,"date":"2024-10-31T14:10:49","date_gmt":"2024-10-31T13:10:49","guid":{"rendered":"https:\/\/testshop.igel.wovodo.de\/product\/handpumpe-1-fasspumpe-fuer-diesel-wasser-benzin\/"},"modified":"2025-01-27T12:31:06","modified_gmt":"2025-01-27T11:31:06","slug":"handpumpe-1-fasspumpe-fuer-diesel-wasser-benzin","status":"publish","type":"product","link":"https:\/\/testshop.igel.wovodo.de\/ru\/product\/handpumpe-1-fasspumpe-fuer-diesel-wasser-benzin\/","title":{"rendered":"Handpumpe 1 Fasspumpe f\u00fcr Diesel, Wasser, Benzin."},"content":{"rendered":"<div class=\"sale_application\">\n<ul>\n<li>Umpumpen, Umf\u00fcllen, Entleeren von Wasser, \u00d6l, Diesel und nicht korrosive Fl\u00fcssigkeiten<\/li>\n<\/ul><\/div>\n<div class=\"sale_description\">\n<p>Mit dieser Handpumpe f\u00fcllen Sie schnell und einfach kleinere Mengen ca 50-100L Fl\u00fcssigkeiten von einem Beh\u00e4lter in einen anderen. Sie k\u00f6nnen damit Diesel, Wasser, Benzin, leichtfl\u00fcssige \u00d6le, Saft, AdBlue und vieles mehr umpumpen. Sie ist hervorragend geeignet f\u00fcr den Einsatz in Garage, Keller, Bad, Gesch\u00e4ft und Hof unterwegs. Kompakt und zuverl\u00e4ssig!. Die batteriebetriebene Handpumpe ist eine kluge Wahl, mit der Sie Energie und Zeit sparen k\u00f6nnen. Sie ist flexibel im Einsatz, denn die leichte und gut tragbare Pumpe kann ortsunabh\u00e4ngig eingesetzt werden. Immer da, wo sie von Ihnen ben\u00f6tigt wird! Der umweltfreundliche Schlauch besteht aus korrosionsbest\u00e4ndigem Kunststoff, ist langlebig und robust. <\/p>\n<p><b>Bitte beachten Sie,<\/b> dass unsere Handpumpe <b>nicht f\u00fcr korrosive oder explosive Fl\u00fcssigkeiten <\/b>verwendet werden darf. <\/p>\n<p><b>Anwendungsbereiche:Unsere Handpumpe ist treibstoff- und chemikalien-geeignet. <\/b> Geeignet zum Umpumpen von Fl\u00fcssigkeiten wie Wasser, \u00d6l, Diesel, AdBlue und anderen nicht korrosiven Fl\u00fcssigkeiten. Sie kann z. B. beim Camping, im Garten, f\u00fcr Fahrzeuge (Motorrad, Traktor) und Aquarien, Siphons in Badezimmern, bei Wasserbetten usw. eingesetzt werden. Diese Handpumpe l\u00e4sst sich auch zum Pumpen von Luft verwenden, dies ist besonders praktisch, wenn man z. B. ein Schlauchboot oder eine Luftmatratze bef\u00fcllen m\u00f6chte.<\/p>\n<p><b>Einfache Bedienung:<\/b> Mit der Batteriepumpe k\u00f6nnen Sie Fl\u00fcssigkeiten sicher und einfach f\u00f6rdern. Nur den EIN-\/AUS Schalter bet\u00e4tigen, und schon l\u00e4uft die Siphonpumpe kontinuierlich. Wenn Sie fertig sind, dr\u00fccken Sie erneut, um auszuschalten. F\u00fcr den Betrieb der Handpumpe werden 2 DLR 20-Batterien ben\u00f6tigt (nicht im Lieferumfang enthalten).<\/p>\n<p><p><b>\u041f\u0440\u0438\u043c\u0435\u0447\u0430\u043d\u0438\u0435: <\/b>Bitte beachten Sie, da\u00df am Ansaugstutzen gelegentlich etwas Fl\u00fcssigkeit heraus kommen kann, welche am Ansaugstutzen entlang zur\u00fcck in den Beh\u00e4lter flie\u00dft. Bauart- und produktionsbedingt kann dies nicht vermieden werden. Dieser Umstand stellt keinen Reklamationsgrund da.<\/p>\n<\/p><\/div>\n<h3>\u041c\u043d\u043e\u0433\u043e \u0432\u0435\u0441\u043a\u0438\u0445 \u043f\u0440\u0438\u0447\u0438\u043d, \u043f\u043e \u043a\u043e\u0442\u043e\u0440\u044b\u043c \u0432\u044b \u0434\u043e\u043b\u0436\u043d\u044b \u043a\u0443\u043f\u0438\u0442\u044c \u044d\u0442\u043e\u0442 \u043f\u0440\u043e\u0434\u0443\u043a\u0442:<\/h3>\n<div class=\"sale_motive\">\n<ul>\n<li>Universal einsetzbar: F\u00fcr Wasserflaschen, Wasserbeh\u00e4lter, gr\u00f6\u00dfere Tanks oder auch f\u00fcr T\u00f6pfe.<\/li>\n<li>Pumpt Fl\u00fcssigkeiten aller Art (geeignet f\u00fcr nicht korrosive Fl\u00fcssigkeiten)<\/li>\n<li>KOMPAKT: Kompakte Abmessung<\/li>\n<li>Hohe Leistung: Pumpt bis zu 5-6 l Fl\u00fcssigkeit pro Minute<\/li>\n<li>Ideal f\u00fcr gro\u00dfe Beh\u00e4ltnisse<\/li>\n<li>Perfekt f\u00fcr Fl\u00fcssigkeitstransfer<\/li>\n<\/ul>\n<\/div>","protected":false},"excerpt":{"rendered":"<p>Batteriebetriebene Handpumpe f\u00fcr Diesel, Wasser, Benzin, \u00d6l, AdBlue, Chemiepumpe<br \/>\nF\u00f6rdermenge 5-6 l pro Minute<\/p>","protected":false},"featured_media":37704,"comment_status":"open","ping_status":"closed","template":"","meta":[],"product_brand":[],"product_cat":[463,287],"product_tag":[],"class_list":{"0":"post-30565","1":"product","2":"type-product","3":"status-publish","4":"has-post-thumbnail","6":"product_cat-haus-und-gartenpumpen","7":"product_cat-diesel-pumpen","9":"first","10":"instock","11":"taxable","12":"shipping-taxable","13":"purchasable","14":"product-type-simple"},"_links":{"self":[{"href":"https:\/\/testshop.igel.wovodo.de\/ru\/wp-json\/wp\/v2\/product\/30565","targetHints":{"allow":["GET"]}}],"collection":[{"href":"https:\/\/testshop.igel.wovodo.de\/ru\/wp-json\/wp\/v2\/product"}],"about":[{"href":"https:\/\/testshop.igel.wovodo.de\/ru\/wp-json\/wp\/v2\/types\/product"}],"replies":[{"embeddable":true,"href":"https:\/\/testshop.igel.wovodo.de\/ru\/wp-json\/wp\/v2\/comments?post=30565"}],"version-history":[{"count":1,"href":"https:\/\/testshop.igel.wovodo.de\/ru\/wp-json\/wp\/v2\/product\/30565\/revisions"}],"predecessor-version":[{"id":35176,"href":"https:\/\/testshop.igel.wovodo.de\/ru\/wp-json\/wp\/v2\/product\/30565\/revisions\/35176"}],"wp:featuredmedia":[{"embeddable":true,"href":"https:\/\/testshop.igel.wovodo.de\/ru\/wp-json\/wp\/v2\/media\/37704"}],"wp:attachment":[{"href":"https:\/\/testshop.igel.wovodo.de\/ru\/wp-json\/wp\/v2\/media?parent=30565"}],"wp:term":[{"taxonomy":"product_brand","embeddable":true,"href":"https:\/\/testshop.igel.wovodo.de\/ru\/wp-json\/wp\/v2\/product_brand?post=30565"},{"taxonomy":"product_cat","embeddable":true,"href":"https:\/\/testshop.igel.wovodo.de\/ru\/wp-json\/wp\/v2\/product_cat?post=30565"},{"taxonomy":"product_tag","embeddable":true,"href":"https:\/\/testshop.igel.wovodo.de\/ru\/wp-json\/wp\/v2\/product_tag?post=30565"}],"curies":[{"name":"wp","href":"https:\/\/api.w.org\/{rel}","templated":true}]}}