{"id":30590,"date":"2024-10-31T14:11:06","date_gmt":"2024-10-31T13:11:06","guid":{"rendered":"https:\/\/testshop.igel.wovodo.de\/product\/airbrushpistole-profi-airbrush-gravity-double-action-gun-182-d-05-2\/"},"modified":"2025-01-27T12:31:12","modified_gmt":"2025-01-27T11:31:12","slug":"airbrushpistole-profi-airbrush-gravity-double-action-gun-182-d-05-2","status":"publish","type":"product","link":"https:\/\/testshop.igel.wovodo.de\/ru\/product\/airbrushpistole-profi-airbrush-gravity-double-action-gun-182-d-05-2\/","title":{"rendered":"Airbrushpistole Profi-AirBrush Gravity Double-Action-Gun 182 D 0,5"},"content":{"rendered":"<div class=\"sale_application\">\n<b><\/p>\n<p>\u0418\u0434\u0435\u0430\u043b\u044c\u043d\u043e \u043f\u043e\u0434\u0445\u043e\u0434\u0438\u0442 \u0434\u043b\u044f \u043a\u043e\u0441\u043c\u0435\u0442\u0438\u043a\u0438 \u0438 \u043a\u0440\u0430\u0441\u043e\u0442\u044b (\u0430\u044d\u0440\u043e\u0433\u0440\u0430\u0444\u0438\u044f \u0434\u043b\u044f \u043d\u043e\u0433\u0442\u0435\u0439, \u043c\u0430\u043a\u0438\u044f\u0436, \u043e\u043a\u0440\u0430\u0448\u0438\u0432\u0430\u043d\u0438\u0435 \u0432\u043e\u043b\u043e\u0441, \u0443\u0445\u043e\u0434 \u0437\u0430 \u0432\u043e\u043b\u043e\u0441\u0430\u043c\u0438, \u0430\u044d\u0440\u043e\u0437\u043e\u043b\u044c\u043d\u044b\u0439 \u0437\u0430\u0433\u0430\u0440), \u0431\u043e\u0434\u0438-\u0430\u0440\u0442\u0430 (\u0440\u043e\u0441\u043f\u0438\u0441\u044c \u043f\u043e \u0442\u0435\u043b\u0443, \u0442\u0430\u0442\u0443\u0438\u0440\u043e\u0432\u043a\u0438, \u0434\u0438\u0437\u0430\u0439\u043d \u043c\u0430\u0441\u043e\u043a), \u0445\u043e\u0431\u0431\u0438 (\u0446\u0432\u0435\u0442\u044b\/ \u0446\u0432\u0435\u0442\u043e\u0447\u043d\u044b\u0435 \u043a\u043e\u043c\u043f\u043e\u0437\u0438\u0446\u0438\u0438, \u0438\u0437\u0433\u043e\u0442\u043e\u0432\u043b\u0435\u043d\u0438\u0435 \u043c\u043e\u0434\u0435\u043b\u0435\u0439, \u043a\u0435\u0440\u0430\u043c\u0438\u043a\u0430\/ \u0433\u043e\u043d\u0447\u0430\u0440\u043d\u043e\u0435 \u0434\u0435\u043b\u043e, \u0442\u0435\u043a\u0441\u0442\u0438\u043b\u044c), \u043d\u0435\u0431\u043e\u043b\u044c\u0448\u0438\u0445 \u0430\u0432\u0442\u043e\u043c\u043e\u0431\u0438\u043b\u044c\u043d\u044b\u0445 \u0434\u0438\u0437\u0430\u0439\u043d\u043e\u0432 (\u043a\u0440\u044b\u0448\u043a\u0438 \u0431\u0435\u043d\u0437\u043e\u0431\u0430\u043a\u043e\u0432\/ \u0448\u043b\u0435\u043c\u044b), \u0442\u0435\u0445\u043d\u0438\u0447\u0435\u0441\u043a\u0438\u0445 \u0438\u043b\u043b\u044e\u0441\u0442\u0440\u0430\u0446\u0438\u0439\/ \u0444\u043e\u0442\u043e\u0440\u0435\u0442\u0443\u0448\u0438 \u0438 \u0443\u043a\u0440\u0430\u0448\u0435\u043d\u0438\u044f \u0435\u0434\u044b (\u0442\u043e\u0440\u0442\u044b\/ \u043a\u0435\u043a\u0441\u044b). \u0412\u043e\u0437\u043c\u043e\u0436\u043d\u043e\u0441\u0442\u0438 \u0430\u044d\u0440\u043e\u0433\u0440\u0430\u0444\u0438\u0438 \u043f\u0440\u0430\u043a\u0442\u0438\u0447\u0435\u0441\u043a\u0438 \u0431\u0435\u0437\u0433\u0440\u0430\u043d\u0438\u0447\u043d\u044b.<\/p>\n<p><\/b> <\/div>\n<div class=\"sale_description\">\n<p>Die Airbrush-Pistole <strong>&#8220;Gravity Double-Action-Gun 182 D 0,5&#8221;<\/strong> ist ein Zweistoff-Zerst\u00e4uber, der nach dem Prinzip einer Strahlpumpe arbeitet, wobei Druckluft als Treibmittel verwendet wird.<br \/>\n  In Abh\u00e4ngigkeit von der St\u00e4rke des Luftstroms und der Menge der Farbe, kann man mit einer Airbushpistole feinste Linien, aber auch gro\u00dfe Fl\u00e4chen malen. Man kann Farbe deckend aufspr\u00fchen, aber auch einen transparenten Farbfilm airbrushen.<\/p>\n<p>Bei einer Double-Action Airbrush werden Luft und Farbmenge mit einem Hebel gesteuert. Durch das Herunterdr\u00fccken des Hebels wird die Luftzufuhr reguliert, durch das gleichzeitige Zur\u00fcckziehen des Hebels wird die Farbmenge variiert. Die maximale Farbmenge kann hinten an der R\u00e4ndelschraube (Farbmengen-Regulierschraube) eingestellt werden.<\/p>\n<p>Bei der internen Farbmischung erfolgt die Zusammenf\u00fchrung von Luft und Farbe direkt im Luftstrom und in oder unmittelbar vor der Pistole. Die Technik ist aufwendiger und teurer, liefert aber ein wesentlich besseres Spritzbild. Mit einer D\u00fcse von 0,5mm ist diese Spr\u00fchpistole besonders f\u00fcr gro\u00dffl\u00e4chige Arbeiten geeignet. <\/p>\n<\/div>\n<h3>\u041c\u043d\u043e\u0433\u043e \u0432\u0435\u0441\u043a\u0438\u0445 \u043f\u0440\u0438\u0447\u0438\u043d, \u043f\u043e \u043a\u043e\u0442\u043e\u0440\u044b\u043c \u0432\u044b \u0434\u043e\u043b\u0436\u043d\u044b \u043a\u0443\u043f\u0438\u0442\u044c \u044d\u0442\u043e\u0442 \u043f\u0440\u043e\u0434\u0443\u043a\u0442:<\/h3>\n<div class=\"sale_motive\">\n<ul>\n<li class=\"high\">brillantes Spritzbild durch interne Farbmischung <\/li>\n<li>solide Verarbeitung<\/li>\n<li>Farbbeh\u00e4lter mit 22ml <\/li>\n<li>zukunftsorientierte Bauweise <\/li>\n<li>Double-Action Trigger Air-Paint Control <\/li>\n<li>formsch\u00f6nes Design <\/li>\n<li>freier Blick auf das Arbeitsfeld, durch &#8220;unter&#8221; der Pistole angebrachtem Farbbeh\u00e4lter <\/li>\n<li>\u041f\u0440\u043e\u0441\u0442\u043e\u0435 \u0443\u043f\u0440\u0430\u0432\u043b\u0435\u043d\u0438\u0435<\/li>\n<\/ul>\n<\/div>","protected":false},"excerpt":{"rendered":"<p>Spr\u00fchpistole mit gro\u00dfer D\u00fcse: 0,5mm \/ 22ml Farbbeh\u00e4lter \/ Double-Action-Trigger \/ Arbeitsdruck: 1 &#8211; 3,5bar \/ Aufbewahrungsbox<\/p>","protected":false},"featured_media":33413,"comment_status":"open","ping_status":"closed","template":"","meta":[],"product_brand":[],"product_cat":[397,445],"product_tag":[],"class_list":{"0":"post-30590","1":"product","2":"type-product","3":"status-publish","4":"has-post-thumbnail","6":"product_cat-airbrushpistolen","7":"product_cat-double-action","9":"first","10":"instock","11":"taxable","12":"shipping-taxable","13":"purchasable","14":"product-type-simple"},"_links":{"self":[{"href":"https:\/\/testshop.igel.wovodo.de\/ru\/wp-json\/wp\/v2\/product\/30590","targetHints":{"allow":["GET"]}}],"collection":[{"href":"https:\/\/testshop.igel.wovodo.de\/ru\/wp-json\/wp\/v2\/product"}],"about":[{"href":"https:\/\/testshop.igel.wovodo.de\/ru\/wp-json\/wp\/v2\/types\/product"}],"replies":[{"embeddable":true,"href":"https:\/\/testshop.igel.wovodo.de\/ru\/wp-json\/wp\/v2\/comments?post=30590"}],"version-history":[{"count":1,"href":"https:\/\/testshop.igel.wovodo.de\/ru\/wp-json\/wp\/v2\/product\/30590\/revisions"}],"predecessor-version":[{"id":35201,"href":"https:\/\/testshop.igel.wovodo.de\/ru\/wp-json\/wp\/v2\/product\/30590\/revisions\/35201"}],"wp:featuredmedia":[{"embeddable":true,"href":"https:\/\/testshop.igel.wovodo.de\/ru\/wp-json\/wp\/v2\/media\/33413"}],"wp:attachment":[{"href":"https:\/\/testshop.igel.wovodo.de\/ru\/wp-json\/wp\/v2\/media?parent=30590"}],"wp:term":[{"taxonomy":"product_brand","embeddable":true,"href":"https:\/\/testshop.igel.wovodo.de\/ru\/wp-json\/wp\/v2\/product_brand?post=30590"},{"taxonomy":"product_cat","embeddable":true,"href":"https:\/\/testshop.igel.wovodo.de\/ru\/wp-json\/wp\/v2\/product_cat?post=30590"},{"taxonomy":"product_tag","embeddable":true,"href":"https:\/\/testshop.igel.wovodo.de\/ru\/wp-json\/wp\/v2\/product_tag?post=30590"}],"curies":[{"name":"wp","href":"https:\/\/api.w.org\/{rel}","templated":true}]}}