{"id":30619,"date":"2024-10-31T14:11:24","date_gmt":"2024-10-31T13:11:24","guid":{"rendered":"https:\/\/testshop.igel.wovodo.de\/product\/profi-airbrush-verteiler-multiswitch-ii\/"},"modified":"2025-01-27T12:31:20","modified_gmt":"2025-01-27T11:31:20","slug":"profi-airbrush-verteiler-multiswitch-ii","status":"publish","type":"product","link":"https:\/\/testshop.igel.wovodo.de\/ru\/product\/profi-airbrush-verteiler-multiswitch-ii\/","title":{"rendered":"Profi-AirBrush Verteiler Multiswitch II"},"content":{"rendered":"<div class=\"sale_description\">\n<p>Einfacher Anschluss von bis zu 3 Airbrush-Endger\u00e4ten an Ihrem Kompressor mit unserem <strong>Profi-Airbrush Verteiler Multiswitch II<\/strong>. Dieser bietet Ihnen eine indiviudelle Regelung f\u00fcr jeden Ausgang &#8211; so ist ein unabh\u00e4ngiges Arbeiten an jedem Endger\u00e4t m\u00f6glich!<\/p>\n<\/div>","protected":false},"excerpt":{"rendered":"<p>Verteilen Sie von Ihrem Kompressor auf bis zu 3 Airbrush-Endger\u00e4te &#8211; einzeln regelbar!<\/p>","protected":false},"featured_media":33518,"comment_status":"open","ping_status":"closed","template":"","meta":[],"product_brand":[],"product_cat":[468,256],"product_tag":[],"class_list":{"0":"post-30619","1":"product","2":"type-product","3":"status-publish","4":"has-post-thumbnail","6":"product_cat-verbindungsteile-zubehoer-profi-airbrush","7":"product_cat-zubehoer-airbrush","9":"first","10":"instock","11":"taxable","12":"shipping-taxable","13":"purchasable","14":"product-type-simple"},"_links":{"self":[{"href":"https:\/\/testshop.igel.wovodo.de\/ru\/wp-json\/wp\/v2\/product\/30619","targetHints":{"allow":["GET"]}}],"collection":[{"href":"https:\/\/testshop.igel.wovodo.de\/ru\/wp-json\/wp\/v2\/product"}],"about":[{"href":"https:\/\/testshop.igel.wovodo.de\/ru\/wp-json\/wp\/v2\/types\/product"}],"replies":[{"embeddable":true,"href":"https:\/\/testshop.igel.wovodo.de\/ru\/wp-json\/wp\/v2\/comments?post=30619"}],"version-history":[{"count":1,"href":"https:\/\/testshop.igel.wovodo.de\/ru\/wp-json\/wp\/v2\/product\/30619\/revisions"}],"predecessor-version":[{"id":35229,"href":"https:\/\/testshop.igel.wovodo.de\/ru\/wp-json\/wp\/v2\/product\/30619\/revisions\/35229"}],"wp:featuredmedia":[{"embeddable":true,"href":"https:\/\/testshop.igel.wovodo.de\/ru\/wp-json\/wp\/v2\/media\/33518"}],"wp:attachment":[{"href":"https:\/\/testshop.igel.wovodo.de\/ru\/wp-json\/wp\/v2\/media?parent=30619"}],"wp:term":[{"taxonomy":"product_brand","embeddable":true,"href":"https:\/\/testshop.igel.wovodo.de\/ru\/wp-json\/wp\/v2\/product_brand?post=30619"},{"taxonomy":"product_cat","embeddable":true,"href":"https:\/\/testshop.igel.wovodo.de\/ru\/wp-json\/wp\/v2\/product_cat?post=30619"},{"taxonomy":"product_tag","embeddable":true,"href":"https:\/\/testshop.igel.wovodo.de\/ru\/wp-json\/wp\/v2\/product_tag?post=30619"}],"curies":[{"name":"wp","href":"https:\/\/api.w.org\/{rel}","templated":true}]}}