{"id":30703,"date":"2024-10-31T14:12:15","date_gmt":"2024-10-31T13:12:15","guid":{"rendered":"https:\/\/testshop.igel.wovodo.de\/product\/profi-airbrush-kompressor-accu-star-i-rot\/"},"modified":"2025-01-27T12:31:44","modified_gmt":"2025-01-27T11:31:44","slug":"profi-airbrush-kompressor-accu-star-i-rot","status":"publish","type":"product","link":"https:\/\/testshop.igel.wovodo.de\/ru\/product\/profi-airbrush-kompressor-accu-star-i-rot\/","title":{"rendered":"Profi AirBrush Kompressor ACCU-Star I &#8211; ROT"},"content":{"rendered":"<div class=\"sale_application\">\n<b><\/p>\n<p>\u0418\u0434\u0435\u0430\u043b\u044c\u043d\u043e \u043f\u043e\u0434\u0445\u043e\u0434\u0438\u0442 \u0434\u043b\u044f \u043a\u043e\u0441\u043c\u0435\u0442\u0438\u043a\u0438 \u0438 \u043a\u0440\u0430\u0441\u043e\u0442\u044b (\u0430\u044d\u0440\u043e\u0433\u0440\u0430\u0444\u0438\u044f \u0434\u043b\u044f \u043d\u043e\u0433\u0442\u0435\u0439, \u043c\u0430\u043a\u0438\u044f\u0436, \u043e\u043a\u0440\u0430\u0448\u0438\u0432\u0430\u043d\u0438\u0435 \u0432\u043e\u043b\u043e\u0441, \u0443\u0445\u043e\u0434 \u0437\u0430 \u0432\u043e\u043b\u043e\u0441\u0430\u043c\u0438, \u0430\u044d\u0440\u043e\u0437\u043e\u043b\u044c\u043d\u044b\u0439 \u0437\u0430\u0433\u0430\u0440), \u0431\u043e\u0434\u0438-\u0430\u0440\u0442\u0430 (\u0440\u043e\u0441\u043f\u0438\u0441\u044c \u043f\u043e \u0442\u0435\u043b\u0443, \u0442\u0430\u0442\u0443\u0438\u0440\u043e\u0432\u043a\u0438, \u0434\u0438\u0437\u0430\u0439\u043d \u043c\u0430\u0441\u043e\u043a), \u0445\u043e\u0431\u0431\u0438 (\u0446\u0432\u0435\u0442\u044b\/ \u0446\u0432\u0435\u0442\u043e\u0447\u043d\u044b\u0435 \u043a\u043e\u043c\u043f\u043e\u0437\u0438\u0446\u0438\u0438, \u0438\u0437\u0433\u043e\u0442\u043e\u0432\u043b\u0435\u043d\u0438\u0435 \u043c\u043e\u0434\u0435\u043b\u0435\u0439, \u043a\u0435\u0440\u0430\u043c\u0438\u043a\u0430\/ \u0433\u043e\u043d\u0447\u0430\u0440\u043d\u043e\u0435 \u0434\u0435\u043b\u043e, \u0442\u0435\u043a\u0441\u0442\u0438\u043b\u044c), \u043d\u0435\u0431\u043e\u043b\u044c\u0448\u0438\u0445 \u0430\u0432\u0442\u043e\u043c\u043e\u0431\u0438\u043b\u044c\u043d\u044b\u0445 \u0434\u0438\u0437\u0430\u0439\u043d\u043e\u0432 (\u043a\u0440\u044b\u0448\u043a\u0438 \u0431\u0435\u043d\u0437\u043e\u0431\u0430\u043a\u043e\u0432\/ \u0448\u043b\u0435\u043c\u044b), \u0442\u0435\u0445\u043d\u0438\u0447\u0435\u0441\u043a\u0438\u0445 \u0438\u043b\u043b\u044e\u0441\u0442\u0440\u0430\u0446\u0438\u0439\/ \u0444\u043e\u0442\u043e\u0440\u0435\u0442\u0443\u0448\u0438 \u0438 \u0443\u043a\u0440\u0430\u0448\u0435\u043d\u0438\u044f \u0435\u0434\u044b (\u0442\u043e\u0440\u0442\u044b\/ \u043a\u0435\u043a\u0441\u044b). \u0412\u043e\u0437\u043c\u043e\u0436\u043d\u043e\u0441\u0442\u0438 \u0430\u044d\u0440\u043e\u0433\u0440\u0430\u0444\u0438\u0438 \u043f\u0440\u0430\u043a\u0442\u0438\u0447\u0435\u0441\u043a\u0438 \u0431\u0435\u0437\u0433\u0440\u0430\u043d\u0438\u0447\u043d\u044b.<\/p>\n<p><\/b> <\/div>\n<div class=\"sale_description\">\n<p>Der handliche Airbrush-Kompressor <b>AirBrush ACCU-Star I &#8211; ROT <\/b> \u00fcberzeugt durch seine durchdachte All-in-One-Bauweise. <\/p>\n<p>Sein kompaktes Design erm\u00f6glicht eine v\u00f6llig mobile Arbeitsweise &#8211; Bewegungsfreiheit ohne Anschlu\u00dfschlauch, perfekt geeignet, um kleinere Arbeiten unterwegs zu erledigen.<\/p>\n<p>Er liegt sicher in der Hand und erm\u00f6glicht durch sein Eigengewicht einen ruhigen, zitterfreien Farbauftrag. <\/p>\n<p>Der Farbauftrag kann eingestellt werden und die Farbausgabe ist gleichm\u00e4\u00dfig. <\/p>\n<p>Aufladen k\u00f6nnen Sie ihn an jedem PC mit dem mitgelieferten USB-Ladekabel. <\/p>\n<\/div>\n<h3>\u041c\u043d\u043e\u0433\u043e \u0432\u0435\u0441\u043a\u0438\u0445 \u043f\u0440\u0438\u0447\u0438\u043d, \u043f\u043e \u043a\u043e\u0442\u043e\u0440\u044b\u043c \u0432\u044b \u0434\u043e\u043b\u0436\u043d\u044b \u043a\u0443\u043f\u0438\u0442\u044c \u044d\u0442\u043e\u0442 \u043f\u0440\u043e\u0434\u0443\u043a\u0442:<\/h3>\n<div class=\"sale_motive\">\n<ul>\n<li>vielf\u00e4ltige Einsatzgebiete mit Standard-Anforderungen<\/li>\n<li>\u0418\u0434\u0435\u0430\u043b\u044c\u043d\u043e \u043f\u043e\u0434\u0445\u043e\u0434\u0438\u0442 \u0434\u043b\u044f \u043c\u043e\u0431\u0438\u043b\u044c\u043d\u043e\u0433\u043e \u0438\u0441\u043f\u043e\u043b\u044c\u0437\u043e\u0432\u0430\u043d\u0438\u044f<\/li>\n<li>\u0422\u0440\u0430\u043d\u0441\u043f\u043e\u0440\u0442\u0438\u0440\u043e\u0432\u043a\u0430 \u0438 \u0431\u044b\u0441\u0442\u0440\u0430\u044f \u0433\u043e\u0442\u043e\u0432\u043d\u043e\u0441\u0442\u044c \u043a \u0438\u0441\u043f\u043e\u043b\u044c\u0437\u043e\u0432\u0430\u043d\u0438\u044e<\/li>\n<li>\u00d6l- und wartungsfreier Kompressor<\/li>\n<\/ul>\n<\/div>","protected":false},"excerpt":{"rendered":"<p>Mini Airbrush Akku-Kompressor<\/p>\n<p>Kompressor-Leistung max. Druck 1,3 bar<\/p>\n<p>max. Luftabgabemenge: 7 l\/min, Motorleistung: 5V \/ 1.0A<\/p>\n<p>Geeignet f\u00fcr:<br \/>\nbis zu 0,4mm Airbrush<\/p>\n<p>Betriebsdauer: bis zu 50min<\/p>\n<p>Die Ladezeit betr\u00e4gt 1,5 Stunden, der Betrieb wird unterbrochen w\u00e4hrend der Ladezeit.<\/p>","protected":false},"featured_media":37719,"comment_status":"open","ping_status":"closed","template":"","meta":[],"product_brand":[],"product_cat":[355,361,238,196,190,192,197,212,185,188,189],"product_tag":[],"class_list":{"0":"post-30703","1":"product","2":"type-product","3":"status-publish","4":"has-post-thumbnail","6":"product_cat-bodypainting-set","7":"product_cat-airbrush-fuer-fahrzeuge","8":"product_cat-airbrush-tanning","9":"product_cat-modellbau","10":"product_cat-mini-kompressor","11":"product_cat-airbrush-make-up-set","12":"product_cat-tattoo","13":"product_cat-airbrush-cosplay-set","14":"product_cat-airbrush-sets","15":"product_cat-airbrush-set","16":"product_cat-airbrush-kompressor","18":"first","19":"instock","20":"taxable","21":"shipping-taxable","22":"purchasable","23":"product-type-simple"},"_links":{"self":[{"href":"https:\/\/testshop.igel.wovodo.de\/ru\/wp-json\/wp\/v2\/product\/30703","targetHints":{"allow":["GET"]}}],"collection":[{"href":"https:\/\/testshop.igel.wovodo.de\/ru\/wp-json\/wp\/v2\/product"}],"about":[{"href":"https:\/\/testshop.igel.wovodo.de\/ru\/wp-json\/wp\/v2\/types\/product"}],"replies":[{"embeddable":true,"href":"https:\/\/testshop.igel.wovodo.de\/ru\/wp-json\/wp\/v2\/comments?post=30703"}],"version-history":[{"count":1,"href":"https:\/\/testshop.igel.wovodo.de\/ru\/wp-json\/wp\/v2\/product\/30703\/revisions"}],"predecessor-version":[{"id":35313,"href":"https:\/\/testshop.igel.wovodo.de\/ru\/wp-json\/wp\/v2\/product\/30703\/revisions\/35313"}],"wp:featuredmedia":[{"embeddable":true,"href":"https:\/\/testshop.igel.wovodo.de\/ru\/wp-json\/wp\/v2\/media\/37719"}],"wp:attachment":[{"href":"https:\/\/testshop.igel.wovodo.de\/ru\/wp-json\/wp\/v2\/media?parent=30703"}],"wp:term":[{"taxonomy":"product_brand","embeddable":true,"href":"https:\/\/testshop.igel.wovodo.de\/ru\/wp-json\/wp\/v2\/product_brand?post=30703"},{"taxonomy":"product_cat","embeddable":true,"href":"https:\/\/testshop.igel.wovodo.de\/ru\/wp-json\/wp\/v2\/product_cat?post=30703"},{"taxonomy":"product_tag","embeddable":true,"href":"https:\/\/testshop.igel.wovodo.de\/ru\/wp-json\/wp\/v2\/product_tag?post=30703"}],"curies":[{"name":"wp","href":"https:\/\/api.w.org\/{rel}","templated":true}]}}