{"id":30785,"date":"2024-10-31T14:13:06","date_gmt":"2024-10-31T13:13:06","guid":{"rendered":"https:\/\/testshop.igel.wovodo.de\/product\/grauguss-adapter-ag-ag-1-%c2%bc-125-zoll-fuer-32-mm-schlauch-innendurchmesser\/"},"modified":"2025-01-27T12:32:11","modified_gmt":"2025-01-27T11:32:11","slug":"grauguss-adapter-ag-ag-1-%c2%bc-125-zoll-fuer-32-mm-schlauch-innendurchmesser","status":"publish","type":"product","link":"https:\/\/testshop.igel.wovodo.de\/ru\/product\/grauguss-adapter-ag-ag-1-%c2%bc-125-zoll-fuer-32-mm-schlauch-innendurchmesser\/","title":{"rendered":"Grauguss Adapter AG AG 1 \u00bc\u201c (1,25 Zoll) f\u00fcr    32 mm Schlauch (Innendurchmesser)"},"content":{"rendered":"<div class=\"sale_application\">\n<ul>\n<li>Verbindungsst\u00fcck f\u00fcr unsere Pumpsysteme.<\/li>\n<li>Kann mittels eines Schraubgewindes mit anderen Systemen verbunden werden.<\/li>\n<\/ul><\/div>\n<div class=\"sale_description\">\n<p>Der Grauguss (Gusseisen) Adapter ist f\u00fcr eine hohe Druckbelastung ausgelegt und wurde vernickelt. Dadurch wird ein besser Materialschutz beim Pumpen von Fl\u00fcssigkeiten garantiert. Es sollte jedoch kein Salzwasser oder aggressive Fl\u00fcssigkeiten damit gef\u00f6rdert werden, da diese die Oberfl\u00e4chen besch\u00e4digen k\u00f6nnen und sich somit negativ auf die Lebenserwartung des Adapters auswirken. Ebenso sollten keine Fl\u00fcssigkeiten mit einem zu hohen (10) oder niedrigen (5) pH-Wert gef\u00f6rdert werden.<\/p>\n<p>Sollte der anzuschlie\u00dfende Schlauch etwas zu eng f\u00fcr die T\u00fclle sein , empfehlen wir, den Schlauch vor dem Anschlie\u00dfen zu erw\u00e4rmen.<\/p>\n<p>Ist der Schlauch etwas zu weit f\u00fcr die T\u00fclle, wobei diese ganz locker in den Schlauch gesteckt werden kann, empfehlen wir einige Windungen Teflon Band auf die T\u00fclle aufzutragen. <br \/>Dies ist auch stets zu empfehlen, wenn ein Schlauch mit einer innen liegenden harten PVC Spirale ausgestattet ist, da sonst keine Dichtigkeit, insbesondere bei Unterdruck, auf Dauer erreicht werden kann.<\/p>\n<\/div>","protected":false},"excerpt":{"rendered":"<p>Der Grauguss Adapter mit einem Au\u00dfengewinde von AG 1 \u00bc\u201c (1,25 Zoll) ist mit einem Anschluss f\u00fcr Schl\u00e4uche mit einem Innendurchmesser von 32 mm geeignet. Das Verbindungsst\u00fcck misst eine Gesamtl\u00e4nge von 64 mm und einen Gesamtdurchmesser von 52 mm .<\/p>","protected":false},"featured_media":33937,"comment_status":"open","ping_status":"closed","template":"","meta":[],"product_brand":[],"product_cat":[394,205],"product_tag":[],"class_list":{"0":"post-30785","1":"product","2":"type-product","3":"status-publish","4":"has-post-thumbnail","6":"product_cat-grauguss-adapter","7":"product_cat-zubehoer-brunnenpumpe","9":"first","10":"instock","11":"taxable","12":"shipping-taxable","13":"purchasable","14":"product-type-simple"},"_links":{"self":[{"href":"https:\/\/testshop.igel.wovodo.de\/ru\/wp-json\/wp\/v2\/product\/30785","targetHints":{"allow":["GET"]}}],"collection":[{"href":"https:\/\/testshop.igel.wovodo.de\/ru\/wp-json\/wp\/v2\/product"}],"about":[{"href":"https:\/\/testshop.igel.wovodo.de\/ru\/wp-json\/wp\/v2\/types\/product"}],"replies":[{"embeddable":true,"href":"https:\/\/testshop.igel.wovodo.de\/ru\/wp-json\/wp\/v2\/comments?post=30785"}],"version-history":[{"count":1,"href":"https:\/\/testshop.igel.wovodo.de\/ru\/wp-json\/wp\/v2\/product\/30785\/revisions"}],"predecessor-version":[{"id":35395,"href":"https:\/\/testshop.igel.wovodo.de\/ru\/wp-json\/wp\/v2\/product\/30785\/revisions\/35395"}],"wp:featuredmedia":[{"embeddable":true,"href":"https:\/\/testshop.igel.wovodo.de\/ru\/wp-json\/wp\/v2\/media\/33937"}],"wp:attachment":[{"href":"https:\/\/testshop.igel.wovodo.de\/ru\/wp-json\/wp\/v2\/media?parent=30785"}],"wp:term":[{"taxonomy":"product_brand","embeddable":true,"href":"https:\/\/testshop.igel.wovodo.de\/ru\/wp-json\/wp\/v2\/product_brand?post=30785"},{"taxonomy":"product_cat","embeddable":true,"href":"https:\/\/testshop.igel.wovodo.de\/ru\/wp-json\/wp\/v2\/product_cat?post=30785"},{"taxonomy":"product_tag","embeddable":true,"href":"https:\/\/testshop.igel.wovodo.de\/ru\/wp-json\/wp\/v2\/product_tag?post=30785"}],"curies":[{"name":"wp","href":"https:\/\/api.w.org\/{rel}","templated":true}]}}