{"id":30800,"date":"2024-10-31T14:13:15","date_gmt":"2024-10-31T13:13:15","guid":{"rendered":"https:\/\/testshop.igel.wovodo.de\/product\/230v-gartenbrunnen-fels-kaskade-mit-4-rgb-led-licht-230v\/"},"modified":"2025-01-27T12:32:17","modified_gmt":"2025-01-27T11:32:17","slug":"230v-gartenbrunnen-fels-kaskade-mit-4-rgb-led-licht-230v","status":"publish","type":"product","link":"https:\/\/testshop.igel.wovodo.de\/ru\/product\/230v-gartenbrunnen-fels-kaskade-mit-4-rgb-led-licht-230v\/","title":{"rendered":"230V &#8211; Gartenbrunnen FELS-KASKADE mit 4 RGB LED-Licht-230V"},"content":{"rendered":"<div class=\"sale_application\">\n<ul>\n<li>Gartenbrunnen f\u00fcr den Innen- und Au\u00dfenbereich<\/li>\n<\/ul><\/div>\n<div class=\"sale_description\">\n<p><strong>Dekorativ &amp; wohltuend<\/strong><\/p>\n<p>Der Garten- und Zimmerbrunnen <b>FELS-KASKADE RGB<\/b> ist f\u00fcr den Innen- und Au\u00dfenbereich geeignet. Der Brunnen wertet jede Umgebung auf und sorgt f\u00fcr eine tolle Atmosph\u00e4re und Entspannung. Flie\u00dfendes Wasser wirkt sich positiv auf die Stimmung aus und liefert ein angenehmes Mikroklima an hei\u00dfen Sommertagen. Der Kaskaden-Brunnen mit effektvoller LED-Beleuchtung (<b>RGB-Farbwechsel<\/b>) ist bei Tag und Nacht der perfekte Blickfang. Die RGB LED-Lichter bewirken einen sanft ineinander \u00fcbergehenden Farbwechsel.<\/p>\n<div class=\"embed-responsive embed-responsive-16by9\">\n<iframe src=\"https:\/\/www.youtube-nocookie.com\/embed\/GELzvPhh57Q?rel=0\" title=\"YouTube video player\" allow=\"accelerometer; autoplay; clipboard-write; encrypted-media; gyroscope; picture-in-picture; web-share\" allowfullscreen=\"\" width=\"560\" height=\"315\" frameborder=\"0\"><\/iframe>\n<\/div>\n<p><strong>Stromsparend, innovativ, einzigartig &amp; zukunftsweisend<\/strong><\/p>\n<p>Der rustikale Zierbrunnen <b>FELS-KASKADE RGB<\/b> als Basisversion ist f\u00fcr den 230-Volt-Betrieb vorgesehen. Die Pumpe und die LEDs werden mit sicherer 12V-Niederspannung betrieben (Adapter im Lieferumfang enthalten). Alle Kabelverbindungen sind verpolungssicher und wasserdicht. Der Aufbau geht einfach und schnell.<\/p>\n<p>Der Gartenbrunnen <b>FELS-KASKADE RGB<\/b> kann in <b>3 verschiedenen Betriebsarten<\/b> betrieben werden:<\/p>\n<ol>\n<li>230V-Betrieb bei schattigen Verh\u00e4ltnissen (Tag und Nacht-Betrieb) (Basisversion)<\/li>\n<li>Solar-Betrieb bei sonnigen Verh\u00e4ltnissen (nur Tag-Betrieb) (mit Solarmodul aus der Zubeh\u00f6r-Auswahl)<\/li>\n<li>Hybrid-Betrieb f\u00fcr 230V und Solar-Strom (Tag und Nacht-Betrieb) (mit Solarmodul aus der Zubeh\u00f6r-Auswahl)<\/li>\n<\/ol>\n<p>Beim stromsparenden Hybrid-Betrieb, d.h. beim gleichzeitigem Anschluss an das 230V-Netz und Solarpanel erfolgt die Umschaltung je nach Sonnenintensit\u00e4t von 230V auf Solar und umgekehrt <b>automatisch<\/b>. Im ausw\u00e4hlbaren Nachtmodus schaltet sich der Gartenbrunnen bei Dunkelheit selbstst\u00e4ndig ab und am n\u00e4chsten Morgen wieder an.<br \/>\n  Im Solar-Betrieb kann der Brunnen unabh\u00e4ngig von 230V-Steckdose frei platziert und betrieben werden. Das Verlegen von Strom- und Verl\u00e4ngerungskabeln entf\u00e4llt. So betreiben Sie Ihren Kaskadenbrunnen <b>FELS-KASKADE RGB<\/b> ohne Folgekosten!<\/p>\n<p><strong>Werthaltig, best\u00e4ndig &amp; betriebssicher<\/strong><\/p>\n<p>S\u00e4mtliche Komponenten sind absolut funktionssicher, langlebig und dank praktischer Steckverbindungen jederzeit austauschbar. So k\u00f6nnen Sie den Wasserbrunnen &#8220;FELS-KASKADE geschwungen&#8221; und das flie\u00dfende Wasser jahrelang genie\u00dfen!<\/p>\n<p><font size=\"2\">Rechtlicher Hinweis: Diese Produkte werden einzeln per Hand koloriert, Farbabweichungen lassen sich deshalb nicht vermeiden. Weiterhin kann es aufgrund der Lichtverh\u00e4ltnisse bei der Produktfotografie und unterschiedlichen Bildschirmeinstellungen dazu kommen, dass die Farbe des Produktes nicht authentisch wiedergegeben wird und ist deshalb kein Reklamationsgrund.<\/font><\/p>\n<p><b>\u041f\u0440\u0438\u043c\u0435\u0447\u0430\u043d\u0438\u0435:<\/b> Frost kann zu Sch\u00e4den am Gartenbrunnen und der Pumpe f\u00fchren. Bei Frostgefahr muss der <b>Gartenbrunnen und die Pumpe entleert werden<\/b>, mit klarem Wasser gesp\u00fclt und trocken eingelagert werden. Dann haben Sie sehr lange Freude daran!<\/p>\n<\/p><\/div>\n<h3>\u041c\u043d\u043e\u0433\u043e \u0432\u0435\u0441\u043a\u0438\u0445 \u043f\u0440\u0438\u0447\u0438\u043d, \u043f\u043e \u043a\u043e\u0442\u043e\u0440\u044b\u043c \u0432\u044b \u0434\u043e\u043b\u0436\u043d\u044b \u043a\u0443\u043f\u0438\u0442\u044c \u044d\u0442\u043e\u0442 \u043f\u0440\u043e\u0434\u0443\u043a\u0442:<\/h3>\n<div class=\"sale_motive\">\n<ul>\n<li>Klassischer Kaskadenbrunnen in naturgetreuer Steinoptik<\/li>\n<li>zeitloses Design<\/li>\n<li>Tag- und Nachtbetrieb &#8211; immer der perfekte Blickfang<\/li>\n<li>optimal auch f&uuml;r kleine Fl&auml;chen<\/li>\n<li>einfach zu montierendes Set mit umfangreichem Zubeh&ouml;r zum Spitzenpreis<\/li>\n<li>stromsparender Universal-Betrieb mit 230V, Solarmodul oder Hybrid-Betrieb<\/li>\n<li>mit Solarmodul frei positionierbar<\/li>\n<li>stabil, bruchfest &amp; langlebig<\/li>\n<li>mit 4 RGB LED-Licht<\/li>\n<\/ul>\n<\/div>","protected":false},"excerpt":{"rendered":"<p>Gartenbrunnen FELS-KASKADE mit 4 RGB LED-Licht-230V<\/p>\n<p><b>Auch mit Solar-Modul erh\u00e4ltlich!<\/b><br \/>\n  <b><font color=\"FF0000\">LED-Beleuchtung mit RGB-Farbwechsel!<\/font><\/b><\/p>","protected":false},"featured_media":38797,"comment_status":"open","ping_status":"closed","template":"","meta":[],"product_brand":[],"product_cat":[318,254,460,319],"product_tag":[],"class_list":{"0":"post-30800","1":"product","2":"type-product","3":"status-publish","4":"has-post-thumbnail","6":"product_cat-gartenbrunnen","7":"product_cat-brunnen-mit-230-v-betrieb","8":"product_cat-klassische-kaskaden","9":"product_cat-zimmerbrunnen","11":"first","12":"instock","13":"taxable","14":"shipping-taxable","15":"purchasable","16":"product-type-simple"},"_links":{"self":[{"href":"https:\/\/testshop.igel.wovodo.de\/ru\/wp-json\/wp\/v2\/product\/30800","targetHints":{"allow":["GET"]}}],"collection":[{"href":"https:\/\/testshop.igel.wovodo.de\/ru\/wp-json\/wp\/v2\/product"}],"about":[{"href":"https:\/\/testshop.igel.wovodo.de\/ru\/wp-json\/wp\/v2\/types\/product"}],"replies":[{"embeddable":true,"href":"https:\/\/testshop.igel.wovodo.de\/ru\/wp-json\/wp\/v2\/comments?post=30800"}],"version-history":[{"count":4,"href":"https:\/\/testshop.igel.wovodo.de\/ru\/wp-json\/wp\/v2\/product\/30800\/revisions"}],"predecessor-version":[{"id":38798,"href":"https:\/\/testshop.igel.wovodo.de\/ru\/wp-json\/wp\/v2\/product\/30800\/revisions\/38798"}],"wp:featuredmedia":[{"embeddable":true,"href":"https:\/\/testshop.igel.wovodo.de\/ru\/wp-json\/wp\/v2\/media\/38797"}],"wp:attachment":[{"href":"https:\/\/testshop.igel.wovodo.de\/ru\/wp-json\/wp\/v2\/media?parent=30800"}],"wp:term":[{"taxonomy":"product_brand","embeddable":true,"href":"https:\/\/testshop.igel.wovodo.de\/ru\/wp-json\/wp\/v2\/product_brand?post=30800"},{"taxonomy":"product_cat","embeddable":true,"href":"https:\/\/testshop.igel.wovodo.de\/ru\/wp-json\/wp\/v2\/product_cat?post=30800"},{"taxonomy":"product_tag","embeddable":true,"href":"https:\/\/testshop.igel.wovodo.de\/ru\/wp-json\/wp\/v2\/product_tag?post=30800"}],"curies":[{"name":"wp","href":"https:\/\/api.w.org\/{rel}","templated":true}]}}