{"id":30828,"date":"2024-10-31T14:13:34","date_gmt":"2024-10-31T13:13:34","guid":{"rendered":"https:\/\/testshop.igel.wovodo.de\/product\/airbrush-farben-wasserbasis-19-er-geschenk-set\/"},"modified":"2025-01-27T12:32:27","modified_gmt":"2025-01-27T11:32:27","slug":"airbrush-farben-wasserbasis-19-er-geschenk-set","status":"publish","type":"product","link":"https:\/\/testshop.igel.wovodo.de\/ru\/product\/airbrush-farben-wasserbasis-19-er-geschenk-set\/","title":{"rendered":"Airbrush Farben Wasserbasis 19-er GESCHENK-Set"},"content":{"rendered":"<div class=\"sale_application\">\n<ul>\n<li><strong>Ideal f\u00fcr Airbrush Tattoos, Body Painting, K\u00f6rperbemalung etc.<\/strong><\/li>\n<\/ul><\/div>\n<div class=\"sale_description\">\n<p>Mit dem Wasserbasis 19-er GESCHENK-Set erhalten Sie 19 Airbrush-Farben f\u00fcr die Erstellung von professionellen Airbrush-Bildern, Tattoos, Nail-Designs, Body Painting, K\u00f6rperbemalung und vieles mehr. Lassen Sie Ihrer Kreativit\u00e4t freien Lauf! Tolle Ausstattung f\u00fcr jedes Airbrush-Set, universal einsetzbar, f\u00fcr Profis als auch f\u00fcr Einsteiger geeignet, ideal auch als Geschenk f\u00fcr alle Airbrush-Begeisterte! Ergiebige, leuchtstarke Farben. Keine Fertigfarbe, durch Verd\u00fcnnen sehr ergiebig! Sch\u00f6ne wiederverschlie\u00dfbare Dauerverpackung!<\/p>\n<p>Vor dem Einsatz von selbst angemischten Farben in einer Airbrush-Pistole bitte pr\u00fcfen, ob die Farben miteinader mischbar sind. Sind unerw\u00fcnschte Reaktionen (z.B. Verklumpung) feststellbar, ist vom Einsatz in einer Airbrush-Pistole abzusehen.<\/p>\n<p>\n<b>Anmerkung zur Produkthaltbarkeit:<\/b> Die Angabe eines Mindesthaltbarkeitsdatums ist gesetzlich vorgeschrieben. Die Haltbarkeit unserer Airbrush-Farben betr\u00e4gt mindestens zehn Jahre. Wir versichern Ihnen, dass die Verwendung der Farben &#8211; auch nach Ablauf des Mindesthaltbarkeitsdatums &#8211; f\u00fcr den jeweils empfohlenen Einsatzzweck noch jahrelang v\u00f6llig unbedenklich ist. Die \u00e4lteste bei uns f\u00fcr Testzwecke zur Haltbarkeit aufbewahrte und vollkommen intakte Farbe ist etwa 5Jahre alt.<\/p>\n<\/div>\n<h3>\u041c\u043d\u043e\u0433\u043e \u0432\u0435\u0441\u043a\u0438\u0445 \u043f\u0440\u0438\u0447\u0438\u043d, \u043f\u043e \u043a\u043e\u0442\u043e\u0440\u044b\u043c \u0432\u044b \u0434\u043e\u043b\u0436\u043d\u044b \u043a\u0443\u043f\u0438\u0442\u044c \u044d\u0442\u043e\u0442 \u043f\u0440\u043e\u0434\u0443\u043a\u0442:<\/h3>\n<div class=\"sale_motive\">\n<ul>\n<li>einfach und sicher in der Anwendung<\/li>\n<li><strong>ergiebige, leuchtstarke Farben, keine Fertigfarbe &#8211; durch Verd\u00fcnnen sehr ergiebig!<\/strong><\/li>\n<li>f\u00fcr Profis sowie auch f\u00fcr Einsteiger geeignet<\/li>\n<\/ul>\n<\/div>","protected":false},"excerpt":{"rendered":"<p>Airbrush-Universalfarben-Set f\u00fcr (fast) alle Anwendungen geeignet, auch f\u00fcr K\u00f6rper-Tattoos nutzbar!<br \/>\n12x20ml \/ 6x30ml \/ 1x100ml <\/p>","protected":false},"featured_media":34043,"comment_status":"open","ping_status":"closed","template":"","meta":[],"product_brand":[],"product_cat":[235,237,212,188],"product_tag":[],"class_list":{"0":"post-30828","1":"product","2":"type-product","3":"status-publish","4":"has-post-thumbnail","6":"product_cat-airbrush-farben","7":"product_cat-airbrush-farben-set","8":"product_cat-airbrush-cosplay-set","9":"product_cat-airbrush-set","11":"first","12":"instock","13":"taxable","14":"shipping-taxable","15":"purchasable","16":"product-type-simple"},"_links":{"self":[{"href":"https:\/\/testshop.igel.wovodo.de\/ru\/wp-json\/wp\/v2\/product\/30828","targetHints":{"allow":["GET"]}}],"collection":[{"href":"https:\/\/testshop.igel.wovodo.de\/ru\/wp-json\/wp\/v2\/product"}],"about":[{"href":"https:\/\/testshop.igel.wovodo.de\/ru\/wp-json\/wp\/v2\/types\/product"}],"replies":[{"embeddable":true,"href":"https:\/\/testshop.igel.wovodo.de\/ru\/wp-json\/wp\/v2\/comments?post=30828"}],"version-history":[{"count":1,"href":"https:\/\/testshop.igel.wovodo.de\/ru\/wp-json\/wp\/v2\/product\/30828\/revisions"}],"predecessor-version":[{"id":35438,"href":"https:\/\/testshop.igel.wovodo.de\/ru\/wp-json\/wp\/v2\/product\/30828\/revisions\/35438"}],"wp:featuredmedia":[{"embeddable":true,"href":"https:\/\/testshop.igel.wovodo.de\/ru\/wp-json\/wp\/v2\/media\/34043"}],"wp:attachment":[{"href":"https:\/\/testshop.igel.wovodo.de\/ru\/wp-json\/wp\/v2\/media?parent=30828"}],"wp:term":[{"taxonomy":"product_brand","embeddable":true,"href":"https:\/\/testshop.igel.wovodo.de\/ru\/wp-json\/wp\/v2\/product_brand?post=30828"},{"taxonomy":"product_cat","embeddable":true,"href":"https:\/\/testshop.igel.wovodo.de\/ru\/wp-json\/wp\/v2\/product_cat?post=30828"},{"taxonomy":"product_tag","embeddable":true,"href":"https:\/\/testshop.igel.wovodo.de\/ru\/wp-json\/wp\/v2\/product_tag?post=30828"}],"curies":[{"name":"wp","href":"https:\/\/api.w.org\/{rel}","templated":true}]}}