{"id":30829,"date":"2024-10-31T14:13:34","date_gmt":"2024-10-31T13:13:34","guid":{"rendered":"https:\/\/testshop.igel.wovodo.de\/product\/airbrush-absauganlage-fuer-farbnebel-hobby-1\/"},"modified":"2025-01-27T12:32:27","modified_gmt":"2025-01-27T11:32:27","slug":"airbrush-absauganlage-fuer-farbnebel-hobby-1","status":"publish","type":"product","link":"https:\/\/testshop.igel.wovodo.de\/ru\/product\/airbrush-absauganlage-fuer-farbnebel-hobby-1\/","title":{"rendered":"Airbrush Absauganlage f\u00fcr Farbnebel HOBBY 1"},"content":{"rendered":"<div class=\"sale_application\">\n<ul>\n<li>Absauganlage f\u00fcr Farbnebel mit austauschbarer Filtermatte und Tragegriff<\/li>\n<\/ul>\n<\/div>\n<div class=\"sale_description\">\n<p>Kompakte, <b>sehr leise<\/b> Absauganlage zur Tischaufstellung f\u00fcr alle Arten von Spray-Arbeiten. Besonders gut geeignet f\u00fcr Airbrush und Farbauftrag aus Spr\u00fchdosen. Preiswerte und gute L\u00f6sung f\u00fcr Ihr Hobby. Optimal zum Bemalen von kleinen Teilen: Modellautos, Zinnsoldaten, Keramiken usw. Leicht transportabel mit Handgriff.<\/p>\n<p>Der zweiteilige flexible Entl\u00fcftungsschlauch l\u00e4sst sich bis zu 35&#8243; \/ 98cm ausdehnen.<\/p>\n<p>Der Spr\u00fchnebel wird angesaugt, \u00fcber eine Filtermatte gereinigt und die Abluft ins Freie abgef\u00fchrt.<br \/><i>Nicht einsetzbar f\u00fcr das Absaugen von gef\u00e4hrlichen, explosiven oder entflammbaren Substanzen.<\/i><\/p>\n<p>Durch das hervorragende Absaugen von Staub und Farbe aus der Luft, minimiert die Absauganlage HOBBY 1 das potenzielle Gesundheitsrisiko durch das Einatmen von D\u00e4mpfen, Farbnebel und somit daraus resultierende Benommenheit oder auch Kopfschmerzen.<br \/>\nDar\u00fcber hinaus verhindert die Anlage unsch\u00f6ne Verschmutzungen des Kunstwerks sowie der Arbeitsumgebung und sorgt so f\u00fcr eine bessere Luftqualit\u00e4t und ein angenehmeres Arbeitsklima zu einem unschlagbaren Preis-Leistungs-Verh\u00e4ltnis.<br \/>\nDie Absauganlage HOBBY 1 liefert eine solide Leistung ab und entfernt Partikel aus der Luft zuverl\u00e4ssig. Ersparen Sie sich das unangenehme Arbeiten mit Mundmaske, Atmen und Arbeiten Sie frei!\n<\/p>\n<p><\/p>\n<div class=\"embed-responsive embed-responsive-16by9\" &gt;=\"\">\n<iframe width=\"560\" height=\"315\" src=\"https:\/\/www.youtube-nocookie.com\/embed\/Ta_15e0xVeg?rel=0\" title=\"YouTube video player\" frameborder=\"0\" allow=\"accelerometer; autoplay; clipboard-write; encrypted-media; gyroscope; picture-in-picture\" allowfullscreen=\"\"><\/iframe><\/div>\n<\/div>\n<h3>\u041c\u043d\u043e\u0433\u043e \u0432\u0435\u0441\u043a\u0438\u0445 \u043f\u0440\u0438\u0447\u0438\u043d, \u043f\u043e \u043a\u043e\u0442\u043e\u0440\u044b\u043c \u0432\u044b \u0434\u043e\u043b\u0436\u043d\u044b \u043a\u0443\u043f\u0438\u0442\u044c \u044d\u0442\u043e\u0442 \u043f\u0440\u043e\u0434\u0443\u043a\u0442:<\/h3>\n<div class=\"sale_motive\">\n<ul>\n<li>Kompakte Absauganlage zur Tischaufstellung f\u00fcr alle Arten von Spray-Arbeiten<\/li>\n<li>Besonders gut geeignet f\u00fcr Airbrush und Farbauftrag aus Spr\u00fchdosen. Preiswerte und gute L\u00f6sung f\u00fcr Ihr Hobby<\/li>\n<li>Optimal zum Bemalen von kleinen Teilen: Modellautos, Zinnsoldaten, Keramiken usw.<\/li>\n<li>Leicht transportabel mit Handgriff<\/li>\n<li>Der Spr\u00fchnebel wird angesaugt, \u00fcber einen Filter gereinigt und die Abluft ins Freie abgef\u00fchrt<\/li>\n<\/ul>\n<\/div>","protected":false},"excerpt":{"rendered":"<p>Absauganlage f\u00fcr Farbnebel mit austauschbarer Filtermatte und Tragegriff<\/p>","protected":false},"featured_media":34044,"comment_status":"open","ping_status":"closed","template":"","meta":[],"product_brand":[],"product_cat":[257,256],"product_tag":[],"class_list":{"0":"post-30829","1":"product","2":"type-product","3":"status-publish","4":"has-post-thumbnail","6":"product_cat-zubehoer-profi-airbrush","7":"product_cat-zubehoer-airbrush","9":"first","10":"instock","11":"taxable","12":"shipping-taxable","13":"purchasable","14":"product-type-simple"},"_links":{"self":[{"href":"https:\/\/testshop.igel.wovodo.de\/ru\/wp-json\/wp\/v2\/product\/30829","targetHints":{"allow":["GET"]}}],"collection":[{"href":"https:\/\/testshop.igel.wovodo.de\/ru\/wp-json\/wp\/v2\/product"}],"about":[{"href":"https:\/\/testshop.igel.wovodo.de\/ru\/wp-json\/wp\/v2\/types\/product"}],"replies":[{"embeddable":true,"href":"https:\/\/testshop.igel.wovodo.de\/ru\/wp-json\/wp\/v2\/comments?post=30829"}],"version-history":[{"count":2,"href":"https:\/\/testshop.igel.wovodo.de\/ru\/wp-json\/wp\/v2\/product\/30829\/revisions"}],"predecessor-version":[{"id":38481,"href":"https:\/\/testshop.igel.wovodo.de\/ru\/wp-json\/wp\/v2\/product\/30829\/revisions\/38481"}],"wp:featuredmedia":[{"embeddable":true,"href":"https:\/\/testshop.igel.wovodo.de\/ru\/wp-json\/wp\/v2\/media\/34044"}],"wp:attachment":[{"href":"https:\/\/testshop.igel.wovodo.de\/ru\/wp-json\/wp\/v2\/media?parent=30829"}],"wp:term":[{"taxonomy":"product_brand","embeddable":true,"href":"https:\/\/testshop.igel.wovodo.de\/ru\/wp-json\/wp\/v2\/product_brand?post=30829"},{"taxonomy":"product_cat","embeddable":true,"href":"https:\/\/testshop.igel.wovodo.de\/ru\/wp-json\/wp\/v2\/product_cat?post=30829"},{"taxonomy":"product_tag","embeddable":true,"href":"https:\/\/testshop.igel.wovodo.de\/ru\/wp-json\/wp\/v2\/product_tag?post=30829"}],"curies":[{"name":"wp","href":"https:\/\/api.w.org\/{rel}","templated":true}]}}