{"id":30863,"date":"2024-10-31T14:13:56","date_gmt":"2024-10-31T13:13:56","guid":{"rendered":"https:\/\/testshop.igel.wovodo.de\/product\/teichpumpen-set-solar-aqua-vital-9-uv-c\/"},"modified":"2025-01-27T12:32:42","modified_gmt":"2025-01-27T11:32:42","slug":"teichpumpen-set-solar-aqua-vital-9-uv-c","status":"publish","type":"product","link":"https:\/\/testshop.igel.wovodo.de\/ru\/product\/teichpumpen-set-solar-aqua-vital-9-uv-c\/","title":{"rendered":"Teichpumpen-Set Solar  Aqua-Vital 9-UV-C"},"content":{"rendered":"<div class=\"sale_application\">\n<ul>\n<li>Hoher Wirkungsgrad und Lebensdauer der Pumpe durch neueste, b\u00fcrstenlose DC-Motortechnologie<\/li>\n<li>Filterkasten zum Filtern des Wassers, um Ihren Teich sauber und gesund zu halten<\/li>\n<li>Konzipiert f\u00fcr den Betrieb mit einer Springbrunnenpumpe, damit Sie sich an einem sch\u00f6nen Springbrunnen erfreuen und gleichzeitig die Wasserqualit\u00e4t Ihres Teichs verbessern k\u00f6nnen<\/li>\n<li>Die Springbrunnenpumpe ist so konstruiert, dass sie im Inneren des Beh\u00e4lters untergebracht ist, um die Pumpe vor Besch\u00e4digungen durch Teichabf\u00e4lle zu sch\u00fctzen<\/li>\n<li>Reduziert Keime und Schwimmalgen. Das Eingebaute UV-Licht im inneren des Filterkastens greift Keime sowie mikroskopisch kleine Algen an und reduziert das Auftreten von gr\u00fcnem Wasser.<\/li>\n<li>Mit langlebigem, stabilem Aluminium-Rahmen<\/li>\n<li>Hochwertiges Solarpanel mit einer Leistung von <b>9 Watt<\/b><\/li>\n<li>Verbesserung der Wasserqualit\u00e4t in Ihrem Teich (Umw\u00e4lzung von Wasser und Sauerstoffanreicherung)<\/li>\n<li>Steckfertiges Solarpumpensystem \u2013 sofort einsatzbereit<\/li>\n<li>Es wird kein zus\u00e4tzlicher Strom verbraucht \u2013 Betrieb ohne Folgekosten, das Verlegen von Kabeln im Garten entf\u00e4llt<\/li>\n<li>Einstellbarer Winkel des Solarmoduls und 5 Meter Anschlusskabel machen eine optimale Platzierung des Panels im sonnigen Bereich m\u00f6glich <\/li>\n<\/ul><\/div>\n<div class=\"sale_description\">\n<p>Das Teichpumpen-Set <b>Aqua-Vital 9-UV-C<\/b> veredelt Ihren Teich optisch und pflegt ihn gleichzeitig. Verschiedene D\u00fcsen zaubern ein abwechslungsreiches Wasserspiel. Das Solarmodul betreibt dieses Wasserspiel mit der Kraft der Sonne. Je st\u00e4rker die Sonne, umso kr\u00e4ftiger wird der Wasserstrahl. Das beruhigende Rauschen des Wassers gibt jedem Teich die besondere Note und die im Sonnenlicht funkelnde Font\u00e4ne ist stets der perfekte Blickfang. <\/p>\n<p>Gleichzeitig minimiert das eingebaute UV Licht in der Filterbox das entstehen von mikroskopisch kleinen Algen und zum Teil Keimen, wie Viren und Bakterien und sorgt so auch f\u00fcr die Verbesserung der Wasserqualit\u00e4t. Gr\u00fcnes Wasser wird deutlich reduziert \u2013 das UV-Licht greift mikroskopisch kleine Algen an. Der Filterkasten filtert Ihren Teich, um ihn gesund und sauber zu halten.<\/p>\n<div class=\"embed-responsive embed-responsive-16by9\">\n<iframe width=\"560\" height=\"315\" src=\"https:\/\/www.youtube-nocookie.com\/embed\/qXIOcGp6_1s?rel=0\" title=\"YouTube video player\" frameborder=\"0\" allow=\"accelerometer; autoplay; clipboard-write; encrypted-media; gyroscope; picture-in-picture; web-share\" allowfullscreen=\"\"><\/iframe>\n<\/div>\n<p>Die Springbrunnenpumpe ist so konstruiert, dass sie im Inneren des Filterkasten-Beh\u00e4lters untergebracht ist, um die Pumpe vor Besch\u00e4digungen durch Teichabf\u00e4lle zu sch\u00fctzen<br \/>\nSie k\u00f6nnen \u00fcber die Zeiteinstellung die Wasserfont\u00e4ne jeden Tag zur gleichen Zeit zum Leben erwecken. Das Solarpanel kann mit einem Adapter (nicht im Lieferumfang enthalten) auch im Haus aufgeladen werden.<\/p>\n<p>\nDie Pumpe hat einen hohen Wirkungsgrad und eine lange Lebensdauer dank der Herstellung mit der neuesten, b\u00fcrstenlosen DC-Motortechnologie.<\/p>\n<p>Der neue LiIon-Accu OHNE Memory-Effekt ist optimal f\u00fcr den Solarbetrieb. Die neuartige Li-Ion-Technologie garantiert eine wesentlch l\u00e4ngere Nutzungsdauer der Solar-Sets. Das Aufladen des Accus erfolgt auch bei bew\u00f6lktem Himmel. Die im Solarpanel erzeugte Energie wird im Accu zwischengespeichert und dann schlagartig der Pumpe zugef\u00fchrt. Dadurch startet die Pumpe problemlos und l\u00e4uft l\u00e4nger als vergleichbare Solar-Sets ohne integrierten Accu. Ist der Accu geladen, so l\u00e4uft die Pumpe bis die Sonnenkraft ganz schwach wird. So haben Sie wesentlich mehr Freude an Ihrer Solarteichpumpe und Ihre Lebewesen im Teich deutlich mehr Luft zum Atmen.<\/p>\n<p>Solar <b>Aqua-Vital 9-UV-C<\/b> &#8211; Zaubern Sie Ihre individuelle Teich-Oase!<\/p>\n<\/div>\n<h3>\u041c\u043d\u043e\u0433\u043e \u0432\u0435\u0441\u043a\u0438\u0445 \u043f\u0440\u0438\u0447\u0438\u043d, \u043f\u043e \u043a\u043e\u0442\u043e\u0440\u044b\u043c \u0432\u044b \u0434\u043e\u043b\u0436\u043d\u044b \u043a\u0443\u043f\u0438\u0442\u044c \u044d\u0442\u043e\u0442 \u043f\u0440\u043e\u0434\u0443\u043a\u0442:<\/h3>\n<div class=\"sale_motive\">\n<ul>\n<li>Der Filterkasten h\u00e4lt Ihren Teich durch Filtern des Wassers sauber und gesund<\/li>\n<li>Reduziert Keime und Schwimmalgen. Das Eingebaute UV-Licht im inneren des Filterkastens greift Keime sowie mikroskopisch kleine Algen an und reduziert das Auftreten von gr\u00fcnem Wasser.<\/li>\n<li>Hoher Wirkungsgrad und lange Lebensdauer der Pumpe durch neueste, b\u00fcrstenlose DC-Motortechnologie<\/li>\n<li>Mit Timer-Funktion f\u00fcr automatischen, t\u00e4glichen Start zur festgelegten Zeit<\/li>\n<li>TAG und NACHT-BETRIEB<\/li>\n<li>Mit LANGLEBIGEM LiIon-Accu, garantiert ein optimales Anlaufen der Pumpe und bis zu 100% mehr NUTZEN <\/li>\n<li>Mit langlebigem, stabilem ALUMINIUM-RAHMEN<\/li>\n<li>Hochwertiges Solarpanel mit einer LEISTUNG von <b>9 Watt <\/b><\/li>\n<li>Verbesserung der Wasserqualit\u00e4t in Ihrem Teich (Umw\u00e4lzung von Wasser und Sauerstoffanreichung)<\/li>\n<li>Steckfertiges Solarpumpensystem \u2013 sofort einsatzbereit<\/li>\n<li>Es wird kein zus\u00e4tzlicher Strom verbraucht \u2013 Betrieb ohne Folgekosten, das Verlegen von Kabeln im Garten entf\u00e4llt<\/li>\n<li>Einstellbarer Winkel des Solarmoduls und 5 Meter Anschlusskabel machen eine optimale Platzierung des Panels im sonnigen Bereich m\u00f6glich <\/li>\n<\/ul><\/div>","protected":false},"excerpt":{"rendered":"<p>Leistung max. 9 Watt | F\u00f6rdermenge (Qmax.) 450 l\/h<br \/>\n  mit Filterbox und UV-Licht<\/p>","protected":false},"featured_media":33016,"comment_status":"open","ping_status":"closed","template":"","meta":[],"product_brand":[],"product_cat":[363],"product_tag":[],"class_list":{"0":"post-30863","1":"product","2":"type-product","3":"status-publish","4":"has-post-thumbnail","6":"product_cat-solar-teichpumpen","8":"first","9":"instock","10":"taxable","11":"shipping-taxable","12":"purchasable","13":"product-type-simple"},"_links":{"self":[{"href":"https:\/\/testshop.igel.wovodo.de\/ru\/wp-json\/wp\/v2\/product\/30863","targetHints":{"allow":["GET"]}}],"collection":[{"href":"https:\/\/testshop.igel.wovodo.de\/ru\/wp-json\/wp\/v2\/product"}],"about":[{"href":"https:\/\/testshop.igel.wovodo.de\/ru\/wp-json\/wp\/v2\/types\/product"}],"replies":[{"embeddable":true,"href":"https:\/\/testshop.igel.wovodo.de\/ru\/wp-json\/wp\/v2\/comments?post=30863"}],"version-history":[{"count":3,"href":"https:\/\/testshop.igel.wovodo.de\/ru\/wp-json\/wp\/v2\/product\/30863\/revisions"}],"predecessor-version":[{"id":38505,"href":"https:\/\/testshop.igel.wovodo.de\/ru\/wp-json\/wp\/v2\/product\/30863\/revisions\/38505"}],"wp:featuredmedia":[{"embeddable":true,"href":"https:\/\/testshop.igel.wovodo.de\/ru\/wp-json\/wp\/v2\/media\/33016"}],"wp:attachment":[{"href":"https:\/\/testshop.igel.wovodo.de\/ru\/wp-json\/wp\/v2\/media?parent=30863"}],"wp:term":[{"taxonomy":"product_brand","embeddable":true,"href":"https:\/\/testshop.igel.wovodo.de\/ru\/wp-json\/wp\/v2\/product_brand?post=30863"},{"taxonomy":"product_cat","embeddable":true,"href":"https:\/\/testshop.igel.wovodo.de\/ru\/wp-json\/wp\/v2\/product_cat?post=30863"},{"taxonomy":"product_tag","embeddable":true,"href":"https:\/\/testshop.igel.wovodo.de\/ru\/wp-json\/wp\/v2\/product_tag?post=30863"}],"curies":[{"name":"wp","href":"https:\/\/api.w.org\/{rel}","templated":true}]}}