{"id":30885,"date":"2024-10-31T14:14:10","date_gmt":"2024-10-31T13:14:10","guid":{"rendered":"https:\/\/testshop.igel.wovodo.de\/product\/kunststoff-verschraubung-quick-release-1-ag-x-1-ig\/"},"modified":"2025-01-27T12:32:52","modified_gmt":"2025-01-27T11:32:52","slug":"kunststoff-verschraubung-quick-release-1-ag-x-1-ig","status":"publish","type":"product","link":"https:\/\/testshop.igel.wovodo.de\/ru\/product\/kunststoff-verschraubung-quick-release-1-ag-x-1-ig\/","title":{"rendered":"Kunststoff-Verschraubung QUICK RELEASE 1&#8243; AG x 1&#8243; IG"},"content":{"rendered":"<div class=\"sale_application\">Kunststoff-Verbindungsst\u00fcck 1&#8243; AG x 1&#8243; IG mit \u00dcberwurfmutter und Dichtung <\/div>\n<div class=\"sale_description\">Entscheiden Sie sich f\u00fcr den Komfort von Kunststoffanschl\u00fcssen, die f\u00fcr jede Situation geeignet sind.<br \/>\n<br \/>\nModelle zur Vereinfachung der Installation dank der drehbaren Verbindung, die den Betrieb einfach macht.<br \/>\n<br \/>\nVergessen Sie die Zeitverschwendung mit Teflon oder Hanf, die Dichtheit wird durch eine spezielle Gummidichtung garantiert.<\/p>\n<div class=\"embed-responsive embed-responsive-16by9\">\n<iframe src=\"https:\/\/www.youtube-nocookie.com\/embed\/Vf_38rwXE3k?rel=0\" title=\"YouTube video player\" allow=\"accelerometer; autoplay; clipboard-write; encrypted-media; gyroscope; picture-in-picture\" allowfullscreen=\"\" width=\"560\" height=\"315\" frameborder=\"0\"><\/iframe>\n<\/div>\n<\/div>\n<h3>\u041c\u043d\u043e\u0433\u043e \u0432\u0435\u0441\u043a\u0438\u0445 \u043f\u0440\u0438\u0447\u0438\u043d, \u043f\u043e \u043a\u043e\u0442\u043e\u0440\u044b\u043c \u0432\u044b \u0434\u043e\u043b\u0436\u043d\u044b \u043a\u0443\u043f\u0438\u0442\u044c \u044d\u0442\u043e\u0442 \u043f\u0440\u043e\u0434\u0443\u043a\u0442:<\/h3>\n<div class=\"sale_motive\">\n<ul>\n<li>Kunststoffanschl\u00fcsse (polypropylen) mit garantierter Dichtheit bis zu 10 bar<\/li>\n<li>Gerader Anschluss 1&#8243; x 1&#8243;<\/li>\n<li>Schnelle Installation dank des drehbaren Anschlusses<\/li>\n<li>Einfacher Ausbau des Ger\u00e4ts aus dem System f\u00fcr kurze Wartungsarbeiten<\/li>\n<li>Interne Gummidichtung, die Hanf oder Teflon ersetzt, garantiert eine schnelle Montage und verhindert Fehlfunktionen des R\u00fcckschlagventils<\/li>\n<li>Kompatibel mit allen auf dem Markt erh\u00e4ltlichen Steuerger\u00e4ten<\/li>\n<li>Geringere Kosten als bei Messinganschl\u00fcssen <\/li>\n<\/ul>\n<\/div>","protected":false},"excerpt":{"rendered":"<p>Verschraubung Kunststoff 1&#8243; AG x 1&#8243; IG mit \u00dcberwurfmutter und Dichtung<\/p>","protected":false},"featured_media":34234,"comment_status":"open","ping_status":"closed","template":"","meta":[],"product_brand":[],"product_cat":[310],"product_tag":[],"class_list":{"0":"post-30885","1":"product","2":"type-product","3":"status-publish","4":"has-post-thumbnail","6":"product_cat-verbindungen-aus-kunststoff","8":"first","9":"instock","10":"taxable","11":"shipping-taxable","12":"purchasable","13":"product-type-simple"},"_links":{"self":[{"href":"https:\/\/testshop.igel.wovodo.de\/ru\/wp-json\/wp\/v2\/product\/30885","targetHints":{"allow":["GET"]}}],"collection":[{"href":"https:\/\/testshop.igel.wovodo.de\/ru\/wp-json\/wp\/v2\/product"}],"about":[{"href":"https:\/\/testshop.igel.wovodo.de\/ru\/wp-json\/wp\/v2\/types\/product"}],"replies":[{"embeddable":true,"href":"https:\/\/testshop.igel.wovodo.de\/ru\/wp-json\/wp\/v2\/comments?post=30885"}],"version-history":[{"count":4,"href":"https:\/\/testshop.igel.wovodo.de\/ru\/wp-json\/wp\/v2\/product\/30885\/revisions"}],"predecessor-version":[{"id":39809,"href":"https:\/\/testshop.igel.wovodo.de\/ru\/wp-json\/wp\/v2\/product\/30885\/revisions\/39809"}],"wp:featuredmedia":[{"embeddable":true,"href":"https:\/\/testshop.igel.wovodo.de\/ru\/wp-json\/wp\/v2\/media\/34234"}],"wp:attachment":[{"href":"https:\/\/testshop.igel.wovodo.de\/ru\/wp-json\/wp\/v2\/media?parent=30885"}],"wp:term":[{"taxonomy":"product_brand","embeddable":true,"href":"https:\/\/testshop.igel.wovodo.de\/ru\/wp-json\/wp\/v2\/product_brand?post=30885"},{"taxonomy":"product_cat","embeddable":true,"href":"https:\/\/testshop.igel.wovodo.de\/ru\/wp-json\/wp\/v2\/product_cat?post=30885"},{"taxonomy":"product_tag","embeddable":true,"href":"https:\/\/testshop.igel.wovodo.de\/ru\/wp-json\/wp\/v2\/product_tag?post=30885"}],"curies":[{"name":"wp","href":"https:\/\/api.w.org\/{rel}","templated":true}]}}