{"id":30886,"date":"2024-10-31T14:14:10","date_gmt":"2024-10-31T13:14:10","guid":{"rendered":"https:\/\/testshop.igel.wovodo.de\/product\/kunststoff-zapf-pistole-fuer-diesel\/"},"modified":"2025-01-27T12:32:53","modified_gmt":"2025-01-27T11:32:53","slug":"kunststoff-zapf-pistole-fuer-diesel","status":"publish","type":"product","link":"https:\/\/testshop.igel.wovodo.de\/ru\/product\/kunststoff-zapf-pistole-fuer-diesel\/","title":{"rendered":"Kunststoff Zapf-Pistole f\u00fcr Diesel"},"content":{"rendered":"<div class=\"sale_application\">\n<ul>\n<li>Bef\u00fcllen, Umpumpen, Umf\u00fcllen, Entleeren von Wasser, Diesel- und Heiz\u00f6ltanks u.v.m\n<\/li>\n<\/ul><\/div>\n<div class=\"sale_description\"> <b>Unsere Zapfpistolen f\u00fcr Diesel und Heiz\u00f6l sind Sicher, Zuverl\u00e4ssig und Effizient<\/b><br \/>\nUnsere hochwertigen Diesel Zapfpistolen sind ein unverzichtbares Werkzeug f\u00fcr die Betankung von Fahrzeugen und Maschinen mit Diesel.<br \/>\nDiese Zapfpistole erm\u00f6glicht eine einfache und sichere Diesel-Entnahme und kann in PKWs, LKWs, Nutzfahrzeugen und Maschinen mit einer F\u00f6rderleistung von bis zu 45 l\/min verwendet werden.<br \/>\nUnsere Zapfpistolen sind gut verarbeitet langlebig und werden Sie \u00fcber sehr lange Zeit begleiten. <\/div>\n<h3>\u041c\u043d\u043e\u0433\u043e \u0432\u0435\u0441\u043a\u0438\u0445 \u043f\u0440\u0438\u0447\u0438\u043d, \u043f\u043e \u043a\u043e\u0442\u043e\u0440\u044b\u043c \u0432\u044b \u0434\u043e\u043b\u0436\u043d\u044b \u043a\u0443\u043f\u0438\u0442\u044c \u044d\u0442\u043e\u0442 \u043f\u0440\u043e\u0434\u0443\u043a\u0442:<\/h3>\n<div class=\"sale_motive\">\n<ul>\n<li>Manuelle Bedienung (Keine Abschaltautomatik)<\/li>\n<li>G\u00e4ngiger Anschluss \u00fcber Schlaucht\u00fclle 1&#8243; f\u00fcr Schlauch mit 24mm Innendurchmesser<\/li>\n<\/ul>\n<\/div>","protected":false},"excerpt":{"rendered":"<p>Hochwertige Diesel Zapfpistole mit einer F\u00f6rderleistung von bis zu 45 l\/min.<\/p>","protected":false},"featured_media":34240,"comment_status":"open","ping_status":"closed","template":"","meta":[],"product_brand":[],"product_cat":[195],"product_tag":[],"class_list":{"0":"post-30886","1":"product","2":"type-product","3":"status-publish","4":"has-post-thumbnail","6":"product_cat-diesel-zubehoer","8":"first","9":"instock","10":"taxable","11":"shipping-taxable","12":"purchasable","13":"product-type-simple"},"_links":{"self":[{"href":"https:\/\/testshop.igel.wovodo.de\/ru\/wp-json\/wp\/v2\/product\/30886","targetHints":{"allow":["GET"]}}],"collection":[{"href":"https:\/\/testshop.igel.wovodo.de\/ru\/wp-json\/wp\/v2\/product"}],"about":[{"href":"https:\/\/testshop.igel.wovodo.de\/ru\/wp-json\/wp\/v2\/types\/product"}],"replies":[{"embeddable":true,"href":"https:\/\/testshop.igel.wovodo.de\/ru\/wp-json\/wp\/v2\/comments?post=30886"}],"version-history":[{"count":1,"href":"https:\/\/testshop.igel.wovodo.de\/ru\/wp-json\/wp\/v2\/product\/30886\/revisions"}],"predecessor-version":[{"id":35490,"href":"https:\/\/testshop.igel.wovodo.de\/ru\/wp-json\/wp\/v2\/product\/30886\/revisions\/35490"}],"wp:featuredmedia":[{"embeddable":true,"href":"https:\/\/testshop.igel.wovodo.de\/ru\/wp-json\/wp\/v2\/media\/34240"}],"wp:attachment":[{"href":"https:\/\/testshop.igel.wovodo.de\/ru\/wp-json\/wp\/v2\/media?parent=30886"}],"wp:term":[{"taxonomy":"product_brand","embeddable":true,"href":"https:\/\/testshop.igel.wovodo.de\/ru\/wp-json\/wp\/v2\/product_brand?post=30886"},{"taxonomy":"product_cat","embeddable":true,"href":"https:\/\/testshop.igel.wovodo.de\/ru\/wp-json\/wp\/v2\/product_cat?post=30886"},{"taxonomy":"product_tag","embeddable":true,"href":"https:\/\/testshop.igel.wovodo.de\/ru\/wp-json\/wp\/v2\/product_tag?post=30886"}],"curies":[{"name":"wp","href":"https:\/\/api.w.org\/{rel}","templated":true}]}}