{"id":36279,"date":"2024-12-03T18:09:05","date_gmt":"2024-12-03T17:09:05","guid":{"rendered":"https:\/\/testshop.igel.wovodo.de\/product\/b-ware-heissluft-multifritteuse-multibackofen-suppenautomat-reiskocher-grill-eco-air-profi-soup-dc-1400w-schwarz\/"},"modified":"2025-01-27T12:28:55","modified_gmt":"2025-01-27T11:28:55","slug":"b-ware-heissluft-multifritteuse-multibackofen-suppenautomat-reiskocher-grill-eco-air-profi-soup-dc-1400w-schwarz","status":"publish","type":"product","link":"https:\/\/testshop.igel.wovodo.de\/ru\/product\/b-ware-heissluft-multifritteuse-multibackofen-suppenautomat-reiskocher-grill-eco-air-profi-soup-dc-1400w-schwarz\/","title":{"rendered":"B-Ware Hei\u00dfluft-Multifritteuse, Multibackofen &amp; Suppenautomat &amp; Reiskocher &amp; Grill ECO AIR-PROFI SOUP DC-1400W, schwarz"},"content":{"rendered":"<div class=\"sale_application\">\n<p>Die entscheidenden Vorteile der Hei\u00dfluft-Multifritteuse ECO AIR-PROFI SOUP DC-1400W gegen\u00fcber herk\u00f6mmlichen Fritteusen sind:<\/p>\n<ul>\n<li>Kein unangehmer Fett-Geruch<\/li>\n<li>Kein Fett-Film auf Gegenst\u00e4nden in der K\u00fcche<\/li>\n<li>Keine l\u00e4stige Alt-\u00d6l-Entsorgung<\/li>\n<li>Einfache und schnelle Ger\u00e4tereinigung<\/li>\n<li>Doppelt so schnelle Zubereitung<\/li>\n<li>Fettreduzierter Genuss<\/li>\n<\/ul><\/div>\n<div class=\"sale_description\"> <font color=\"FF0000\"><b>B-Ware:<\/b><\/p>\n<ul>\n<li>leichte optische Fehler (z.B. kleine Kratzer etc.)<\/li>\n<li>voll funktionsf\u00e4higes Produkt<\/li>\n<li>reduzierte gesetzliche Gew\u00e4hrleistung auf max. 1 Jahr<\/li>\n<\/ul>\n<p><\/font><\/p>\n<p>Das <span style=\"color:FF0000;font-weight:bold\"><font color=\"FF0000\">14-in-1-Allround-K\u00fcchenger\u00e4t<\/font><\/span> f\u00fcr einen gesunden Life-Style: Der <b>ECO AIR-PROFI SOUP DC-1400W<\/b> ist Hei\u00dfluft-Multifritteuse, Hei\u00dfluft-Multi-Backofen, Suppenautomat, Reiskocher &amp; Hei\u00dfluft-Grill in einem. Die Hei\u00dfluft-Multifritteuse erlaubt die gesunde, fettarme und energiesparende Zubereitung vielf\u00e4ltiger Gerichte in k\u00fcrzester Zeit! Sie ist ideal, um Pommes frites, Gem\u00fcse, Fingerfood oder Champignons zu <b>frittieren<\/b>, Steak, Fisch oder Maiskolben zu <b>grillen<\/b>, Braten zu <b>schmoren<\/b>, <b>Suppen zuzubereiten<\/b>, <b>Reis zu kochen<\/b>, H\u00e4hnchenschlegel zu <b>braten<\/b>, und sogar, um Kuchen, Geb\u00e4ck oder Brot zu <b>backen<\/b>. Der ECO AIR-PROFI SOUP DC-1400W mit Touch-Bedienfeld zeichnet sich durch den automatischen R\u00fchrarm und den automatischen Dampfabzug aus (f\u00fcr knusprige Ergebnisse!). Das Multi-Talent punktet au\u00dferdem mit voreingestellten Programmen und den nahezu unbegrenzten Zubereitungsm\u00f6glichkeiten, welche die stromsparende Hei\u00dfluft-Multifritteuse ECO AIR-PROFI SOUP DC-1400W bietet: alles gelingt ohne anzubrennen und ohne den Fettdunst herk\u00f6mmlicher Fritteusen. Vor allem aber erlaubt die Zubereitung mit der Fritteuse ohne Fett gesundheitsbewussten, fettreduzierten Genuss! Mit der Hei\u00dfluft-Multifritteuse ECO AIR-PROFI SOUP DC-1400W k\u00f6nnen Sie leckere, gesunde Suppen mit frischen Zutaten zubereiten. Das Allround-K\u00fcchenger\u00e4t ersetzt auch den professionellen Reiskocher. Ob als Beilage oder Hauptgericht, ob gro\u00dfe oder kleine Mengen: Kein Anbrennen, kein Kleben, kein R\u00fchren &#8211; ECO AIR-PROFI SOUP DC-1400W erm\u00f6glicht unbeaufsichtigtes Reiskochen, w\u00e4hrend Sie sich wichtigeren Dingen zuwenden k\u00f6nnen.<\/p>\n<p>\u0421\u0430\u0439\u0442 <b>Hei\u00dfluft-Multifritteuse ECO AIR-PROFI SOUP DC-1400W <\/b>ist in jeder Hinsicht ein Plus f\u00fcr Ihre Gesundheit! Die gleichm\u00e4\u00dfige, schonende Hei\u00dfluft-Erhitzung und die schnellen Zubereitungszeiten haben entscheidende Vorteile: W\u00e4hrend der \u00d6l-Erhitzung in herk\u00f6mmlichen Fritteusen entsteht krebserregendes Acrylamid &#8211; bei der Hei\u00dfluftfritteuse ECO AIR-PROFI SOUP DC-1400W jedoch nicht.<\/p>\n<p>\u0421\u0430\u0439\u0442 <b>Energie-Ersparnis <\/b>des ECO AIR-PROFI SOUP DC-1400W betr\u00e4gt 30% im Vergleich zu einer herk\u00f6mmlichen Hei\u00dfluft-Fritteuse. Die Hei\u00dfluft-Fritteuse ECO AIR-PROFI SOUP DC-1400W besitzt ein modernes Heizelement und einen Ventilator, der die hei\u00dfe Luft schnell und effektiv gem\u00e4\u00df der eingestellten Temperatur oder des eingestellten Programms um das Speisegut rotieren l\u00e4sst. So wird die W\u00e4rme effizient \u00fcbertragen und die Speisen werden sehr schnell gar. Vitamine, N\u00e4hrstoffe, nat\u00fcrliche Aromen und Farben der Speisen weitestgehend erhalten und damit der nat\u00fcrliche Geschmack der Speisen.<\/p>\n<p>\u0421\u0430\u0439\u0442 <b>Anti-Rutsch-F\u00fc\u00dfe<\/b> des ECO AIR-PROFI SOUP DC-1400W sorgen f\u00fcr Standsicherheit, die Cool-Touch-Technologie f\u00fcr eine ungef\u00e4hrliche Temperatur des Geh\u00e4uses und au\u00dferdem entstehen keine Gefahren durch hei\u00dfes \u00d6l. Gut f\u00fcr die Kinder! Mit exklusiver Digitalanzeige und einem einfach zu bedienenden Touch-Bedienfeld, verf\u00fcgt die ECO AIR-PROFI SOUP DC-1400W Hei\u00dfluftfritteuse \u00fcber eine pr\u00e4zise Temperaturregelung von 80 &#8211; 200\u00b0C, einer digitalen 30-Min-Zeitschaltuhr mit automatischer Abschaltfunktion sowie \u00fcber komfortable, voreingestellte Men\u00fc-Programme beliebter Gerichte. Die Ober- und Unterhitze wird automatisch in Abh\u00e4ngigkeit von dem gew\u00e4hlten Kochprogramm ein- und ausgeschaltet. So wird eine besonders gleichm\u00e4\u00dfige und schonende Zubereitung erreicht. Dank des anti-haft-teflon-beschichteten, herausnehmbaren Zubeh\u00f6rs (Frittierkorb und Frittierbeh\u00e4lter) ist auch die Reinigung ein Kinderspiel.<\/p>\n<\/div>\n<h3>\u041c\u043d\u043e\u0433\u043e \u0432\u0435\u0441\u043a\u0438\u0445 \u043f\u0440\u0438\u0447\u0438\u043d, \u043f\u043e \u043a\u043e\u0442\u043e\u0440\u044b\u043c \u0432\u044b \u0434\u043e\u043b\u0436\u043d\u044b \u043a\u0443\u043f\u0438\u0442\u044c \u044d\u0442\u043e\u0442 \u043f\u0440\u043e\u0434\u0443\u043a\u0442:<\/h3>\n<div class=\"sale_motive\">\n<ul>\n<li>K\u00f6stliches, vielseitiges und gesundes Essen fast ohne Fett oder \u00d6l: <b>14-Funktionen-Allround-K\u00fcchenger\u00e4t f\u00fcr eine gesunde Ern\u00e4hrung<\/b><\/li>\n<li>Leckere Gerichte in k\u00fcrzester Zeit zubereitet  &#8211; dank <b>UMLUFT sowie OBER- und UNTERHITZE<\/b> absolut GLEICHM\u00c4SSIG &amp; besonders SCHONEND. Erh\u00e4lt die N\u00e4hrstoffe, die Vitamine und den nat\u00fcrlichen Geschmack der Speisen!<\/li>\n<li>Mit <b>TOUCH-Bedienfeld<\/b>, <b>DIGITAL-<\/b> \u0438 <b>LED-Anzeige<\/b>, <b>Zeitvorwahl<\/b> (bis zu 10 Stunden!), <b>pr\u00e4ziser Zeit- und Temperatur-Wahl<\/b> (0-30 Min.\/ 80\u00b0 &#8211; 200\u00b0) und <b>voreingestellten Men\u00fc-Programmen<\/b>, bei denen UMLUFT, OBERHITZE &amp; UNTERHITZE optimal und automatisch hinzugeschaltet werden!<\/li>\n<li><b>Automatische R\u00dcHR-FUNKTION<\/b>! <b>Automatischer DAMPF-ABZUG<\/b> (f\u00fcr knusprige Ergebnisse)!<\/li>\n<li><b>W\u00e4rme-isolierendes IR-SCHUTZ-GLAS<\/b> bewahrt vor Hitzeverlusten, COOL-TOUCH-Geh\u00e4use und Anti-Rutsch-F\u00fc\u00dfe sorgen f\u00fcr Sicherheit!<\/li>\n<li>Frittiereinsatz mit <b>5,8 Liter<\/b> Fassungsverm\u00f6gen!<\/li>\n<li><b>SPART ENERGIE<\/b> durch kurze Zubereitungszeiten und nahezu entfallende Vorheiz-Zeit &#8211; bis zu <b>30% Stromersparnis<\/b> gegen\u00fcber herk\u00f6mmlichen Hei\u00dfluftfritteusen!<\/li>\n<li><b>Sp\u00fclmaschinenfestes, anti-haft-teflon-beschichtetes Zubeh\u00f6r<\/b> f\u00fcr die einfache, m\u00fchelose Reinigung<\/li>\n<\/ul>\n<\/div>","protected":false},"excerpt":{"rendered":"<p>Die entscheidenden Vorteile der Hei\u00dfluft-Multifritteuse ECO AIR-PROFI SOUP DC-1400W gegen\u00fcber herk\u00f6mmlichen Fritteusen sind: Kein unangehmer Fett-Geruch Kein Fett-Film auf Gegenst\u00e4nden<\/p>","protected":false},"featured_media":32554,"comment_status":"open","ping_status":"closed","template":"","meta":[],"product_brand":[],"product_cat":[381],"product_tag":[],"class_list":{"0":"post-36279","1":"product","2":"type-product","3":"status-publish","4":"has-post-thumbnail","6":"product_cat-b-ware-haushaltsgeraete","8":"first","9":"instock","10":"sale","11":"taxable","12":"shipping-taxable","13":"purchasable","14":"product-type-simple"},"_links":{"self":[{"href":"https:\/\/testshop.igel.wovodo.de\/ru\/wp-json\/wp\/v2\/product\/36279","targetHints":{"allow":["GET"]}}],"collection":[{"href":"https:\/\/testshop.igel.wovodo.de\/ru\/wp-json\/wp\/v2\/product"}],"about":[{"href":"https:\/\/testshop.igel.wovodo.de\/ru\/wp-json\/wp\/v2\/types\/product"}],"replies":[{"embeddable":true,"href":"https:\/\/testshop.igel.wovodo.de\/ru\/wp-json\/wp\/v2\/comments?post=36279"}],"version-history":[{"count":1,"href":"https:\/\/testshop.igel.wovodo.de\/ru\/wp-json\/wp\/v2\/product\/36279\/revisions"}],"predecessor-version":[{"id":38988,"href":"https:\/\/testshop.igel.wovodo.de\/ru\/wp-json\/wp\/v2\/product\/36279\/revisions\/38988"}],"wp:featuredmedia":[{"embeddable":true,"href":"https:\/\/testshop.igel.wovodo.de\/ru\/wp-json\/wp\/v2\/media\/32554"}],"wp:attachment":[{"href":"https:\/\/testshop.igel.wovodo.de\/ru\/wp-json\/wp\/v2\/media?parent=36279"}],"wp:term":[{"taxonomy":"product_brand","embeddable":true,"href":"https:\/\/testshop.igel.wovodo.de\/ru\/wp-json\/wp\/v2\/product_brand?post=36279"},{"taxonomy":"product_cat","embeddable":true,"href":"https:\/\/testshop.igel.wovodo.de\/ru\/wp-json\/wp\/v2\/product_cat?post=36279"},{"taxonomy":"product_tag","embeddable":true,"href":"https:\/\/testshop.igel.wovodo.de\/ru\/wp-json\/wp\/v2\/product_tag?post=36279"}],"curies":[{"name":"wp","href":"https:\/\/api.w.org\/{rel}","templated":true}]}}