{"id":36286,"date":"2024-12-03T18:09:10","date_gmt":"2024-12-03T17:09:10","guid":{"rendered":"https:\/\/testshop.igel.wovodo.de\/product\/pumpenmodell-jr-250lv-mit-anschluss-fuer-4-licht-12v-50hz\/"},"modified":"2025-01-27T12:29:01","modified_gmt":"2025-01-27T11:29:01","slug":"pumpenmodell-jr-250lv-mit-anschluss-fuer-4-licht-12v-50hz","status":"publish","type":"product","link":"https:\/\/testshop.igel.wovodo.de\/ru\/product\/pumpenmodell-jr-250lv-mit-anschluss-fuer-4-licht-12v-50hz\/","title":{"rendered":"Pumpenmodell &#8211; JR-250LV mit Anschluss f\u00fcr 4 Licht \/ 12V 50HZ"},"content":{"rendered":"<div class=\"sale_description\">\n<p>Diese 12V-Tauchpumpe ist geeignet f\u00fcr Springbrunnen, Teiche oder als Ersatzpumpe f\u00fcr den Artikel 230V &#8211; Gartenbrunnen <\/p>\n<ul>\n<li>230V &#8211; Gartenbrunnen BAUMSTUMPF &#038; STEINSCHALEN mit LED-Licht (Art.Nr: <a class=\"headerNavigation\" href=\"https:\/\/www.profi-pumpe.de\/GARTEN-u-ZIMMER-BRUNNEN\/Gartenbrunnen\/230V-Gartenbrunnen-BAUMSTUMPF-STEINSCHALEN-mit-LED-Licht::1466.html\">SB02138-4<\/a>)<\/li>\n<li>230V &#8211; Gartenbrunnen FELS-ZAUBER mit LED-Licht (Art.Nr: <a class=\"headerNavigation\" href=\"https:\/\/www.profi-pumpe.de\/GARTEN-u-ZIMMER-BRUNNEN\/Gartenbrunnen\/230V-Gartenbrunnen-FELS-ZAUBER-mit-LED-Licht::1767.html\">GB02189-4<\/a>)<\/li>\n<li>230V &#8211; Gartenbrunnen K\u00d6NIGS-FELS mit LED-Licht (Art.Nr: <a class=\"headerNavigation\" href=\"https:\/\/www.profi-pumpe.de\/GARTEN-u-ZIMMER-BRUNNEN\/Gartenbrunnen\/230V-Gartenbrunnen-KOeNIGS-FELS-mit-LED-Licht::1770.html\">GB02186-4<\/a>)<\/li>\n<li>230V &#8211; Gartenbrunnen WALDZWERG mit LED Licht (Art.Nr: <a class=\"headerNavigation\" href=\"https:\/\/www.profi-pumpe.de\/GARTEN-u-ZIMMER-BRUNNEN\/Gartenbrunnen\/230V-Gartenbrunnen-WALDZWERG-mit-LED-Licht::1924.html\">GB02199-4<\/a>)<\/li>\n<\/ul>\n<p>Die maximale F\u00f6rdermenge betr\u00e4gt 250 Liter pro Stunde, die maximale F\u00f6rderh\u00f6he 0,65 Meter.<\/p>\n<\/div>\n<h3>\u041c\u043d\u043e\u0433\u043e \u0432\u0435\u0441\u043a\u0438\u0445 \u043f\u0440\u0438\u0447\u0438\u043d, \u043f\u043e \u043a\u043e\u0442\u043e\u0440\u044b\u043c \u0432\u044b \u0434\u043e\u043b\u0436\u043d\u044b \u043a\u0443\u043f\u0438\u0442\u044c \u044d\u0442\u043e\u0442 \u043f\u0440\u043e\u0434\u0443\u043a\u0442:<\/h3>\n<div class=\"sale_motive\">\n<ul>\n<li>12-Volt Tauchpumpe mit Kabel 5m<\/li>\n<li>F\u00f6rdermenge max. 250L\/Std<\/li>\n<li>F\u00f6rderh\u00f6he max. 0,65m<\/li>\n<\/ul>\n<\/div>","protected":false},"excerpt":{"rendered":"<p>Tauchpumpe f\u00fcr Springbrunnen oder Teich und als Ersatzpumpe\n  <\/p>\n<p>F\u00f6rdermenge 250L\/Std.<\/p><\/p>","protected":false},"featured_media":32758,"comment_status":"open","ping_status":"closed","template":"","meta":[],"product_brand":[],"product_cat":[255,349],"product_tag":[],"class_list":{"0":"post-36286","1":"product","2":"type-product","3":"status-publish","4":"has-post-thumbnail","6":"product_cat-zubehoer","7":"product_cat-ersatzteile-gartenbrunnen","9":"first","10":"instock","11":"taxable","12":"shipping-taxable","13":"purchasable","14":"product-type-simple"},"_links":{"self":[{"href":"https:\/\/testshop.igel.wovodo.de\/ru\/wp-json\/wp\/v2\/product\/36286","targetHints":{"allow":["GET"]}}],"collection":[{"href":"https:\/\/testshop.igel.wovodo.de\/ru\/wp-json\/wp\/v2\/product"}],"about":[{"href":"https:\/\/testshop.igel.wovodo.de\/ru\/wp-json\/wp\/v2\/types\/product"}],"replies":[{"embeddable":true,"href":"https:\/\/testshop.igel.wovodo.de\/ru\/wp-json\/wp\/v2\/comments?post=36286"}],"version-history":[{"count":1,"href":"https:\/\/testshop.igel.wovodo.de\/ru\/wp-json\/wp\/v2\/product\/36286\/revisions"}],"predecessor-version":[{"id":36784,"href":"https:\/\/testshop.igel.wovodo.de\/ru\/wp-json\/wp\/v2\/product\/36286\/revisions\/36784"}],"wp:featuredmedia":[{"embeddable":true,"href":"https:\/\/testshop.igel.wovodo.de\/ru\/wp-json\/wp\/v2\/media\/32758"}],"wp:attachment":[{"href":"https:\/\/testshop.igel.wovodo.de\/ru\/wp-json\/wp\/v2\/media?parent=36286"}],"wp:term":[{"taxonomy":"product_brand","embeddable":true,"href":"https:\/\/testshop.igel.wovodo.de\/ru\/wp-json\/wp\/v2\/product_brand?post=36286"},{"taxonomy":"product_cat","embeddable":true,"href":"https:\/\/testshop.igel.wovodo.de\/ru\/wp-json\/wp\/v2\/product_cat?post=36286"},{"taxonomy":"product_tag","embeddable":true,"href":"https:\/\/testshop.igel.wovodo.de\/ru\/wp-json\/wp\/v2\/product_tag?post=36286"}],"curies":[{"name":"wp","href":"https:\/\/api.w.org\/{rel}","templated":true}]}}