{"id":36532,"date":"2024-12-03T18:12:46","date_gmt":"2024-12-03T17:12:46","guid":{"rendered":"https:\/\/testshop.igel.wovodo.de\/product\/3x-ersatz-2-schicht-filter-ohne-aktivkohle\/"},"modified":"2025-01-27T12:30:38","modified_gmt":"2025-01-27T11:30:38","slug":"3x-ersatz-2-schicht-filter-ohne-aktivkohle","status":"publish","type":"product","link":"https:\/\/testshop.igel.wovodo.de\/ru\/product\/3x-ersatz-2-schicht-filter-ohne-aktivkohle\/","title":{"rendered":"3x Ersatz 2-Schicht-Filter ohne Aktivkohle"},"content":{"rendered":"<div class=\"sale_application\">\n<ul>\n<li>3x Ersatz 2-Schicht-Filter \/ Austausch-Filter ohne Aktivkohle<\/li>\n<\/ul>\n<\/div>\n<div class=\"sale_description\">\n<p>Der 2-Schicht-Filter absorbiert den Nebel und die Partikel, die w\u00e4hrend des Spr\u00fchprozesses entstehen.<br \/>\nDer Spr\u00fchnebel wird angesaugt und \u00fcber den Filter gereinigt und die Abluft ins Freie abgef\u00fchrt. Nicht einsetzbar f\u00fcr das Absaugen von gef\u00e4hrlichen, explosiven oder entflammbaren Substanzen.\n<\/p>\n<p>\nDer 2-Phasen-Filter von Profi-AirBrush f\u00fcr die Absauganlage HOBBY 2 und 3 hat viele wertvolle Vorteile.<\/p>\n<p>\nDurch das hervorragende Filtern von Staub und Farbe aus der Luft, minimiert der Filter das potenzielle Gesundheitsrisiko durch das Einatmen von D\u00e4mpfen, Farbnebel und somit daraus resultierende Benommenheit oder auch Kopfschmerzen.<br \/>\nDar\u00fcber hinaus verhindert der Filter unsch\u00f6ne Verschmutzungen des Kunstwerks sowie der Arbeitsumgebung und sorgt so f\u00fcr eine bessere Luftqualit\u00e4t und ein angenehmeres Arbeitsklima.\n<\/p>\n<\/div>\n<h3>\u041c\u043d\u043e\u0433\u043e \u0432\u0435\u0441\u043a\u0438\u0445 \u043f\u0440\u0438\u0447\u0438\u043d, \u043f\u043e \u043a\u043e\u0442\u043e\u0440\u044b\u043c \u0432\u044b \u0434\u043e\u043b\u0436\u043d\u044b \u043a\u0443\u043f\u0438\u0442\u044c \u044d\u0442\u043e\u0442 \u043f\u0440\u043e\u0434\u0443\u043a\u0442:<\/h3>\n<div class=\"sale_motive\"> <b>3x Ersatz 2-Schicht-Filter ohne Aktivkohle f\u00fcr Airbrush Absauganlage HOBBY 2 und 3<\/b><\/p>\n<ul>\n<li>Filtern von Staub und Farbe aus der Luft<\/li>\n<li>minimiert das potenzielle Gesundheitsrisiko durch das Einatmen von D\u00e4mpfen<\/li>\n<li>verhindert unsch\u00f6ne Verschmutzungen des Kunstwerks sowie der Arbeitsumgebung<\/li>\n<\/ul>\n<\/div>","protected":false},"excerpt":{"rendered":"<p>3x Ersatz 2-Schicht-Filter ohne Aktivkohle f\u00fcr Airbrush Absauganlage HOBBY 2 und 3<\/p>","protected":false},"featured_media":36531,"comment_status":"open","ping_status":"closed","template":"","meta":[],"product_brand":[],"product_cat":[257,328,473,196,212,256,258],"product_tag":[],"class_list":{"0":"post-36532","1":"product","2":"type-product","3":"status-publish","4":"has-post-thumbnail","6":"product_cat-zubehoer-profi-airbrush","7":"product_cat-sets","8":"product_cat-kunstzeichnen-set","9":"product_cat-modellbau","10":"product_cat-airbrush-cosplay-set","11":"product_cat-zubehoer-airbrush","12":"product_cat-ersatzteile-zubehoer-profi-airbrush","14":"first","15":"instock","16":"taxable","17":"shipping-taxable","18":"purchasable","19":"product-type-simple"},"_links":{"self":[{"href":"https:\/\/testshop.igel.wovodo.de\/ru\/wp-json\/wp\/v2\/product\/36532","targetHints":{"allow":["GET"]}}],"collection":[{"href":"https:\/\/testshop.igel.wovodo.de\/ru\/wp-json\/wp\/v2\/product"}],"about":[{"href":"https:\/\/testshop.igel.wovodo.de\/ru\/wp-json\/wp\/v2\/types\/product"}],"replies":[{"embeddable":true,"href":"https:\/\/testshop.igel.wovodo.de\/ru\/wp-json\/wp\/v2\/comments?post=36532"}],"version-history":[{"count":0,"href":"https:\/\/testshop.igel.wovodo.de\/ru\/wp-json\/wp\/v2\/product\/36532\/revisions"}],"wp:featuredmedia":[{"embeddable":true,"href":"https:\/\/testshop.igel.wovodo.de\/ru\/wp-json\/wp\/v2\/media\/36531"}],"wp:attachment":[{"href":"https:\/\/testshop.igel.wovodo.de\/ru\/wp-json\/wp\/v2\/media?parent=36532"}],"wp:term":[{"taxonomy":"product_brand","embeddable":true,"href":"https:\/\/testshop.igel.wovodo.de\/ru\/wp-json\/wp\/v2\/product_brand?post=36532"},{"taxonomy":"product_cat","embeddable":true,"href":"https:\/\/testshop.igel.wovodo.de\/ru\/wp-json\/wp\/v2\/product_cat?post=36532"},{"taxonomy":"product_tag","embeddable":true,"href":"https:\/\/testshop.igel.wovodo.de\/ru\/wp-json\/wp\/v2\/product_tag?post=36532"}],"curies":[{"name":"wp","href":"https:\/\/api.w.org\/{rel}","templated":true}]}}