{"id":36539,"date":"2024-12-03T18:12:55","date_gmt":"2024-12-03T17:12:55","guid":{"rendered":"https:\/\/testshop.igel.wovodo.de\/product\/b-ware-digitale-heissluft-multifritteuse-eco-air-profi-dc-1400w-schwarz\/"},"modified":"2025-01-27T12:30:56","modified_gmt":"2025-01-27T11:30:56","slug":"b-ware-digitale-heissluft-multifritteuse-eco-air-profi-dc-1400w-schwarz","status":"publish","type":"product","link":"https:\/\/testshop.igel.wovodo.de\/ru\/product\/b-ware-digitale-heissluft-multifritteuse-eco-air-profi-dc-1400w-schwarz\/","title":{"rendered":"B-Ware Digitale Hei\u00dfluft-Multifritteuse ECO AIR-PROFI DC-1400W, schwarz"},"content":{"rendered":"<div class=\"sale_application\">\n<p>Die entscheidenden Vorteile der Hei\u00dfluft-Multifritteuse ECO AIR-PROFI DC-1400W gegen\u00fcber herk\u00f6mmlichen Fritteusen sind:<\/p>\n<ul>\n<li>Kein unangehmer Fett-Geruch\n<\/li>\n<li>Kein Fett-Film auf Gegenst\u00e4nden in der K\u00fcche\n<\/li>\n<li>Keine l\u00e4stige Alt-\u00d6l-Entsorgung\n<\/li>\n<li>Einfache und schnelle Ger\u00e4tereinigung\n<\/li>\n<li>Doppelt so schnelle Zubereitung\n<\/li>\n<li>Fettreduzierter Genuss\n<\/li>\n<li>Frittieren ohne Fett und \u00d6l<\/li>\n<\/ul><\/div>\n<div class=\"sale_description\"> <font color=\"FF0000\"><b>B-Ware:<\/b><\/p>\n<ul>\n<li>leichte optische Fehler (z.B. kleine Kratzer etc.)<\/li>\n<li>voll funktionsf\u00e4higes Produkt<\/li>\n<li>reduzierte gesetzliche Gew\u00e4hrleistung auf max. 1 Jahr<\/li>\n<\/ul>\n<p><\/font><\/p>\n<p><\/p>\n<p>Die Hei\u00dfluft-Fritteuse ECO AIR-PROFI DC-1400W zeichnet sich durch die <b>Digital-Anzeige<\/b>, das <b>Touch-Bedienfeld, voreingestellte Programme und vielf\u00e4ltige Zubereitungsm\u00f6glichkeiten ohne Fett und \u00d6l<\/b> aus. Sie k\u00f6nnen in diesem trendigen 9-in-1-K\u00fcchenger\u00e4t in kurzer Zeit k\u00f6stliches, gesundes fettreduziertes Essen zubereiten: Von knupsrigen Pommes frites \u00fcber knackiges Gem\u00fcse bis hin zu saftigem Fleisch, von unkompliziertem Fingerfood bis hin zu Men\u00fcs, die normalerweise Aufwand und Zeit erfordern. Die Zubereitung mit der trendigen Digital-Hei\u00dfluft-Fritteuse steht f\u00fcr M\u00fchelosigkeit, Geschmack &amp; Gesundheit!<\/p>\n<p>Dank der <b>digitalen Zeit- und Temperatur-Wahl <\/b>lassen sich Einstellungen ganz nach Ihren W\u00fcnschen vornehmen \u2013 bis 60 Minuten und von 50\u00b0-200\u00b0. Bei den <b>voreingestellten Men\u00fc-Programmen<\/b> haben Sie die Wahl zwischen Gefl\u00fcgel, Schinken, Pommes frites, Steak, Geb\u00e4ck, Shrimps und Fisch. Die Hei\u00dfluft-Multifritteuse ECO AIR-PROFI DC-1400W ist auch ideal, um Tiefk\u00fchlkost in einem einzigen Arbeitsschritt aufzutauen und zuzubereiten, oder um Gerichte aufzuw\u00e4rmen. Geheim-Tipp: Br\u00f6tchen vom Vortag duften und schmecken wie frisch gebacken!<\/p>\n<p>Durch die innovative<b> Rapid-Air-Technologie<\/b> halbiert sich die Zubereitungszeit der 1400-Watt starken Hei\u00dfluft-Multifritteuse im Vergleich zu einer herk\u00f6mmlichen Fritteuse. Erstens, weil das <b>Vorheizen entf\u00e4llt<\/b>, zweitens, weil Luft viel schneller erhitzt wird als Fl\u00fcssigkeit. Die Hei\u00dfluft-Fritteuse ECO AIR-PROFI DC-1400W besitzt ein modernes Heizelement und einen Ventilator, der die hei\u00dfe Luft schnell und effektiv gem\u00e4\u00df der eingestellten Temperatur oder des eingestellten Programms um das Speisegut rotieren l\u00e4sst. So wird die W\u00e4rme effizient \u00fcbertragen und die Speisen werden sehr schnell gar. Vitamine, N\u00e4hrstoffe, nat\u00fcrliche Aromen und Farben der Speisen weitestgehend erhalten und damit der nat\u00fcrliche Geschmack.<\/p>\n<p>Mit dem 2,5 L gro\u00dfen Frittierkorb lassen sich <b>gr\u00f6\u00dfere Portionen<\/b> zubereiten, aber durch die entfallende Vorzeizzeit lohnt sich das trendige K\u00fcchenger\u00e4t auch f\u00fcr <b>Single-Portionen<\/b>. Mit den kompakten Ma\u00dfen passt diese Hei\u00dfluft-Multifritteuse in jede Nische &#8211; ideal f\u00fcr kleine und gro\u00dfe Haushalte und ideal f\u00fcr jedes B\u00fcro!<\/p>\n<p>Die Hei\u00dfluft-Multifritteuse ECO AIR-PROFI DC-1400W ist in jeder Hinsicht ein <b>Plus f\u00fcr Ihre Gesundheit<\/b>! Die gleichm\u00e4\u00dfige, schonende Hei\u00dfluft-Erhitzung und die schnellen Zubereitungszeiten haben Vorteile: W\u00e4hrend der \u00d6l-Erhitzung in herk\u00f6mmlichen Fritteuse entsteht krebserregendes Acrylamid &#8211; bei der Hei\u00dfluftfritteuse ECO AIR-PROFI DC-1400W jedoch nicht.<\/p>\n<p>Der ECO AIR-PROFI DC-1400W ist standsicher und die Gefahren durch hei\u00dfes \u00d6l sind nicht vorhanden. Gut f\u00fcr die Kinder! Dank des beschichteten, herausnehmbaren Zubeh\u00f6rs (Frittierkorb und Frittierbeh\u00e4lter) ist die Reinigung ein Kinderspiel.<\/p>\n<\/div>\n<h3>\u041c\u043d\u043e\u0433\u043e \u0432\u0435\u0441\u043a\u0438\u0445 \u043f\u0440\u0438\u0447\u0438\u043d, \u043f\u043e \u043a\u043e\u0442\u043e\u0440\u044b\u043c \u0432\u044b \u0434\u043e\u043b\u0436\u043d\u044b \u043a\u0443\u043f\u0438\u0442\u044c \u044d\u0442\u043e\u0442 \u043f\u0440\u043e\u0434\u0443\u043a\u0442:<\/h3>\n<div class=\"sale_motive\">\n<ul>\n<li>K\u00f6stliches, gesundes Essen &#8211; fast ganz ohne \u00d6l und Fett!<\/li>\n<li>Hei\u00dfluft-Multi-Fritteuse 9 in 1<\/li>\n<li>Mit Digital-Anzeige und Touch-Bedienfeld<\/li>\n<li>Pr\u00e4zise, digitale Zeit- und Temperaturwahl (0 \u2013 60 Min.\/ 50\u00b0-200\u00b0)<\/li>\n<li>Voreingestellte Men\u00fc-Programme<\/li>\n<li>Rapid-Air-Technologie<\/li>\n<li>Kompakte Ger\u00e4te-Ma\u00dfe, 2,5-Liter gro\u00dfer Frittierkorb, Edelstahl in w\u00e4rmeged\u00e4mmtem Kunststoff <\/li>\n<li>Mit Sicherheitsschalter und automatischer Abschaltfunktion<\/li>\n<li>Energiesparsam und effizient (bis zu 50% Stromersparnis)<\/li>\n<li>M\u00fchelose, schnelle Reinigung<\/li>\n<\/ul>\n<\/div>","protected":false},"excerpt":{"rendered":"<p>1400 Watt | digitales Touch-Bedienfeld | pr\u00e4zise Zeit-\/Temperaturregelung per Knopfdruck (60 Min.\/ 50-200\u00b0) | 2,5 L<\/p>","protected":false},"featured_media":36538,"comment_status":"open","ping_status":"closed","template":"","meta":[],"product_brand":[],"product_cat":[381],"product_tag":[],"class_list":{"0":"post-36539","1":"product","2":"type-product","3":"status-publish","4":"has-post-thumbnail","6":"product_cat-b-ware-haushaltsgeraete","8":"first","9":"instock","10":"sale","11":"taxable","12":"shipping-taxable","13":"purchasable","14":"product-type-simple"},"_links":{"self":[{"href":"https:\/\/testshop.igel.wovodo.de\/ru\/wp-json\/wp\/v2\/product\/36539","targetHints":{"allow":["GET"]}}],"collection":[{"href":"https:\/\/testshop.igel.wovodo.de\/ru\/wp-json\/wp\/v2\/product"}],"about":[{"href":"https:\/\/testshop.igel.wovodo.de\/ru\/wp-json\/wp\/v2\/types\/product"}],"replies":[{"embeddable":true,"href":"https:\/\/testshop.igel.wovodo.de\/ru\/wp-json\/wp\/v2\/comments?post=36539"}],"version-history":[{"count":1,"href":"https:\/\/testshop.igel.wovodo.de\/ru\/wp-json\/wp\/v2\/product\/36539\/revisions"}],"predecessor-version":[{"id":39008,"href":"https:\/\/testshop.igel.wovodo.de\/ru\/wp-json\/wp\/v2\/product\/36539\/revisions\/39008"}],"wp:featuredmedia":[{"embeddable":true,"href":"https:\/\/testshop.igel.wovodo.de\/ru\/wp-json\/wp\/v2\/media\/36538"}],"wp:attachment":[{"href":"https:\/\/testshop.igel.wovodo.de\/ru\/wp-json\/wp\/v2\/media?parent=36539"}],"wp:term":[{"taxonomy":"product_brand","embeddable":true,"href":"https:\/\/testshop.igel.wovodo.de\/ru\/wp-json\/wp\/v2\/product_brand?post=36539"},{"taxonomy":"product_cat","embeddable":true,"href":"https:\/\/testshop.igel.wovodo.de\/ru\/wp-json\/wp\/v2\/product_cat?post=36539"},{"taxonomy":"product_tag","embeddable":true,"href":"https:\/\/testshop.igel.wovodo.de\/ru\/wp-json\/wp\/v2\/product_tag?post=36539"}],"curies":[{"name":"wp","href":"https:\/\/api.w.org\/{rel}","templated":true}]}}