{"id":36545,"date":"2024-12-03T18:13:02","date_gmt":"2024-12-03T17:13:02","guid":{"rendered":"https:\/\/testshop.igel.wovodo.de\/product\/solar-panel-mit-akku-9v-2-8-watt\/"},"modified":"2025-01-27T12:30:57","modified_gmt":"2025-01-27T11:30:57","slug":"solar-panel-mit-akku-9v-2-8-watt","status":"publish","type":"product","link":"https:\/\/testshop.igel.wovodo.de\/ru\/product\/solar-panel-mit-akku-9v-2-8-watt\/","title":{"rendered":"Solar Panel mit Akku 9V 2.8 Watt"},"content":{"rendered":"<div class=\"sale_application\">\n<p>Diese Solar Panel passt zu folgenden Solar-Brunnen Model:\n  <\/p>\n<ul>\n<li>Solarbrunnen KELCH-KASKADE mit LED-Licht (Art.Nr: <a class=\"headerNavigation\" href=\"https:\/\/www.profi-pumpe.de\/GARTEN-u-ZIMMER-BRUNNEN\/Brunnen-mit-Solar-Betrieb\/Solarbrunnen-KELCH-KASKADE-mit-LED-Licht::1775.html\">GB02171-4<\/a>)<\/li>\n<li>Solar Gartenbrunnen 4-AMPHOREN mit LED-Licht und Akku (Art.Nr: <a class=\"headerNavigation\" href=\"https:\/\/www.profi-pumpe.de\/GARTEN-u-ZIMMER-BRUNNEN\/Brunnen-mit-Solar-Betrieb\/Solar-Gartenbrunnen-Wasserspiel-4-AMPHOREN-mit-Li-Ion-Akku::1880.html\">SB02143-S4<\/a>)<\/li>\n<li>Solar Gartenbrunnen 4-TONKR\u00dcGE IM BAUMFELS mit LED-Licht (Art.Nr: <a class=\"headerNavigation\" href=\"https:\/\/www.profi-pumpe.de\/GARTEN-u-ZIMMER-BRUNNEN\/Brunnen-mit-Solar-Betrieb\/Solar-Gartenbrunnen-Wasserspiel-4-TONKRUeGE-IM-BAUMFELS-mit-Li-Ion-Akku::1881.html\">SB02139-S4<\/a>)<\/li>\n<li>Solar Gartenbrunnen BAUMSTUMPF &amp; STEINSCHALEN mit LED-Licht (Art.Nr: <a class=\"headerNavigation\" href=\"https:\/\/www.profi-pumpe.de\/GARTEN-u-ZIMMER-BRUNNEN\/Brunnen-mit-Solar-Betrieb\/Solar-Gartenbrunnen-Wasserspiel-BAUMSTUMPF-STEINSCHALEN-mit-Li-Ion-Akku::1882.html\">SB02138-S4<\/a>)<\/li>\n<li>Solar Gartenbrunnen DURSTIGER FROSCH mit LED-Licht (Art.Nr: <a class=\"headerNavigation\" href=\"https:\/\/www.profi-pumpe.de\/GARTEN-u-ZIMMER-BRUNNEN\/Brunnen-mit-Solar-Betrieb\/Solar-Gartenbrunnen-Wasserspiel-DURSTIGER-FROSCH-mit-Li-Ion-Akku::1884.html\">SB02140-S4<\/a>)<\/li>\n<li>Solar Gartenbrunnen STEIN-KASKADE SCHWARZWALD mit LED-Licht (Art.Nr: <a class=\"headerNavigation\" href=\"https:\/\/www.profi-pumpe.de\/GARTEN-u-ZIMMER-BRUNNEN\/Brunnen-mit-Solar-Betrieb\/Solar-Gartenbrunnen-Wasserspiel-STEIN-KASKADE-SCHWARZWALD-mit-Li-Ion-Akku::1885.html\">SB02142-S4<\/a>)<\/li>\n<li>Solar Gartenbrunnen LEBENS-QUELLE mit LED-Licht (Art.Nr: <a class=\"headerNavigation\" href=\"https:\/\/www.profi-pumpe.de\/GARTEN-u-ZIMMER-BRUNNEN\/Brunnen-mit-Solar-Betrieb\/Solar-Gartenbrunnen-Wasserspiel-LEBENS-QUELLE-mit-Li-Ion-Akku::1907.html\">SB02135-S4<\/a>)<\/li>\n<li>Solar Gartenbrunnen MODERN lichtgrau mit LED-Licht (Art.Nr: <a class=\"headerNavigation\" href=\"https:\/\/www.profi-pumpe.de\/GARTEN-u-ZIMMER-BRUNNEN\/Brunnen-mit-Solar-Betrieb\/Solar-Gartenbrunnen-Wasserspiel-MODERN-lichtgrau-mit-Li-Ion-Akku::1899.htmll\">SB02149-S4<\/a>)<\/li>\n<li>Solar Gartenbrunnen HARMONY mit LED-Licht (Art.Nr: <a class=\"headerNavigation\" href=\"https:\/\/www.profi-pumpe.de\/GARTEN-u-ZIMMER-BRUNNEN\/Brunnen-mit-Solar-Betrieb\/Solar-Gartenbrunnen-Wasserspiel-HARMONY-mit-Li-Ion-Akku::1900.html\">SB02137-S4<\/a>)<\/li>\n<li>Solar Gartenbrunnen BASALT-MODERNA mit LED-Licht (Art.Nr: <a class=\"headerNavigation\" href=\"https:\/\/www.profi-pumpe.de\/GARTEN-u-ZIMMER-BRUNNEN\/Brunnen-mit-Solar-Betrieb\/Solar-Gartenbrunnen-Wasserspiel-BASALT-MODERNA-mit-Li-Ion-Akku::1901.html\">GB02179-S4<\/a>)<\/li>\n<li>Solar Gartenbrunnen FELS-SCHALEN mit LED-Licht (Art.Nr: <a class=\"headerNavigation\" href=\"https:\/\/www.profi-pumpe.de\/GARTEN-u-ZIMMER-BRUNNEN\/Brunnen-mit-Solar-Betrieb\/Solar-Gartenbrunnen-Wasserspiel-FELS-SCHALEN-mit-Li-Ion-Akku::1902.htmll\">GB02177-S4<\/a>)<\/li>\n<li>Solar Gartenbrunnen FENG-SHUI mit LED-Licht (Art.Nr: <a class=\"headerNavigation\" href=\"https:\/\/www.profi-pumpe.de\/GARTEN-u-ZIMMER-BRUNNEN\/Brunnen-mit-Solar-Betrieb\/Solar-Gartenbrunnen-Wasserspiel-FENG-SHUI-mit-Li-Ion-Akku::1888.html\">GB02180-S4<\/a>)<\/li>\n<li>Solar Gartenbrunnen K\u00d6NIGS-FELS mit LED-Licht (Art.Nr: <a class=\"headerNavigation\" href=\"https:\/\/www.profi-pumpe.de\/GARTEN-u-ZIMMER-BRUNNEN\/Brunnen-mit-Solar-Betrieb\/Solar-Gartenbrunnen-Wasserspiel-KOeNIGS-FELS-mit-Li-Ion-Akku::1889.html\">GB02186-S4<\/a>)<\/li>\n<li>Solar Gartenbrunnen WALD-GEFL\u00dcSTER mit LED-Licht (Art.Nr: <a class=\"headerNavigation\" href=\"https:\/\/www.profi-pumpe.de\/GARTEN-u-ZIMMER-BRUNNEN\/Brunnen-mit-Solar-Betrieb\/Solar-Gartenbrunnen-Wasserspiel-WALD-GEFLUeSTER-mit-Li-Ion-Akku::1891.html\">GB02170-S4<\/a>)<\/li>\n<li>Solar Gartenbrunnen WALD-ZAUBER mit LED-Licht und Akku (Art.Nr: <a class=\"headerNavigation\" href=\"https:\/\/www.profi-pumpe.de\/GARTEN-u-ZIMMER-BRUNNEN\/Brunnen-mit-Solar-Betrieb\/Solar-Gartenbrunnen-Wasserspiel-WALD-ZAUBER-mit-Li-Ion-Akku::1892.html\">GB02192-S4<\/a>)<\/li>\n<li>Solar Gartenbrunnen ZHEN KRAFT-QUELLE mit LED-Licht (Art.Nr: <a class=\"headerNavigation\" href=\"https:\/\/www.profi-pumpe.de\/GARTEN-u-ZIMMER-BRUNNEN\/Brunnen-mit-Solar-Betrieb\/Solar-Gartenbrunnen-Wasserspiel-ZHEN-KRAFT-QUELLE-mit-Li-Ion-Akku::1894.html\">GB02181-S4<\/a>)<\/li>\n<\/ul><\/div>\n<div class=\"sale_description\"> <strong>Produkt-Info zum Li-Ion-Akku:<\/strong><\/p>\n<p>Die innovativen Li-Ion-Akkus haben keinen Memory-Effekt. Das ist besonders bei h\u00e4ufigen Auf- und Entladevorg\u00e4ngen wie bei Solarteichpumpen enorm wichtig, um langfristig die <strong>optimale Akku-Kapazit\u00e4t<\/strong> zu erreichen. Die Li-Ion-Akkus sind wesentlich besser bez\u00fcglich Temperaturschwankungen als herk\u00f6mmliche Akkus. Es erwartet Sie ein l\u00e4nger andauerndes und lebendigeres Wasserspiel. Die Funktion des Solar-Brunnens startet bereits bei minimaler Aufladung &#8211; automatisch! Als <strong>Schutz vor Tiefentladung<\/strong> erfolgt eine automatische Abschaltung bei Erreichen des Mindest-Endladezustands.  <b><font color=\"#048610\">Insgesamt haben die Li-Ion-Akkus im Vergleich zu herk\u00f6mmlichen Akkus eine 3 mal l\u00e4ngere Laufzeit und eine bis zu 10-FACHE Lebensdauer beim Betrieb mit Solarteichpumpen!<\/font><\/b><\/p>\n<p><b>Akku im Solarpanel nicht gen\u00fcgend aufgeladen ist, da dieses bei Auslieferung nur bis zu 30% Kapazit\u00e4t hat.<br \/>\nBitte lassen Sie das Solarpanel erst einmal 2 Tage aufladen, bevor Sie es benutzen.<\/b><\/div>","protected":false},"excerpt":{"rendered":"<p>Solarpanel mit Li-Ion Akkus<\/p>","protected":false},"featured_media":37692,"comment_status":"open","ping_status":"closed","template":"","meta":[],"product_brand":[],"product_cat":[350,307,349],"product_tag":[],"class_list":{"0":"post-36545","1":"product","2":"type-product","3":"status-publish","4":"has-post-thumbnail","6":"product_cat-solar-panels","7":"product_cat-zubehoer-brunnen-mit-solar-betrieb","8":"product_cat-ersatzteile-gartenbrunnen","10":"first","11":"instock","12":"taxable","13":"shipping-taxable","14":"purchasable","15":"product-type-simple"},"_links":{"self":[{"href":"https:\/\/testshop.igel.wovodo.de\/ru\/wp-json\/wp\/v2\/product\/36545","targetHints":{"allow":["GET"]}}],"collection":[{"href":"https:\/\/testshop.igel.wovodo.de\/ru\/wp-json\/wp\/v2\/product"}],"about":[{"href":"https:\/\/testshop.igel.wovodo.de\/ru\/wp-json\/wp\/v2\/types\/product"}],"replies":[{"embeddable":true,"href":"https:\/\/testshop.igel.wovodo.de\/ru\/wp-json\/wp\/v2\/comments?post=36545"}],"version-history":[{"count":0,"href":"https:\/\/testshop.igel.wovodo.de\/ru\/wp-json\/wp\/v2\/product\/36545\/revisions"}],"wp:featuredmedia":[{"embeddable":true,"href":"https:\/\/testshop.igel.wovodo.de\/ru\/wp-json\/wp\/v2\/media\/37692"}],"wp:attachment":[{"href":"https:\/\/testshop.igel.wovodo.de\/ru\/wp-json\/wp\/v2\/media?parent=36545"}],"wp:term":[{"taxonomy":"product_brand","embeddable":true,"href":"https:\/\/testshop.igel.wovodo.de\/ru\/wp-json\/wp\/v2\/product_brand?post=36545"},{"taxonomy":"product_cat","embeddable":true,"href":"https:\/\/testshop.igel.wovodo.de\/ru\/wp-json\/wp\/v2\/product_cat?post=36545"},{"taxonomy":"product_tag","embeddable":true,"href":"https:\/\/testshop.igel.wovodo.de\/ru\/wp-json\/wp\/v2\/product_tag?post=36545"}],"curies":[{"name":"wp","href":"https:\/\/api.w.org\/{rel}","templated":true}]}}